{"id":82,"date":"2023-02-23T16:59:56","date_gmt":"2023-02-23T15:59:56","guid":{"rendered":"https:\/\/www.marelago.it\/?page_id=82"},"modified":"2023-07-05T11:46:24","modified_gmt":"2023-07-05T09:46:24","slug":"family-camping-mar-adriatico","status":"publish","type":"page","link":"https:\/\/www.marelago.it\/it\/family-camping-mar-adriatico\/","title":{"rendered":"Vacanze d&#8217;estate con i bambini"},"content":{"rendered":"\n<p>Al Camping Marelago gli ospiti di tutte le et\u00e0 passano una vacanza indimenticabile: il campeggio \u00e8 il luogo ideale soprattutto per i bambini, che qui possono trascorrere<strong> una vacanza sicura e pensata su misura per loro<\/strong>.<br>Lido Altanea di Caorle, dove sorge il nostro Camping, \u00e8 la localit\u00e0 perfetta per i bimbi e le loro famiglie grazie alla sua spiaggia sicura e attrezzata di bagni, docce, spogliatoi, chioschi, zone giochi e animazione per tutte le et\u00e0 e all&#8217;ampio spazio dedicato ai percorsi ciclopedonali.<\/p>\n\n\n\n<p><strong>Una vacanza ad Altanea e al Camping Marelago \u00e8 per le famiglie una vera pausa di benessere<\/strong> perch\u00e9, mentre i bambini si divertono giocando con gli animatori o con i nuovi amici conosciuti in vacanza, i genitori possono rilassarsi e dedicarsi a s\u00e9 stessi.<\/p>\n\n\n\n<h2 class=\"wp-block-heading\">Il campeggio per i bambini<\/h2>\n\n\n\n<p>Il <strong>camping Marelago<\/strong> ha dimensioni contenute e questo lo rende<strong> estremamente vivibile per le famiglie<\/strong> che possono tenere sotto controllo i bambini e allo stesso tempo lasciar loro la libert\u00e0 di muoversi con indipendenza all&#8217;interno del campeggio.<\/p>\n\n\n\n<p>In campeggio gli ospiti grandi e piccoli hanno libero accesso alla <strong>piscina<\/strong>, dove si svolge giornalmente l&#8217;attivit\u00e0 di animazione. All&#8217;interno della piscina c&#8217;\u00e8 inoltre un&#8217;area delimitata con l&#8217;acqua pi\u00f9 bassa, pensata appositamente per i bimbi che qui possono sguazzare e giocare in tutta sicurezza.<\/p>\n\n\n\n<p>Tutti i giorni (escluso il sabato) all&#8217;interno della struttura un&#8217;animatrice \u00e8 a completa disposizione dei nostri giovani ospiti per intrattenerli con il MiniClub in cui si fanno attivit\u00e0 creative, ginnastica e giochi in piscina, danze e balli che continuano anche la sera nel bar del Campeggio<\/p>\n\n\n\n<p><strong>Per il divertimento dei bambini, sono stati pensati un piccolo parco giochi con scivolo ed altalene<\/strong>, all&#8217;interno del camping, e il<strong> Peter Pan Park<\/strong>, che si trova a soli due passi, <strong>fornitissimo di giochi: dalle macchinine elettriche ai tappeti elastici.<\/strong><\/p>\n\n\n\n<p>Non mancano poi i<strong> servizi &#8220;su misura&#8221; per i pi\u00f9 piccoli:<\/strong> nell&#8217;area centrale si trovano il bagno baby, con toilette e lavandini della &#8220;giusta altezza&#8221; e la nursery. Su richiesta alla reception, sono a disposizione gratuitamente culle e spondine per i letti.<\/p>\n\n\n\n<h2 class=\"wp-block-heading\">Assistenza medica<\/h2>\n\n\n\n<p>In caso di necessit\u00e0, i genitori possono contare sull&#8217;<strong>assistenza del pediatra di fiducia del campeggio<\/strong> e del pronto intervento in citt\u00e0.<br>Inoltre sono presenti una parafarmacia presso la Galleria &#8220;La Quercia&#8221; di Lido Altanea, ed una farmacia a Porto S. Margherita, a circa 1 km dal campeggio.<\/p>\n","protected":false},"excerpt":{"rendered":"<p>Al Camping Marelago gli ospiti di tutte le et\u00e0 passano una vacanza indimenticabile: il campeggio \u00e8 il luogo ideale soprattutto per i bambini, che qui possono trascorrere una vacanza sicura e pensata su misura per loro.Lido Altanea di Caorle, dove sorge il nostro Camping, \u00e8 la localit\u00e0 perfetta per i bimbi e le loro famiglie [&hellip;]<\/p>\n","protected":false},"author":1,"featured_media":0,"parent":0,"menu_order":76,"comment_status":"closed","ping_status":"closed","template":"","meta":{"_acf_changed":false,"footnotes":""},"class_list":["post-82","page","type-page","status-publish","hentry"],"acf":[],"yoast_head":"<!-- This site is optimized with the Yoast SEO plugin v26.7 - https:\/\/yoast.com\/wordpress\/plugins\/seo\/ -->\n<title>Campeggi per bambini e per famiglie Caorle - Camping Marelago<\/title>\n<meta name=\"description\" content=\"Marelago \u00e8 la scelta ideale se sei alla ricerca di un campeggio per bambini e per famiglie a Caorle. Visita il sito ufficiale.\" \/>\n<meta name=\"robots\" content=\"index, follow, max-snippet:-1, max-image-preview:large, max-video-preview:-1\" \/>\n<link rel=\"canonical\" href=\"https:\/\/www.marelago.it\/it\/family-camping-mar-adriatico\/\" \/>\n<meta property=\"og:locale\" content=\"it_IT\" \/>\n<meta property=\"og:type\" content=\"article\" \/>\n<meta property=\"og:title\" content=\"Campeggi per bambini e per famiglie Caorle - Camping Marelago\" \/>\n<meta property=\"og:description\" content=\"Marelago \u00e8 la scelta ideale se sei alla ricerca di un campeggio per bambini e per famiglie a Caorle. Visita il sito ufficiale.\" \/>\n<meta property=\"og:url\" content=\"https:\/\/www.marelago.it\/it\/family-camping-mar-adriatico\/\" \/>\n<meta property=\"og:site_name\" content=\"Marelago Camping\" \/>\n<meta property=\"article:publisher\" content=\"https:\/\/www.facebook.com\/campingmarelago\/\" \/>\n<meta property=\"article:modified_time\" content=\"2023-07-05T09:46:24+00:00\" \/>\n<meta property=\"og:image\" content=\"https:\/\/www.marelago.it\/wp-content\/uploads\/2023\/02\/camping-marelago-caorle-logo.png\" \/>\n\t<meta property=\"og:image:width\" content=\"169\" \/>\n\t<meta property=\"og:image:height\" content=\"89\" \/>\n\t<meta property=\"og:image:type\" content=\"image\/png\" \/>\n<meta name=\"twitter:card\" content=\"summary_large_image\" \/>\n<meta name=\"twitter:label1\" content=\"Tempo di lettura stimato\" \/>\n\t<meta name=\"twitter:data1\" content=\"3 minuti\" \/>\n<script type=\"application\/ld+json\" class=\"yoast-schema-graph\">{\"@context\":\"https:\/\/schema.org\",\"@graph\":[{\"@type\":\"WebPage\",\"@id\":\"https:\/\/www.marelago.it\/it\/family-camping-mar-adriatico\/\",\"url\":\"https:\/\/www.marelago.it\/it\/family-camping-mar-adriatico\/\",\"name\":\"Campeggi per bambini e per famiglie Caorle - Camping Marelago\",\"isPartOf\":{\"@id\":\"https:\/\/www.marelago.it\/it\/#website\"},\"datePublished\":\"2023-02-23T15:59:56+00:00\",\"dateModified\":\"2023-07-05T09:46:24+00:00\",\"description\":\"Marelago \u00e8 la scelta ideale se sei alla ricerca di un campeggio per bambini e per famiglie a Caorle. Visita il sito ufficiale.\",\"breadcrumb\":{\"@id\":\"https:\/\/www.marelago.it\/it\/family-camping-mar-adriatico\/#breadcrumb\"},\"inLanguage\":\"it-IT\",\"potentialAction\":[{\"@type\":\"ReadAction\",\"target\":[\"https:\/\/www.marelago.it\/it\/family-camping-mar-adriatico\/\"]}]},{\"@type\":\"BreadcrumbList\",\"@id\":\"https:\/\/www.marelago.it\/it\/family-camping-mar-adriatico\/#breadcrumb\",\"itemListElement\":[{\"@type\":\"ListItem\",\"position\":1,\"name\":\"Home\",\"item\":\"https:\/\/www.marelago.it\/it\/\"},{\"@type\":\"ListItem\",\"position\":2,\"name\":\"Vacanze d&#8217;estate con i bambini\"}]},{\"@type\":\"WebSite\",\"@id\":\"https:\/\/www.marelago.it\/it\/#website\",\"url\":\"https:\/\/www.marelago.it\/it\/\",\"name\":\"Camping Marelago\",\"description\":\"Il vostro Campeggio a Caorle Lido Altanea\",\"publisher\":{\"@id\":\"https:\/\/www.marelago.it\/it\/#organization\"},\"potentialAction\":[{\"@type\":\"SearchAction\",\"target\":{\"@type\":\"EntryPoint\",\"urlTemplate\":\"https:\/\/www.marelago.it\/it\/?s={search_term_string}\"},\"query-input\":{\"@type\":\"PropertyValueSpecification\",\"valueRequired\":true,\"valueName\":\"search_term_string\"}}],\"inLanguage\":\"it-IT\"},{\"@type\":\"Organization\",\"@id\":\"https:\/\/www.marelago.it\/it\/#organization\",\"name\":\"Camping Marelago\",\"url\":\"https:\/\/www.marelago.it\/it\/\",\"logo\":{\"@type\":\"ImageObject\",\"inLanguage\":\"it-IT\",\"@id\":\"https:\/\/www.marelago.it\/it\/#\/schema\/logo\/image\/\",\"url\":\"https:\/\/www.marelago.it\/wp-content\/uploads\/2023\/02\/camping-marelago-caorle-logo.png\",\"contentUrl\":\"https:\/\/www.marelago.it\/wp-content\/uploads\/2023\/02\/camping-marelago-caorle-logo.png\",\"width\":169,\"height\":89,\"caption\":\"Camping Marelago\"},\"image\":{\"@id\":\"https:\/\/www.marelago.it\/it\/#\/schema\/logo\/image\/\"},\"sameAs\":[\"https:\/\/www.facebook.com\/campingmarelago\/\"]}]}<\/script>\n<!-- \/ Yoast SEO plugin. -->","yoast_head_json":{"title":"Campeggi per bambini e per famiglie Caorle - Camping Marelago","description":"Marelago \u00e8 la scelta ideale se sei alla ricerca di un campeggio per bambini e per famiglie a Caorle. Visita il sito ufficiale.","robots":{"index":"index","follow":"follow","max-snippet":"max-snippet:-1","max-image-preview":"max-image-preview:large","max-video-preview":"max-video-preview:-1"},"canonical":"https:\/\/www.marelago.it\/it\/family-camping-mar-adriatico\/","og_locale":"it_IT","og_type":"article","og_title":"Campeggi per bambini e per famiglie Caorle - Camping Marelago","og_description":"Marelago \u00e8 la scelta ideale se sei alla ricerca di un campeggio per bambini e per famiglie a Caorle. Visita il sito ufficiale.","og_url":"https:\/\/www.marelago.it\/it\/family-camping-mar-adriatico\/","og_site_name":"Marelago Camping","article_publisher":"https:\/\/www.facebook.com\/campingmarelago\/","article_modified_time":"2023-07-05T09:46:24+00:00","og_image":[{"width":169,"height":89,"url":"https:\/\/www.marelago.it\/wp-content\/uploads\/2023\/02\/camping-marelago-caorle-logo.png","type":"image\/png"}],"twitter_card":"summary_large_image","twitter_misc":{"Tempo di lettura stimato":"3 minuti"},"schema":{"@context":"https:\/\/schema.org","@graph":[{"@type":"WebPage","@id":"https:\/\/www.marelago.it\/it\/family-camping-mar-adriatico\/","url":"https:\/\/www.marelago.it\/it\/family-camping-mar-adriatico\/","name":"Campeggi per bambini e per famiglie Caorle - Camping Marelago","isPartOf":{"@id":"https:\/\/www.marelago.it\/it\/#website"},"datePublished":"2023-02-23T15:59:56+00:00","dateModified":"2023-07-05T09:46:24+00:00","description":"Marelago \u00e8 la scelta ideale se sei alla ricerca di un campeggio per bambini e per famiglie a Caorle. Visita il sito ufficiale.","breadcrumb":{"@id":"https:\/\/www.marelago.it\/it\/family-camping-mar-adriatico\/#breadcrumb"},"inLanguage":"it-IT","potentialAction":[{"@type":"ReadAction","target":["https:\/\/www.marelago.it\/it\/family-camping-mar-adriatico\/"]}]},{"@type":"BreadcrumbList","@id":"https:\/\/www.marelago.it\/it\/family-camping-mar-adriatico\/#breadcrumb","itemListElement":[{"@type":"ListItem","position":1,"name":"Home","item":"https:\/\/www.marelago.it\/it\/"},{"@type":"ListItem","position":2,"name":"Vacanze d&#8217;estate con i bambini"}]},{"@type":"WebSite","@id":"https:\/\/www.marelago.it\/it\/#website","url":"https:\/\/www.marelago.it\/it\/","name":"Camping Marelago","description":"Il vostro Campeggio a Caorle Lido Altanea","publisher":{"@id":"https:\/\/www.marelago.it\/it\/#organization"},"potentialAction":[{"@type":"SearchAction","target":{"@type":"EntryPoint","urlTemplate":"https:\/\/www.marelago.it\/it\/?s={search_term_string}"},"query-input":{"@type":"PropertyValueSpecification","valueRequired":true,"valueName":"search_term_string"}}],"inLanguage":"it-IT"},{"@type":"Organization","@id":"https:\/\/www.marelago.it\/it\/#organization","name":"Camping Marelago","url":"https:\/\/www.marelago.it\/it\/","logo":{"@type":"ImageObject","inLanguage":"it-IT","@id":"https:\/\/www.marelago.it\/it\/#\/schema\/logo\/image\/","url":"https:\/\/www.marelago.it\/wp-content\/uploads\/2023\/02\/camping-marelago-caorle-logo.png","contentUrl":"https:\/\/www.marelago.it\/wp-content\/uploads\/2023\/02\/camping-marelago-caorle-logo.png","width":169,"height":89,"caption":"Camping Marelago"},"image":{"@id":"https:\/\/www.marelago.it\/it\/#\/schema\/logo\/image\/"},"sameAs":["https:\/\/www.facebook.com\/campingmarelago\/"]}]}},"_links":{"self":[{"href":"https:\/\/www.marelago.it\/it\/wp-json\/wp\/v2\/pages\/82","targetHints":{"allow":["GET"]}}],"collection":[{"href":"https:\/\/www.marelago.it\/it\/wp-json\/wp\/v2\/pages"}],"about":[{"href":"https:\/\/www.marelago.it\/it\/wp-json\/wp\/v2\/types\/page"}],"author":[{"embeddable":true,"href":"https:\/\/www.marelago.it\/it\/wp-json\/wp\/v2\/users\/1"}],"replies":[{"embeddable":true,"href":"https:\/\/www.marelago.it\/it\/wp-json\/wp\/v2\/comments?post=82"}],"version-history":[{"count":7,"href":"https:\/\/www.marelago.it\/it\/wp-json\/wp\/v2\/pages\/82\/revisions"}],"predecessor-version":[{"id":3178,"href":"https:\/\/www.marelago.it\/it\/wp-json\/wp\/v2\/pages\/82\/revisions\/3178"}],"wp:attachment":[{"href":"https:\/\/www.marelago.it\/it\/wp-json\/wp\/v2\/media?parent=82"}],"curies":[{"name":"wp","href":"https:\/\/api.w.org\/{rel}","templated":true}]}}