{"id":80,"date":"2023-02-23T16:56:57","date_gmt":"2023-02-23T15:56:57","guid":{"rendered":"https:\/\/www.marelago.it\/?page_id=80"},"modified":"2023-03-31T10:20:31","modified_gmt":"2023-03-31T08:20:31","slug":"sport-tempo-libero","status":"publish","type":"page","link":"https:\/\/www.marelago.it\/it\/sport-tempo-libero\/","title":{"rendered":"Sport e tempo libero"},"content":{"rendered":"\n<p>Per gli amanti dello sport che vogliono trascorrere una vacanza attiva a Lido Altanea, distante pochi metri dal Campeggio Marelago si trova lo Sporting Club Altanea, un centro attrezzato con vari campi sportivi dove potersi destreggiare tra le tante attivit\u00e0 e impararne di nuove: calcetto, beach volley, basket, tennis, bocce, ping pong\u2026<\/p>\n\n\n\n<p>Il personale dello Sporting Club \u00e8 a disposizione anche per impartire lezioni di tennis e per organizzare tornei aperti a tutti gli ospiti della localit\u00e0. Scarica il listino dello Sporting Club Altanea nell\u2019area download.<\/p>\n\n\n\n<p>E non manca anche un campo da golf a due passi dal Campeggio: quello del Pra\u2019 delle Torri, un sea course da 18 buche che ad una delle sue estremit\u00e0 arriva quasi a lambire la spiaggia (ai nostri ospiti \u00e8 riservato uno speciale sconto del 40%, chiedi informazioni in reception e scarica il listino del Golf Club Pr\u00e0 delle Torri nell\u2019area download).<\/p>\n","protected":false},"excerpt":{"rendered":"<p>Per gli amanti dello sport che vogliono trascorrere una vacanza attiva a Lido Altanea, distante pochi metri dal Campeggio Marelago si trova lo Sporting Club Altanea, un centro attrezzato con vari campi sportivi dove potersi destreggiare tra le tante attivit\u00e0 e impararne di nuove: calcetto, beach volley, basket, tennis, bocce, ping pong\u2026 Il personale dello [&hellip;]<\/p>\n","protected":false},"author":1,"featured_media":0,"parent":0,"menu_order":73,"comment_status":"closed","ping_status":"closed","template":"","meta":{"_acf_changed":false,"footnotes":""},"class_list":["post-80","page","type-page","status-publish","hentry"],"acf":[],"yoast_head":"<!-- This site is optimized with the Yoast SEO plugin v26.7 - https:\/\/yoast.com\/wordpress\/plugins\/seo\/ -->\n<title>Sport e tempo libero | Marelago Camping<\/title>\n<meta name=\"description\" content=\"Calcetto, beach volley, beach tennis, basket, tennis, badminton, bocce, ping pong e tanto altro per gli amanti dello sport e tempo libero!\" \/>\n<meta name=\"robots\" content=\"index, follow, max-snippet:-1, max-image-preview:large, max-video-preview:-1\" \/>\n<link rel=\"canonical\" href=\"https:\/\/www.marelago.it\/it\/sport-tempo-libero\/\" \/>\n<meta property=\"og:locale\" content=\"it_IT\" \/>\n<meta property=\"og:type\" content=\"article\" \/>\n<meta property=\"og:title\" content=\"Sport e tempo libero | Marelago Camping\" \/>\n<meta property=\"og:description\" content=\"Calcetto, beach volley, beach tennis, basket, tennis, badminton, bocce, ping pong e tanto altro per gli amanti dello sport e tempo libero!\" \/>\n<meta property=\"og:url\" content=\"https:\/\/www.marelago.it\/it\/sport-tempo-libero\/\" \/>\n<meta property=\"og:site_name\" content=\"Marelago Camping\" \/>\n<meta property=\"article:publisher\" content=\"https:\/\/www.facebook.com\/campingmarelago\/\" \/>\n<meta property=\"article:modified_time\" content=\"2023-03-31T08:20:31+00:00\" \/>\n<meta property=\"og:image\" content=\"https:\/\/www.marelago.it\/wp-content\/uploads\/2023\/02\/camping-marelago-caorle-logo.png\" \/>\n\t<meta property=\"og:image:width\" content=\"169\" \/>\n\t<meta property=\"og:image:height\" content=\"89\" \/>\n\t<meta property=\"og:image:type\" content=\"image\/png\" \/>\n<meta name=\"twitter:card\" content=\"summary_large_image\" \/>\n<meta name=\"twitter:label1\" content=\"Tempo di lettura stimato\" \/>\n\t<meta name=\"twitter:data1\" content=\"1 minuto\" \/>\n<script type=\"application\/ld+json\" class=\"yoast-schema-graph\">{\"@context\":\"https:\/\/schema.org\",\"@graph\":[{\"@type\":\"WebPage\",\"@id\":\"https:\/\/www.marelago.it\/it\/sport-tempo-libero\/\",\"url\":\"https:\/\/www.marelago.it\/it\/sport-tempo-libero\/\",\"name\":\"Sport e tempo libero | Marelago Camping\",\"isPartOf\":{\"@id\":\"https:\/\/www.marelago.it\/it\/#website\"},\"datePublished\":\"2023-02-23T15:56:57+00:00\",\"dateModified\":\"2023-03-31T08:20:31+00:00\",\"description\":\"Calcetto, beach volley, beach tennis, basket, tennis, badminton, bocce, ping pong e tanto altro per gli amanti dello sport e tempo libero!\",\"breadcrumb\":{\"@id\":\"https:\/\/www.marelago.it\/it\/sport-tempo-libero\/#breadcrumb\"},\"inLanguage\":\"it-IT\",\"potentialAction\":[{\"@type\":\"ReadAction\",\"target\":[\"https:\/\/www.marelago.it\/it\/sport-tempo-libero\/\"]}]},{\"@type\":\"BreadcrumbList\",\"@id\":\"https:\/\/www.marelago.it\/it\/sport-tempo-libero\/#breadcrumb\",\"itemListElement\":[{\"@type\":\"ListItem\",\"position\":1,\"name\":\"Home\",\"item\":\"https:\/\/www.marelago.it\/it\/\"},{\"@type\":\"ListItem\",\"position\":2,\"name\":\"Sport e tempo libero\"}]},{\"@type\":\"WebSite\",\"@id\":\"https:\/\/www.marelago.it\/it\/#website\",\"url\":\"https:\/\/www.marelago.it\/it\/\",\"name\":\"Camping Marelago\",\"description\":\"Il vostro Campeggio a Caorle Lido Altanea\",\"publisher\":{\"@id\":\"https:\/\/www.marelago.it\/it\/#organization\"},\"potentialAction\":[{\"@type\":\"SearchAction\",\"target\":{\"@type\":\"EntryPoint\",\"urlTemplate\":\"https:\/\/www.marelago.it\/it\/?s={search_term_string}\"},\"query-input\":{\"@type\":\"PropertyValueSpecification\",\"valueRequired\":true,\"valueName\":\"search_term_string\"}}],\"inLanguage\":\"it-IT\"},{\"@type\":\"Organization\",\"@id\":\"https:\/\/www.marelago.it\/it\/#organization\",\"name\":\"Camping Marelago\",\"url\":\"https:\/\/www.marelago.it\/it\/\",\"logo\":{\"@type\":\"ImageObject\",\"inLanguage\":\"it-IT\",\"@id\":\"https:\/\/www.marelago.it\/it\/#\/schema\/logo\/image\/\",\"url\":\"https:\/\/www.marelago.it\/wp-content\/uploads\/2023\/02\/camping-marelago-caorle-logo.png\",\"contentUrl\":\"https:\/\/www.marelago.it\/wp-content\/uploads\/2023\/02\/camping-marelago-caorle-logo.png\",\"width\":169,\"height\":89,\"caption\":\"Camping Marelago\"},\"image\":{\"@id\":\"https:\/\/www.marelago.it\/it\/#\/schema\/logo\/image\/\"},\"sameAs\":[\"https:\/\/www.facebook.com\/campingmarelago\/\"]}]}<\/script>\n<!-- \/ Yoast SEO plugin. -->","yoast_head_json":{"title":"Sport e tempo libero | Marelago Camping","description":"Calcetto, beach volley, beach tennis, basket, tennis, badminton, bocce, ping pong e tanto altro per gli amanti dello sport e tempo libero!","robots":{"index":"index","follow":"follow","max-snippet":"max-snippet:-1","max-image-preview":"max-image-preview:large","max-video-preview":"max-video-preview:-1"},"canonical":"https:\/\/www.marelago.it\/it\/sport-tempo-libero\/","og_locale":"it_IT","og_type":"article","og_title":"Sport e tempo libero | Marelago Camping","og_description":"Calcetto, beach volley, beach tennis, basket, tennis, badminton, bocce, ping pong e tanto altro per gli amanti dello sport e tempo libero!","og_url":"https:\/\/www.marelago.it\/it\/sport-tempo-libero\/","og_site_name":"Marelago Camping","article_publisher":"https:\/\/www.facebook.com\/campingmarelago\/","article_modified_time":"2023-03-31T08:20:31+00:00","og_image":[{"width":169,"height":89,"url":"https:\/\/www.marelago.it\/wp-content\/uploads\/2023\/02\/camping-marelago-caorle-logo.png","type":"image\/png"}],"twitter_card":"summary_large_image","twitter_misc":{"Tempo di lettura stimato":"1 minuto"},"schema":{"@context":"https:\/\/schema.org","@graph":[{"@type":"WebPage","@id":"https:\/\/www.marelago.it\/it\/sport-tempo-libero\/","url":"https:\/\/www.marelago.it\/it\/sport-tempo-libero\/","name":"Sport e tempo libero | Marelago Camping","isPartOf":{"@id":"https:\/\/www.marelago.it\/it\/#website"},"datePublished":"2023-02-23T15:56:57+00:00","dateModified":"2023-03-31T08:20:31+00:00","description":"Calcetto, beach volley, beach tennis, basket, tennis, badminton, bocce, ping pong e tanto altro per gli amanti dello sport e tempo libero!","breadcrumb":{"@id":"https:\/\/www.marelago.it\/it\/sport-tempo-libero\/#breadcrumb"},"inLanguage":"it-IT","potentialAction":[{"@type":"ReadAction","target":["https:\/\/www.marelago.it\/it\/sport-tempo-libero\/"]}]},{"@type":"BreadcrumbList","@id":"https:\/\/www.marelago.it\/it\/sport-tempo-libero\/#breadcrumb","itemListElement":[{"@type":"ListItem","position":1,"name":"Home","item":"https:\/\/www.marelago.it\/it\/"},{"@type":"ListItem","position":2,"name":"Sport e tempo libero"}]},{"@type":"WebSite","@id":"https:\/\/www.marelago.it\/it\/#website","url":"https:\/\/www.marelago.it\/it\/","name":"Camping Marelago","description":"Il vostro Campeggio a Caorle Lido Altanea","publisher":{"@id":"https:\/\/www.marelago.it\/it\/#organization"},"potentialAction":[{"@type":"SearchAction","target":{"@type":"EntryPoint","urlTemplate":"https:\/\/www.marelago.it\/it\/?s={search_term_string}"},"query-input":{"@type":"PropertyValueSpecification","valueRequired":true,"valueName":"search_term_string"}}],"inLanguage":"it-IT"},{"@type":"Organization","@id":"https:\/\/www.marelago.it\/it\/#organization","name":"Camping Marelago","url":"https:\/\/www.marelago.it\/it\/","logo":{"@type":"ImageObject","inLanguage":"it-IT","@id":"https:\/\/www.marelago.it\/it\/#\/schema\/logo\/image\/","url":"https:\/\/www.marelago.it\/wp-content\/uploads\/2023\/02\/camping-marelago-caorle-logo.png","contentUrl":"https:\/\/www.marelago.it\/wp-content\/uploads\/2023\/02\/camping-marelago-caorle-logo.png","width":169,"height":89,"caption":"Camping Marelago"},"image":{"@id":"https:\/\/www.marelago.it\/it\/#\/schema\/logo\/image\/"},"sameAs":["https:\/\/www.facebook.com\/campingmarelago\/"]}]}},"_links":{"self":[{"href":"https:\/\/www.marelago.it\/it\/wp-json\/wp\/v2\/pages\/80","targetHints":{"allow":["GET"]}}],"collection":[{"href":"https:\/\/www.marelago.it\/it\/wp-json\/wp\/v2\/pages"}],"about":[{"href":"https:\/\/www.marelago.it\/it\/wp-json\/wp\/v2\/types\/page"}],"author":[{"embeddable":true,"href":"https:\/\/www.marelago.it\/it\/wp-json\/wp\/v2\/users\/1"}],"replies":[{"embeddable":true,"href":"https:\/\/www.marelago.it\/it\/wp-json\/wp\/v2\/comments?post=80"}],"version-history":[{"count":4,"href":"https:\/\/www.marelago.it\/it\/wp-json\/wp\/v2\/pages\/80\/revisions"}],"predecessor-version":[{"id":2385,"href":"https:\/\/www.marelago.it\/it\/wp-json\/wp\/v2\/pages\/80\/revisions\/2385"}],"wp:attachment":[{"href":"https:\/\/www.marelago.it\/it\/wp-json\/wp\/v2\/media?parent=80"}],"curies":[{"name":"wp","href":"https:\/\/api.w.org\/{rel}","templated":true}]}}