{"id":8,"date":"2023-02-17T12:24:51","date_gmt":"2023-02-17T11:24:51","guid":{"rendered":"https:\/\/www.marelago.it\/?page_id=8"},"modified":"2023-03-31T10:20:36","modified_gmt":"2023-03-31T08:20:36","slug":"glamping","status":"publish","type":"page","link":"https:\/\/www.marelago.it\/it\/glamping\/","title":{"rendered":"Glamping"},"content":{"rendered":"\n<p>Ispirata alle pi\u00f9 suggestive&nbsp;<strong>tende da safari<\/strong>&nbsp;intrise di fascino ed avventura, ecco una nuova area dedicata al moderno&nbsp;<strong>Glamping<\/strong>: la libert\u00e0 della&nbsp;<strong>vacanza in tenda<\/strong>&nbsp;con la&nbsp;<strong>sicurezza e il confort di una vera casa<\/strong>&nbsp;attrezzata.<\/p>\n\n\n\n<p>Al camping Marelago potrete soggiornare all\u2019interno di una struttura resistente, per vivere una vacanza in pieno relax e con il massimo del divertimento.<\/p>\n\n\n\n<p>Le nostre tende sono composte da una&nbsp;<strong>spaziosa zona living<\/strong>&nbsp;con angolo cottura completo di lavandino, frigorifero a colonna, bollitore, microonde, TV e&nbsp;<strong>due camere da letto<\/strong>, una matrimoniale e una doppia.<\/p>\n\n\n\n<h4 class=\"wp-block-heading\">COME SCEGLIERE LA TENDA PI\u00d9 ADATTA A TE?<\/h4>\n\n\n\n<p>La&nbsp;<strong>tenda Koala<\/strong>&nbsp;ti offre un\u2019ampia zona soggiorno dove condividere pranzi e cene in compagnia della tua famiglia o dei tuoi amici, oltre ad una confortevole&nbsp;<strong>terrazza arredata con angolo relax<\/strong>&nbsp;composto da divanetto e tavolino dove gustare un aperitivo al tramonto.<\/p>\n\n\n\n<p>La dotazione comprende 2 lettini prendisole, una fornitura di lenzuola e un posto auto a fianco alla tenda.<\/p>\n\n\n\n<p>Questa tipologia ti permette di vivere l\u2019esperienza della vacanza in tenda senza rinunciare alla privacy delle camere separate.<\/p>\n\n\n\n<p>I&nbsp;<strong>servizi igienici<\/strong>&nbsp;pi\u00f9 vicini si trovano&nbsp;<strong>a 50m<\/strong>&nbsp;mentre il blocco servizi principale, comprendente nursery e bagno baby, \u00e8 situato a soli 200m.<\/p>\n\n\n\n<p>Puoi&nbsp;<strong>arrivare e partire qualsiasi giorno della settimana<\/strong>&nbsp;e prenotare&nbsp;<strong>anche solo 2 notti<\/strong>.<\/p>\n\n\n\n<h4 class=\"wp-block-heading\">VUOI AGGIUNGERE ULTERIORI COMFORT ALLA TUA VACANZA?<\/h4>\n\n\n\n<p>La&nbsp;<strong>tenda Panda<\/strong>&nbsp;\u00e8 un\u2019open space dotato di angolo cottura con divano,&nbsp;<strong>bagno con doccia<\/strong>, un letto matrimoniale e due letti singoli oltre ad un simpatico&nbsp;<strong>soppalco<\/strong>&nbsp;con un secondo letto matrimoniale.<\/p>\n\n\n\n<p>La dotazione comprende 2 lettini prendisole, per godersi il relax sulla terrazza, e un posto auto numerato a 50m dalla tenda.<\/p>\n\n\n\n<p>Situate nell\u2019area di recentissima costruzione queste tende si trovano&nbsp;<strong>a pochi passi dalla piscina<\/strong>.<\/p>\n\n\n\n<h4 class=\"wp-block-heading\">INFORMAZIONI UTILI SULLE TENDE GLAMPING<\/h4>\n\n\n\n<p>La&nbsp;<strong>reception<\/strong>&nbsp;\u00e8 aperta dalle 7 alle 23 e il check in pu\u00f2 essere effettuato a qualsiasi ora. Ricorda che ti verr\u00e0 richiesta una&nbsp;<strong>cauzione<\/strong>&nbsp;di Euro 100,00 in contanti. Una volta effettuato il check in potrai entrare in camping ed usufruire dei servizi a disposizione. Se hai prenotato un posto spiaggia puoi utilizzarlo gi\u00e0 il giorno dell\u2019arrivo.<\/p>\n\n\n\n<p>La&nbsp;<strong>consegna delle chiavi<\/strong>&nbsp;\u00e8 garantita&nbsp;<strong>dalle ore 17<\/strong>, una volta terminato il servizio di pulizia e sanificazione delle glamping.<\/p>\n\n\n\n<p>Il&nbsp;<strong>giorno della partenza<\/strong>&nbsp;la glamping deve essere&nbsp;<strong>liberata entro le ore 10.00<\/strong>, salvo eventuali offerte speciali che prevedano la possibilit\u00e0 di partire il pomeriggio.<\/p>\n","protected":false},"excerpt":{"rendered":"<p>Ispirata alle pi\u00f9 suggestive&nbsp;tende da safari&nbsp;intrise di fascino ed avventura, ecco una nuova area dedicata al moderno&nbsp;Glamping: la libert\u00e0 della&nbsp;vacanza in tenda&nbsp;con la&nbsp;sicurezza e il confort di una vera casa&nbsp;attrezzata. Al camping Marelago potrete soggiornare all\u2019interno di una struttura resistente, per vivere una vacanza in pieno relax e con il massimo del divertimento. Le nostre [&hellip;]<\/p>\n","protected":false},"author":1,"featured_media":1515,"parent":0,"menu_order":123,"comment_status":"closed","ping_status":"closed","template":"template-room-list.php","meta":{"_acf_changed":false,"footnotes":""},"class_list":["post-8","page","type-page","status-publish","has-post-thumbnail","hentry"],"acf":[],"yoast_head":"<!-- This site is optimized with the Yoast SEO plugin v26.7 - https:\/\/yoast.com\/wordpress\/plugins\/seo\/ -->\n<title>Tenda Glamping | Contattaci per Prezzi &amp; Costi Marelago Camping<\/title>\n<meta name=\"description\" content=\"Le tende glamping sono Ispirate alle tende da safari. Il nostro campeggio a Caorle ha una nuova sezione dedicata con tente glamping.\" \/>\n<meta name=\"robots\" content=\"index, follow, max-snippet:-1, max-image-preview:large, max-video-preview:-1\" \/>\n<link rel=\"canonical\" href=\"https:\/\/www.marelago.it\/it\/glamping\/\" \/>\n<meta property=\"og:locale\" content=\"it_IT\" \/>\n<meta property=\"og:type\" content=\"article\" \/>\n<meta property=\"og:title\" content=\"Tenda Glamping | Contattaci per Prezzi &amp; Costi Marelago Camping\" \/>\n<meta property=\"og:description\" content=\"Le tende glamping sono Ispirate alle tende da safari. Il nostro campeggio a Caorle ha una nuova sezione dedicata con tente glamping.\" \/>\n<meta property=\"og:url\" content=\"https:\/\/www.marelago.it\/it\/glamping\/\" \/>\n<meta property=\"og:site_name\" content=\"Marelago Camping\" \/>\n<meta property=\"article:publisher\" content=\"https:\/\/www.facebook.com\/campingmarelago\/\" \/>\n<meta property=\"article:modified_time\" content=\"2023-03-31T08:20:36+00:00\" \/>\n<meta property=\"og:image\" content=\"https:\/\/www.marelago.it\/wp-content\/uploads\/2023\/03\/koala-11.webp\" \/>\n\t<meta property=\"og:image:width\" content=\"1900\" \/>\n\t<meta property=\"og:image:height\" content=\"1280\" \/>\n\t<meta property=\"og:image:type\" content=\"image\/webp\" \/>\n<meta name=\"twitter:card\" content=\"summary_large_image\" \/>\n<meta name=\"twitter:label1\" content=\"Tempo di lettura stimato\" \/>\n\t<meta name=\"twitter:data1\" content=\"3 minuti\" \/>\n<script type=\"application\/ld+json\" class=\"yoast-schema-graph\">{\"@context\":\"https:\/\/schema.org\",\"@graph\":[{\"@type\":\"WebPage\",\"@id\":\"https:\/\/www.marelago.it\/it\/glamping\/\",\"url\":\"https:\/\/www.marelago.it\/it\/glamping\/\",\"name\":\"Tenda Glamping | Contattaci per Prezzi & Costi Marelago Camping\",\"isPartOf\":{\"@id\":\"https:\/\/www.marelago.it\/it\/#website\"},\"primaryImageOfPage\":{\"@id\":\"https:\/\/www.marelago.it\/it\/glamping\/#primaryimage\"},\"image\":{\"@id\":\"https:\/\/www.marelago.it\/it\/glamping\/#primaryimage\"},\"thumbnailUrl\":\"https:\/\/www.marelago.it\/wp-content\/uploads\/2023\/03\/koala-11.webp\",\"datePublished\":\"2023-02-17T11:24:51+00:00\",\"dateModified\":\"2023-03-31T08:20:36+00:00\",\"description\":\"Le tende glamping sono Ispirate alle tende da safari. Il nostro campeggio a Caorle ha una nuova sezione dedicata con tente glamping.\",\"breadcrumb\":{\"@id\":\"https:\/\/www.marelago.it\/it\/glamping\/#breadcrumb\"},\"inLanguage\":\"it-IT\",\"potentialAction\":[{\"@type\":\"ReadAction\",\"target\":[\"https:\/\/www.marelago.it\/it\/glamping\/\"]}]},{\"@type\":\"ImageObject\",\"inLanguage\":\"it-IT\",\"@id\":\"https:\/\/www.marelago.it\/it\/glamping\/#primaryimage\",\"url\":\"https:\/\/www.marelago.it\/wp-content\/uploads\/2023\/03\/koala-11.webp\",\"contentUrl\":\"https:\/\/www.marelago.it\/wp-content\/uploads\/2023\/03\/koala-11.webp\",\"width\":1900,\"height\":1280},{\"@type\":\"BreadcrumbList\",\"@id\":\"https:\/\/www.marelago.it\/it\/glamping\/#breadcrumb\",\"itemListElement\":[{\"@type\":\"ListItem\",\"position\":1,\"name\":\"Home\",\"item\":\"https:\/\/www.marelago.it\/it\/\"},{\"@type\":\"ListItem\",\"position\":2,\"name\":\"Glamping\"}]},{\"@type\":\"WebSite\",\"@id\":\"https:\/\/www.marelago.it\/it\/#website\",\"url\":\"https:\/\/www.marelago.it\/it\/\",\"name\":\"Camping Marelago\",\"description\":\"Il vostro Campeggio a Caorle Lido Altanea\",\"publisher\":{\"@id\":\"https:\/\/www.marelago.it\/it\/#organization\"},\"potentialAction\":[{\"@type\":\"SearchAction\",\"target\":{\"@type\":\"EntryPoint\",\"urlTemplate\":\"https:\/\/www.marelago.it\/it\/?s={search_term_string}\"},\"query-input\":{\"@type\":\"PropertyValueSpecification\",\"valueRequired\":true,\"valueName\":\"search_term_string\"}}],\"inLanguage\":\"it-IT\"},{\"@type\":\"Organization\",\"@id\":\"https:\/\/www.marelago.it\/it\/#organization\",\"name\":\"Camping Marelago\",\"url\":\"https:\/\/www.marelago.it\/it\/\",\"logo\":{\"@type\":\"ImageObject\",\"inLanguage\":\"it-IT\",\"@id\":\"https:\/\/www.marelago.it\/it\/#\/schema\/logo\/image\/\",\"url\":\"https:\/\/www.marelago.it\/wp-content\/uploads\/2023\/02\/camping-marelago-caorle-logo.png\",\"contentUrl\":\"https:\/\/www.marelago.it\/wp-content\/uploads\/2023\/02\/camping-marelago-caorle-logo.png\",\"width\":169,\"height\":89,\"caption\":\"Camping Marelago\"},\"image\":{\"@id\":\"https:\/\/www.marelago.it\/it\/#\/schema\/logo\/image\/\"},\"sameAs\":[\"https:\/\/www.facebook.com\/campingmarelago\/\"]}]}<\/script>\n<!-- \/ Yoast SEO plugin. -->","yoast_head_json":{"title":"Tenda Glamping | Contattaci per Prezzi & Costi Marelago Camping","description":"Le tende glamping sono Ispirate alle tende da safari. Il nostro campeggio a Caorle ha una nuova sezione dedicata con tente glamping.","robots":{"index":"index","follow":"follow","max-snippet":"max-snippet:-1","max-image-preview":"max-image-preview:large","max-video-preview":"max-video-preview:-1"},"canonical":"https:\/\/www.marelago.it\/it\/glamping\/","og_locale":"it_IT","og_type":"article","og_title":"Tenda Glamping | Contattaci per Prezzi & Costi Marelago Camping","og_description":"Le tende glamping sono Ispirate alle tende da safari. Il nostro campeggio a Caorle ha una nuova sezione dedicata con tente glamping.","og_url":"https:\/\/www.marelago.it\/it\/glamping\/","og_site_name":"Marelago Camping","article_publisher":"https:\/\/www.facebook.com\/campingmarelago\/","article_modified_time":"2023-03-31T08:20:36+00:00","og_image":[{"width":1900,"height":1280,"url":"https:\/\/www.marelago.it\/wp-content\/uploads\/2023\/03\/koala-11.webp","type":"image\/webp"}],"twitter_card":"summary_large_image","twitter_misc":{"Tempo di lettura stimato":"3 minuti"},"schema":{"@context":"https:\/\/schema.org","@graph":[{"@type":"WebPage","@id":"https:\/\/www.marelago.it\/it\/glamping\/","url":"https:\/\/www.marelago.it\/it\/glamping\/","name":"Tenda Glamping | Contattaci per Prezzi & Costi Marelago Camping","isPartOf":{"@id":"https:\/\/www.marelago.it\/it\/#website"},"primaryImageOfPage":{"@id":"https:\/\/www.marelago.it\/it\/glamping\/#primaryimage"},"image":{"@id":"https:\/\/www.marelago.it\/it\/glamping\/#primaryimage"},"thumbnailUrl":"https:\/\/www.marelago.it\/wp-content\/uploads\/2023\/03\/koala-11.webp","datePublished":"2023-02-17T11:24:51+00:00","dateModified":"2023-03-31T08:20:36+00:00","description":"Le tende glamping sono Ispirate alle tende da safari. Il nostro campeggio a Caorle ha una nuova sezione dedicata con tente glamping.","breadcrumb":{"@id":"https:\/\/www.marelago.it\/it\/glamping\/#breadcrumb"},"inLanguage":"it-IT","potentialAction":[{"@type":"ReadAction","target":["https:\/\/www.marelago.it\/it\/glamping\/"]}]},{"@type":"ImageObject","inLanguage":"it-IT","@id":"https:\/\/www.marelago.it\/it\/glamping\/#primaryimage","url":"https:\/\/www.marelago.it\/wp-content\/uploads\/2023\/03\/koala-11.webp","contentUrl":"https:\/\/www.marelago.it\/wp-content\/uploads\/2023\/03\/koala-11.webp","width":1900,"height":1280},{"@type":"BreadcrumbList","@id":"https:\/\/www.marelago.it\/it\/glamping\/#breadcrumb","itemListElement":[{"@type":"ListItem","position":1,"name":"Home","item":"https:\/\/www.marelago.it\/it\/"},{"@type":"ListItem","position":2,"name":"Glamping"}]},{"@type":"WebSite","@id":"https:\/\/www.marelago.it\/it\/#website","url":"https:\/\/www.marelago.it\/it\/","name":"Camping Marelago","description":"Il vostro Campeggio a Caorle Lido Altanea","publisher":{"@id":"https:\/\/www.marelago.it\/it\/#organization"},"potentialAction":[{"@type":"SearchAction","target":{"@type":"EntryPoint","urlTemplate":"https:\/\/www.marelago.it\/it\/?s={search_term_string}"},"query-input":{"@type":"PropertyValueSpecification","valueRequired":true,"valueName":"search_term_string"}}],"inLanguage":"it-IT"},{"@type":"Organization","@id":"https:\/\/www.marelago.it\/it\/#organization","name":"Camping Marelago","url":"https:\/\/www.marelago.it\/it\/","logo":{"@type":"ImageObject","inLanguage":"it-IT","@id":"https:\/\/www.marelago.it\/it\/#\/schema\/logo\/image\/","url":"https:\/\/www.marelago.it\/wp-content\/uploads\/2023\/02\/camping-marelago-caorle-logo.png","contentUrl":"https:\/\/www.marelago.it\/wp-content\/uploads\/2023\/02\/camping-marelago-caorle-logo.png","width":169,"height":89,"caption":"Camping Marelago"},"image":{"@id":"https:\/\/www.marelago.it\/it\/#\/schema\/logo\/image\/"},"sameAs":["https:\/\/www.facebook.com\/campingmarelago\/"]}]}},"_links":{"self":[{"href":"https:\/\/www.marelago.it\/it\/wp-json\/wp\/v2\/pages\/8","targetHints":{"allow":["GET"]}}],"collection":[{"href":"https:\/\/www.marelago.it\/it\/wp-json\/wp\/v2\/pages"}],"about":[{"href":"https:\/\/www.marelago.it\/it\/wp-json\/wp\/v2\/types\/page"}],"author":[{"embeddable":true,"href":"https:\/\/www.marelago.it\/it\/wp-json\/wp\/v2\/users\/1"}],"replies":[{"embeddable":true,"href":"https:\/\/www.marelago.it\/it\/wp-json\/wp\/v2\/comments?post=8"}],"version-history":[{"count":10,"href":"https:\/\/www.marelago.it\/it\/wp-json\/wp\/v2\/pages\/8\/revisions"}],"predecessor-version":[{"id":1553,"href":"https:\/\/www.marelago.it\/it\/wp-json\/wp\/v2\/pages\/8\/revisions\/1553"}],"wp:featuredmedia":[{"embeddable":true,"href":"https:\/\/www.marelago.it\/it\/wp-json\/wp\/v2\/media\/1515"}],"wp:attachment":[{"href":"https:\/\/www.marelago.it\/it\/wp-json\/wp\/v2\/media?parent=8"}],"curies":[{"name":"wp","href":"https:\/\/api.w.org\/{rel}","templated":true}]}}