{"id":61,"date":"2023-02-21T17:11:38","date_gmt":"2023-02-21T16:11:38","guid":{"rendered":"https:\/\/www.marelago.it\/?page_id=61"},"modified":"2023-03-31T10:20:30","modified_gmt":"2023-03-31T08:20:30","slug":"mobilhome","status":"publish","type":"page","link":"https:\/\/www.marelago.it\/it\/mobilhome\/","title":{"rendered":"Mobilhome"},"content":{"rendered":"\n<p>All\u2019interno del Camping Marelago si pu\u00f2 vivere una vacanza a contatto con la natura e a pochi passi dal mare senza rinunciare alle comodit\u00e0 e all\u2019indipendenza di casa.<\/p>\n\n\n\n<p>Le nostre mobilhome possono accogliere fino a 6 persone, sono tutte accessoriate e dotate di soggiorno con angolo cottura completo di stoviglie e pentolame, climatizzatore, TV sat, cassaforte, terrazza in legno ammobiliata (tavolo e sedie) e un posto auto: la scelta perfetta per le famiglie con bambini, nonni e i gruppi di amici. Ricordati che al momento della prenotazione puoi richiedere il posto spiaggia: 2 lettini e 1 ombrellone ad un prezzo convenzionato.<\/p>\n\n\n\n<h4 class=\"wp-block-heading\">Come scegliere la mobilhome adatta a te?<\/h4>\n\n\n\n<p>Per un soggiorno di coppia puoi scegliere la nostra mobilhome Diamante super accessoriata con angolo cottura completo di frigo, microonde, bollitore. E\u2019 inclusa una fornitura di lenzuola e asciugamani per 2 persone. Puoi arrivare e partire qualsiasi giorno della settimana e prenotare anche solo 2 notti.<\/p>\n\n\n\n<p>Per una vacanza in famiglia o con gli amici puoi scegliere varie soluzioni: dalle classiche ed economiche Mobilhome Coral e Giada, alle moderne e confortevoli Rubino e Zaffiro, dotate di una terrazza extra large. Se hai bimbi piccoli scegli una Perla, Coral New o Giada New che hanno la terrazza dotata di cancelletto.<\/p>\n\n\n\n<p>Per queste tipologie puoi scegliere se arrivare venerd\u00ec, sabato o domenica (prenotazione settimanale di 7 o 14 notti). Le lenzuola e gli asciugamani non sono inclusi e puoi portarli da casa o noleggiarli da noi.<\/p>\n\n\n\n<h4 class=\"wp-block-heading\">Informazioni Utili del Campeggio<\/h4>\n\n\n\n<p>La reception \u00e8 aperta dalle 7 alle 23 e il check in pu\u00f2 essere effettuato a qualsiasi ora. Ricorda che ti verr\u00e0 richiesta una cauzione di Euro 100,00 in contanti. Una volta effettuato il check in potrai entrare in camping ed usufruire dei servizi a disposizione. Se hai prenotato un posto spiaggia puoi utilizzarlo gi\u00e0 il giorno dell\u2019arrivo.<\/p>\n\n\n\n<p>La consegna delle chiavi \u00e8 garantita dalle ore 17, una volta terminato il servizio di pulizia e sanificazione delle case.<\/p>\n\n\n\n<p>Il giorno della partenza la casa deve essere liberata entro le ore 10.00, salvo eventuali offerte speciali che prevedano la possibilit\u00e0 di partire il pomeriggio.<\/p>\n","protected":false},"excerpt":{"rendered":"<p>All\u2019interno del Camping Marelago si pu\u00f2 vivere una vacanza a contatto con la natura e a pochi passi dal mare senza rinunciare alle comodit\u00e0 e all\u2019indipendenza di casa. Le nostre mobilhome possono accogliere fino a 6 persone, sono tutte accessoriate e dotate di soggiorno con angolo cottura completo di stoviglie e pentolame, climatizzatore, TV sat, [&hellip;]<\/p>\n","protected":false},"author":1,"featured_media":2675,"parent":0,"menu_order":60,"comment_status":"closed","ping_status":"closed","template":"template-room-list.php","meta":{"_acf_changed":false,"footnotes":""},"class_list":["post-61","page","type-page","status-publish","has-post-thumbnail","hentry"],"acf":[],"yoast_head":"<!-- This site is optimized with the Yoast SEO plugin v26.7 - https:\/\/yoast.com\/wordpress\/plugins\/seo\/ -->\n<title>Mobilhome a pochi passi dal mare di Caorle - Camping Marelago<\/title>\n<meta name=\"description\" content=\"Le nostre mobilhome disponibili fino a 6 persone hanno impianto di climatizzazione e TV satellitare, angolo cottura e servizi privati\" \/>\n<meta name=\"robots\" content=\"index, follow, max-snippet:-1, max-image-preview:large, max-video-preview:-1\" \/>\n<link rel=\"canonical\" href=\"https:\/\/www.marelago.it\/it\/mobilhome\/\" \/>\n<meta property=\"og:locale\" content=\"it_IT\" \/>\n<meta property=\"og:type\" content=\"article\" \/>\n<meta property=\"og:title\" content=\"Mobilhome a pochi passi dal mare di Caorle - Camping Marelago\" \/>\n<meta property=\"og:description\" content=\"Le nostre mobilhome disponibili fino a 6 persone hanno impianto di climatizzazione e TV satellitare, angolo cottura e servizi privati\" \/>\n<meta property=\"og:url\" content=\"https:\/\/www.marelago.it\/it\/mobilhome\/\" \/>\n<meta property=\"og:site_name\" content=\"Marelago Camping\" \/>\n<meta property=\"article:publisher\" content=\"https:\/\/www.facebook.com\/campingmarelago\/\" \/>\n<meta property=\"article:modified_time\" content=\"2023-03-31T08:20:30+00:00\" \/>\n<meta property=\"og:image\" content=\"https:\/\/www.marelago.it\/wp-content\/uploads\/2023\/03\/mobilhome.jpg\" \/>\n\t<meta property=\"og:image:width\" content=\"1900\" \/>\n\t<meta property=\"og:image:height\" content=\"1280\" \/>\n\t<meta property=\"og:image:type\" content=\"image\/jpeg\" \/>\n<meta name=\"twitter:card\" content=\"summary_large_image\" \/>\n<meta name=\"twitter:label1\" content=\"Tempo di lettura stimato\" \/>\n\t<meta name=\"twitter:data1\" content=\"2 minuti\" \/>\n<script type=\"application\/ld+json\" class=\"yoast-schema-graph\">{\"@context\":\"https:\/\/schema.org\",\"@graph\":[{\"@type\":\"WebPage\",\"@id\":\"https:\/\/www.marelago.it\/it\/mobilhome\/\",\"url\":\"https:\/\/www.marelago.it\/it\/mobilhome\/\",\"name\":\"Mobilhome a pochi passi dal mare di Caorle - Camping Marelago\",\"isPartOf\":{\"@id\":\"https:\/\/www.marelago.it\/it\/#website\"},\"primaryImageOfPage\":{\"@id\":\"https:\/\/www.marelago.it\/it\/mobilhome\/#primaryimage\"},\"image\":{\"@id\":\"https:\/\/www.marelago.it\/it\/mobilhome\/#primaryimage\"},\"thumbnailUrl\":\"https:\/\/www.marelago.it\/wp-content\/uploads\/2023\/03\/mobilhome.jpg\",\"datePublished\":\"2023-02-21T16:11:38+00:00\",\"dateModified\":\"2023-03-31T08:20:30+00:00\",\"description\":\"Le nostre mobilhome disponibili fino a 6 persone hanno impianto di climatizzazione e TV satellitare, angolo cottura e servizi privati\",\"breadcrumb\":{\"@id\":\"https:\/\/www.marelago.it\/it\/mobilhome\/#breadcrumb\"},\"inLanguage\":\"it-IT\",\"potentialAction\":[{\"@type\":\"ReadAction\",\"target\":[\"https:\/\/www.marelago.it\/it\/mobilhome\/\"]}]},{\"@type\":\"ImageObject\",\"inLanguage\":\"it-IT\",\"@id\":\"https:\/\/www.marelago.it\/it\/mobilhome\/#primaryimage\",\"url\":\"https:\/\/www.marelago.it\/wp-content\/uploads\/2023\/03\/mobilhome.jpg\",\"contentUrl\":\"https:\/\/www.marelago.it\/wp-content\/uploads\/2023\/03\/mobilhome.jpg\",\"width\":1900,\"height\":1280},{\"@type\":\"BreadcrumbList\",\"@id\":\"https:\/\/www.marelago.it\/it\/mobilhome\/#breadcrumb\",\"itemListElement\":[{\"@type\":\"ListItem\",\"position\":1,\"name\":\"Home\",\"item\":\"https:\/\/www.marelago.it\/it\/\"},{\"@type\":\"ListItem\",\"position\":2,\"name\":\"Mobilhome\"}]},{\"@type\":\"WebSite\",\"@id\":\"https:\/\/www.marelago.it\/it\/#website\",\"url\":\"https:\/\/www.marelago.it\/it\/\",\"name\":\"Camping Marelago\",\"description\":\"Il vostro Campeggio a Caorle Lido Altanea\",\"publisher\":{\"@id\":\"https:\/\/www.marelago.it\/it\/#organization\"},\"potentialAction\":[{\"@type\":\"SearchAction\",\"target\":{\"@type\":\"EntryPoint\",\"urlTemplate\":\"https:\/\/www.marelago.it\/it\/?s={search_term_string}\"},\"query-input\":{\"@type\":\"PropertyValueSpecification\",\"valueRequired\":true,\"valueName\":\"search_term_string\"}}],\"inLanguage\":\"it-IT\"},{\"@type\":\"Organization\",\"@id\":\"https:\/\/www.marelago.it\/it\/#organization\",\"name\":\"Camping Marelago\",\"url\":\"https:\/\/www.marelago.it\/it\/\",\"logo\":{\"@type\":\"ImageObject\",\"inLanguage\":\"it-IT\",\"@id\":\"https:\/\/www.marelago.it\/it\/#\/schema\/logo\/image\/\",\"url\":\"https:\/\/www.marelago.it\/wp-content\/uploads\/2023\/02\/camping-marelago-caorle-logo.png\",\"contentUrl\":\"https:\/\/www.marelago.it\/wp-content\/uploads\/2023\/02\/camping-marelago-caorle-logo.png\",\"width\":169,\"height\":89,\"caption\":\"Camping Marelago\"},\"image\":{\"@id\":\"https:\/\/www.marelago.it\/it\/#\/schema\/logo\/image\/\"},\"sameAs\":[\"https:\/\/www.facebook.com\/campingmarelago\/\"]}]}<\/script>\n<!-- \/ Yoast SEO plugin. -->","yoast_head_json":{"title":"Mobilhome a pochi passi dal mare di Caorle - Camping Marelago","description":"Le nostre mobilhome disponibili fino a 6 persone hanno impianto di climatizzazione e TV satellitare, angolo cottura e servizi privati","robots":{"index":"index","follow":"follow","max-snippet":"max-snippet:-1","max-image-preview":"max-image-preview:large","max-video-preview":"max-video-preview:-1"},"canonical":"https:\/\/www.marelago.it\/it\/mobilhome\/","og_locale":"it_IT","og_type":"article","og_title":"Mobilhome a pochi passi dal mare di Caorle - Camping Marelago","og_description":"Le nostre mobilhome disponibili fino a 6 persone hanno impianto di climatizzazione e TV satellitare, angolo cottura e servizi privati","og_url":"https:\/\/www.marelago.it\/it\/mobilhome\/","og_site_name":"Marelago Camping","article_publisher":"https:\/\/www.facebook.com\/campingmarelago\/","article_modified_time":"2023-03-31T08:20:30+00:00","og_image":[{"width":1900,"height":1280,"url":"https:\/\/www.marelago.it\/wp-content\/uploads\/2023\/03\/mobilhome.jpg","type":"image\/jpeg"}],"twitter_card":"summary_large_image","twitter_misc":{"Tempo di lettura stimato":"2 minuti"},"schema":{"@context":"https:\/\/schema.org","@graph":[{"@type":"WebPage","@id":"https:\/\/www.marelago.it\/it\/mobilhome\/","url":"https:\/\/www.marelago.it\/it\/mobilhome\/","name":"Mobilhome a pochi passi dal mare di Caorle - Camping Marelago","isPartOf":{"@id":"https:\/\/www.marelago.it\/it\/#website"},"primaryImageOfPage":{"@id":"https:\/\/www.marelago.it\/it\/mobilhome\/#primaryimage"},"image":{"@id":"https:\/\/www.marelago.it\/it\/mobilhome\/#primaryimage"},"thumbnailUrl":"https:\/\/www.marelago.it\/wp-content\/uploads\/2023\/03\/mobilhome.jpg","datePublished":"2023-02-21T16:11:38+00:00","dateModified":"2023-03-31T08:20:30+00:00","description":"Le nostre mobilhome disponibili fino a 6 persone hanno impianto di climatizzazione e TV satellitare, angolo cottura e servizi privati","breadcrumb":{"@id":"https:\/\/www.marelago.it\/it\/mobilhome\/#breadcrumb"},"inLanguage":"it-IT","potentialAction":[{"@type":"ReadAction","target":["https:\/\/www.marelago.it\/it\/mobilhome\/"]}]},{"@type":"ImageObject","inLanguage":"it-IT","@id":"https:\/\/www.marelago.it\/it\/mobilhome\/#primaryimage","url":"https:\/\/www.marelago.it\/wp-content\/uploads\/2023\/03\/mobilhome.jpg","contentUrl":"https:\/\/www.marelago.it\/wp-content\/uploads\/2023\/03\/mobilhome.jpg","width":1900,"height":1280},{"@type":"BreadcrumbList","@id":"https:\/\/www.marelago.it\/it\/mobilhome\/#breadcrumb","itemListElement":[{"@type":"ListItem","position":1,"name":"Home","item":"https:\/\/www.marelago.it\/it\/"},{"@type":"ListItem","position":2,"name":"Mobilhome"}]},{"@type":"WebSite","@id":"https:\/\/www.marelago.it\/it\/#website","url":"https:\/\/www.marelago.it\/it\/","name":"Camping Marelago","description":"Il vostro Campeggio a Caorle Lido Altanea","publisher":{"@id":"https:\/\/www.marelago.it\/it\/#organization"},"potentialAction":[{"@type":"SearchAction","target":{"@type":"EntryPoint","urlTemplate":"https:\/\/www.marelago.it\/it\/?s={search_term_string}"},"query-input":{"@type":"PropertyValueSpecification","valueRequired":true,"valueName":"search_term_string"}}],"inLanguage":"it-IT"},{"@type":"Organization","@id":"https:\/\/www.marelago.it\/it\/#organization","name":"Camping Marelago","url":"https:\/\/www.marelago.it\/it\/","logo":{"@type":"ImageObject","inLanguage":"it-IT","@id":"https:\/\/www.marelago.it\/it\/#\/schema\/logo\/image\/","url":"https:\/\/www.marelago.it\/wp-content\/uploads\/2023\/02\/camping-marelago-caorle-logo.png","contentUrl":"https:\/\/www.marelago.it\/wp-content\/uploads\/2023\/02\/camping-marelago-caorle-logo.png","width":169,"height":89,"caption":"Camping Marelago"},"image":{"@id":"https:\/\/www.marelago.it\/it\/#\/schema\/logo\/image\/"},"sameAs":["https:\/\/www.facebook.com\/campingmarelago\/"]}]}},"_links":{"self":[{"href":"https:\/\/www.marelago.it\/it\/wp-json\/wp\/v2\/pages\/61","targetHints":{"allow":["GET"]}}],"collection":[{"href":"https:\/\/www.marelago.it\/it\/wp-json\/wp\/v2\/pages"}],"about":[{"href":"https:\/\/www.marelago.it\/it\/wp-json\/wp\/v2\/types\/page"}],"author":[{"embeddable":true,"href":"https:\/\/www.marelago.it\/it\/wp-json\/wp\/v2\/users\/1"}],"replies":[{"embeddable":true,"href":"https:\/\/www.marelago.it\/it\/wp-json\/wp\/v2\/comments?post=61"}],"version-history":[{"count":10,"href":"https:\/\/www.marelago.it\/it\/wp-json\/wp\/v2\/pages\/61\/revisions"}],"predecessor-version":[{"id":1905,"href":"https:\/\/www.marelago.it\/it\/wp-json\/wp\/v2\/pages\/61\/revisions\/1905"}],"wp:featuredmedia":[{"embeddable":true,"href":"https:\/\/www.marelago.it\/it\/wp-json\/wp\/v2\/media\/2675"}],"wp:attachment":[{"href":"https:\/\/www.marelago.it\/it\/wp-json\/wp\/v2\/media?parent=61"}],"curies":[{"name":"wp","href":"https:\/\/api.w.org\/{rel}","templated":true}]}}