{"id":932,"date":"2023-02-23T17:20:38","date_gmt":"2023-02-23T16:20:38","guid":{"rendered":"https:\/\/www.marelago.it\/snackbar\/"},"modified":"2023-04-07T15:48:41","modified_gmt":"2023-04-07T13:48:41","slug":"snackbar","status":"publish","type":"page","link":"https:\/\/www.marelago.it\/de\/snackbar\/","title":{"rendered":"Snackbar"},"content":{"rendered":"\n<p>Die Snackbar neben der Rezeption des Campingplatzes ist t\u00e4glich ge\u00f6ffnet und l\u00e4dt Sie morgens zu einem klassischen italienischen Fr\u00fchst\u00fcck mit Croissant und Cappuccino ein, aber auch tags\u00fcber und abends zu einem Eis, Snack oder Getr\u00e4nk.<\/p>\n\n\n\n<p>Abends kann man sich dort mit den Freunden treffen, um einen Aperitif zu trinken oder ein Eis zu essen, den Sonnenuntergang zu bewundern oder die Konzerte der kleinen Bands zu h\u00f6ren, die von dem Lokal organisiert werden.<\/p>\n","protected":false},"excerpt":{"rendered":"<p>Die Snackbar neben der Rezeption des Campingplatzes ist t\u00e4glich ge\u00f6ffnet und l\u00e4dt Sie morgens zu einem klassischen italienischen Fr\u00fchst\u00fcck mit Croissant und Cappuccino ein, aber auch tags\u00fcber und abends zu einem Eis, Snack oder Getr\u00e4nk. Abends kann man sich dort mit den Freunden treffen, um einen Aperitif zu trinken oder ein Eis zu essen, den [&hellip;]<\/p>\n","protected":false},"author":1,"featured_media":914,"parent":0,"menu_order":68,"comment_status":"closed","ping_status":"closed","template":"","meta":{"_acf_changed":false,"footnotes":""},"class_list":["post-932","page","type-page","status-publish","has-post-thumbnail","hentry"],"acf":[],"yoast_head":"<!-- This site is optimized with the Yoast SEO plugin v26.7 - https:\/\/yoast.com\/wordpress\/plugins\/seo\/ -->\n<title>Snackbar | Marelago Camping<\/title>\n<meta name=\"robots\" content=\"index, follow, max-snippet:-1, max-image-preview:large, max-video-preview:-1\" \/>\n<link rel=\"canonical\" href=\"https:\/\/www.marelago.it\/de\/snackbar\/\" \/>\n<meta property=\"og:locale\" content=\"de_DE\" \/>\n<meta property=\"og:type\" content=\"article\" \/>\n<meta property=\"og:title\" content=\"Snackbar | Marelago Camping\" \/>\n<meta property=\"og:description\" content=\"Die Snackbar neben der Rezeption des Campingplatzes ist t\u00e4glich ge\u00f6ffnet und l\u00e4dt Sie morgens zu einem klassischen italienischen Fr\u00fchst\u00fcck mit Croissant und Cappuccino ein, aber auch tags\u00fcber und abends zu einem Eis, Snack oder Getr\u00e4nk. Abends kann man sich dort mit den Freunden treffen, um einen Aperitif zu trinken oder ein Eis zu essen, den [&hellip;]\" \/>\n<meta property=\"og:url\" content=\"https:\/\/www.marelago.it\/de\/snackbar\/\" \/>\n<meta property=\"og:site_name\" content=\"Marelago Camping\" \/>\n<meta property=\"article:publisher\" content=\"https:\/\/www.facebook.com\/campingmarelago\/\" \/>\n<meta property=\"article:modified_time\" content=\"2023-04-07T13:48:41+00:00\" \/>\n<meta property=\"og:image\" content=\"https:\/\/www.marelago.it\/wp-content\/uploads\/2023\/03\/bar_camping_marelago-3.webp\" \/>\n\t<meta property=\"og:image:width\" content=\"1900\" \/>\n\t<meta property=\"og:image:height\" content=\"1280\" \/>\n\t<meta property=\"og:image:type\" content=\"image\/webp\" \/>\n<meta name=\"twitter:card\" content=\"summary_large_image\" \/>\n<meta name=\"twitter:label1\" content=\"Gesch\u00e4tzte Lesezeit\" \/>\n\t<meta name=\"twitter:data1\" content=\"1\u00a0Minute\" \/>\n<script type=\"application\/ld+json\" class=\"yoast-schema-graph\">{\"@context\":\"https:\/\/schema.org\",\"@graph\":[{\"@type\":\"WebPage\",\"@id\":\"https:\/\/www.marelago.it\/de\/snackbar\/\",\"url\":\"https:\/\/www.marelago.it\/de\/snackbar\/\",\"name\":\"Snackbar | Marelago Camping\",\"isPartOf\":{\"@id\":\"https:\/\/www.marelago.it\/de\/#website\"},\"primaryImageOfPage\":{\"@id\":\"https:\/\/www.marelago.it\/de\/snackbar\/#primaryimage\"},\"image\":{\"@id\":\"https:\/\/www.marelago.it\/de\/snackbar\/#primaryimage\"},\"thumbnailUrl\":\"https:\/\/www.marelago.it\/wp-content\/uploads\/2023\/03\/bar_camping_marelago-3.webp\",\"datePublished\":\"2023-02-23T16:20:38+00:00\",\"dateModified\":\"2023-04-07T13:48:41+00:00\",\"breadcrumb\":{\"@id\":\"https:\/\/www.marelago.it\/de\/snackbar\/#breadcrumb\"},\"inLanguage\":\"de\",\"potentialAction\":[{\"@type\":\"ReadAction\",\"target\":[\"https:\/\/www.marelago.it\/de\/snackbar\/\"]}]},{\"@type\":\"ImageObject\",\"inLanguage\":\"de\",\"@id\":\"https:\/\/www.marelago.it\/de\/snackbar\/#primaryimage\",\"url\":\"https:\/\/www.marelago.it\/wp-content\/uploads\/2023\/03\/bar_camping_marelago-3.webp\",\"contentUrl\":\"https:\/\/www.marelago.it\/wp-content\/uploads\/2023\/03\/bar_camping_marelago-3.webp\",\"width\":1900,\"height\":1280},{\"@type\":\"BreadcrumbList\",\"@id\":\"https:\/\/www.marelago.it\/de\/snackbar\/#breadcrumb\",\"itemListElement\":[{\"@type\":\"ListItem\",\"position\":1,\"name\":\"Home\",\"item\":\"https:\/\/www.marelago.it\/de\/\"},{\"@type\":\"ListItem\",\"position\":2,\"name\":\"Snackbar\"}]},{\"@type\":\"WebSite\",\"@id\":\"https:\/\/www.marelago.it\/de\/#website\",\"url\":\"https:\/\/www.marelago.it\/de\/\",\"name\":\"Camping Marelago\",\"description\":\"Il vostro Campeggio a Caorle Lido Altanea\",\"publisher\":{\"@id\":\"https:\/\/www.marelago.it\/de\/#organization\"},\"potentialAction\":[{\"@type\":\"SearchAction\",\"target\":{\"@type\":\"EntryPoint\",\"urlTemplate\":\"https:\/\/www.marelago.it\/de\/?s={search_term_string}\"},\"query-input\":{\"@type\":\"PropertyValueSpecification\",\"valueRequired\":true,\"valueName\":\"search_term_string\"}}],\"inLanguage\":\"de\"},{\"@type\":\"Organization\",\"@id\":\"https:\/\/www.marelago.it\/de\/#organization\",\"name\":\"Camping Marelago\",\"url\":\"https:\/\/www.marelago.it\/de\/\",\"logo\":{\"@type\":\"ImageObject\",\"inLanguage\":\"de\",\"@id\":\"https:\/\/www.marelago.it\/de\/#\/schema\/logo\/image\/\",\"url\":\"https:\/\/www.marelago.it\/wp-content\/uploads\/2023\/02\/camping-marelago-caorle-logo.png\",\"contentUrl\":\"https:\/\/www.marelago.it\/wp-content\/uploads\/2023\/02\/camping-marelago-caorle-logo.png\",\"width\":169,\"height\":89,\"caption\":\"Camping Marelago\"},\"image\":{\"@id\":\"https:\/\/www.marelago.it\/de\/#\/schema\/logo\/image\/\"},\"sameAs\":[\"https:\/\/www.facebook.com\/campingmarelago\/\"]}]}<\/script>\n<!-- \/ Yoast SEO plugin. -->","yoast_head_json":{"title":"Snackbar | Marelago Camping","robots":{"index":"index","follow":"follow","max-snippet":"max-snippet:-1","max-image-preview":"max-image-preview:large","max-video-preview":"max-video-preview:-1"},"canonical":"https:\/\/www.marelago.it\/de\/snackbar\/","og_locale":"de_DE","og_type":"article","og_title":"Snackbar | Marelago Camping","og_description":"Die Snackbar neben der Rezeption des Campingplatzes ist t\u00e4glich ge\u00f6ffnet und l\u00e4dt Sie morgens zu einem klassischen italienischen Fr\u00fchst\u00fcck mit Croissant und Cappuccino ein, aber auch tags\u00fcber und abends zu einem Eis, Snack oder Getr\u00e4nk. Abends kann man sich dort mit den Freunden treffen, um einen Aperitif zu trinken oder ein Eis zu essen, den [&hellip;]","og_url":"https:\/\/www.marelago.it\/de\/snackbar\/","og_site_name":"Marelago Camping","article_publisher":"https:\/\/www.facebook.com\/campingmarelago\/","article_modified_time":"2023-04-07T13:48:41+00:00","og_image":[{"width":1900,"height":1280,"url":"https:\/\/www.marelago.it\/wp-content\/uploads\/2023\/03\/bar_camping_marelago-3.webp","type":"image\/webp"}],"twitter_card":"summary_large_image","twitter_misc":{"Gesch\u00e4tzte Lesezeit":"1\u00a0Minute"},"schema":{"@context":"https:\/\/schema.org","@graph":[{"@type":"WebPage","@id":"https:\/\/www.marelago.it\/de\/snackbar\/","url":"https:\/\/www.marelago.it\/de\/snackbar\/","name":"Snackbar | Marelago Camping","isPartOf":{"@id":"https:\/\/www.marelago.it\/de\/#website"},"primaryImageOfPage":{"@id":"https:\/\/www.marelago.it\/de\/snackbar\/#primaryimage"},"image":{"@id":"https:\/\/www.marelago.it\/de\/snackbar\/#primaryimage"},"thumbnailUrl":"https:\/\/www.marelago.it\/wp-content\/uploads\/2023\/03\/bar_camping_marelago-3.webp","datePublished":"2023-02-23T16:20:38+00:00","dateModified":"2023-04-07T13:48:41+00:00","breadcrumb":{"@id":"https:\/\/www.marelago.it\/de\/snackbar\/#breadcrumb"},"inLanguage":"de","potentialAction":[{"@type":"ReadAction","target":["https:\/\/www.marelago.it\/de\/snackbar\/"]}]},{"@type":"ImageObject","inLanguage":"de","@id":"https:\/\/www.marelago.it\/de\/snackbar\/#primaryimage","url":"https:\/\/www.marelago.it\/wp-content\/uploads\/2023\/03\/bar_camping_marelago-3.webp","contentUrl":"https:\/\/www.marelago.it\/wp-content\/uploads\/2023\/03\/bar_camping_marelago-3.webp","width":1900,"height":1280},{"@type":"BreadcrumbList","@id":"https:\/\/www.marelago.it\/de\/snackbar\/#breadcrumb","itemListElement":[{"@type":"ListItem","position":1,"name":"Home","item":"https:\/\/www.marelago.it\/de\/"},{"@type":"ListItem","position":2,"name":"Snackbar"}]},{"@type":"WebSite","@id":"https:\/\/www.marelago.it\/de\/#website","url":"https:\/\/www.marelago.it\/de\/","name":"Camping Marelago","description":"Il vostro Campeggio a Caorle Lido Altanea","publisher":{"@id":"https:\/\/www.marelago.it\/de\/#organization"},"potentialAction":[{"@type":"SearchAction","target":{"@type":"EntryPoint","urlTemplate":"https:\/\/www.marelago.it\/de\/?s={search_term_string}"},"query-input":{"@type":"PropertyValueSpecification","valueRequired":true,"valueName":"search_term_string"}}],"inLanguage":"de"},{"@type":"Organization","@id":"https:\/\/www.marelago.it\/de\/#organization","name":"Camping Marelago","url":"https:\/\/www.marelago.it\/de\/","logo":{"@type":"ImageObject","inLanguage":"de","@id":"https:\/\/www.marelago.it\/de\/#\/schema\/logo\/image\/","url":"https:\/\/www.marelago.it\/wp-content\/uploads\/2023\/02\/camping-marelago-caorle-logo.png","contentUrl":"https:\/\/www.marelago.it\/wp-content\/uploads\/2023\/02\/camping-marelago-caorle-logo.png","width":169,"height":89,"caption":"Camping Marelago"},"image":{"@id":"https:\/\/www.marelago.it\/de\/#\/schema\/logo\/image\/"},"sameAs":["https:\/\/www.facebook.com\/campingmarelago\/"]}]}},"_links":{"self":[{"href":"https:\/\/www.marelago.it\/de\/wp-json\/wp\/v2\/pages\/932","targetHints":{"allow":["GET"]}}],"collection":[{"href":"https:\/\/www.marelago.it\/de\/wp-json\/wp\/v2\/pages"}],"about":[{"href":"https:\/\/www.marelago.it\/de\/wp-json\/wp\/v2\/types\/page"}],"author":[{"embeddable":true,"href":"https:\/\/www.marelago.it\/de\/wp-json\/wp\/v2\/users\/1"}],"replies":[{"embeddable":true,"href":"https:\/\/www.marelago.it\/de\/wp-json\/wp\/v2\/comments?post=932"}],"version-history":[{"count":3,"href":"https:\/\/www.marelago.it\/de\/wp-json\/wp\/v2\/pages\/932\/revisions"}],"predecessor-version":[{"id":2945,"href":"https:\/\/www.marelago.it\/de\/wp-json\/wp\/v2\/pages\/932\/revisions\/2945"}],"wp:featuredmedia":[{"embeddable":true,"href":"https:\/\/www.marelago.it\/de\/wp-json\/wp\/v2\/media\/914"}],"wp:attachment":[{"href":"https:\/\/www.marelago.it\/de\/wp-json\/wp\/v2\/media?parent=932"}],"curies":[{"name":"wp","href":"https:\/\/api.w.org\/{rel}","templated":true}]}}