{"id":27,"date":"2023-02-17T10:47:44","date_gmt":"2023-02-17T09:47:44","guid":{"rendered":"https:\/\/www.marelago.it\/pagina-di-esempio\/"},"modified":"2025-09-30T11:39:13","modified_gmt":"2025-09-30T09:39:13","slug":"pagina-di-esempio","status":"publish","type":"page","link":"https:\/\/www.marelago.it\/de\/","title":{"rendered":"Camping Marelago, f\u00fcr die, die Urlaub zwischen Meer und Natur lieben"},"content":{"rendered":"\n<p><strong>Der Campingplatz Marelago in Caorle hat mehr als 290 grasbewachsene Stellpl\u00e4tze, gro\u00dfe Fl\u00e4chen sind mit allen Dienstleistungen ausgestattet, um Ihnen einen komfortablen Aufenthalt zu gestalten.<\/strong><\/p>\n\n\n\n<p>Zahlreiche Dienste sind im Preis inbegriffen, wie WLAN, Kindergarten mit Bad f\u00fcr die Kinder, Behindertenservice, freier Eintritt in den Pool mit gro\u00dfem Solarium sowie f\u00fcr die unterhaltsamen Animationen.<\/p>\n\n\n\n<p>Wenn Sie nicht vollst\u00e4ndig auf den Komfort verzichten m\u00f6chten, so stehen auf dem Campingplatz Marelago wundersch\u00f6ne und bequeme Wohnmobile zur Verf\u00fcgung, in denen bis zu 6 Personen Platz haben und f\u00fcr den Urlaub in Caorle mit der ganzen Familie geeignet sind.<\/p>\n\n\n\n<p>Dank des campingeigenen Zutritts gelangen Sie vom Camping Marelago aus direkt an den Strand von Lido Altanea. Wenn Sie den Ort bequem und vergn\u00fcglich besichtigen m\u00f6chten, k\u00f6nnen Sie in unseren Shuttle-Zug steigen, mit dem Sie die vielen Fahrradwege von Lido Altanea befahren werden. Ein Riesenspa\u00df f\u00fcr alle Kinder.<\/p>\n\n\n\n<p>Wenn Sie auch im Urlaub physische Aktivit\u00e4t aus\u00fcben m\u00f6chten, dann k\u00f6nnen Sie sich im Marelago Camping im ausger\u00fcsteten Sporting Club Altanea fit halten, einem Sportcenter mit Kleinfeldfu\u00dfball, Beachvolley, Tennis und Basketball. Der Campingplatz ist au\u00dferdem f\u00fcr erholsame Spazierg\u00e4nge zur Erforschung der Umgebung von zahlreichen Fu\u00df- und Fahrradwegen umgeben.<\/p>\n","protected":false},"excerpt":{"rendered":"<p>Der Campingplatz Marelago in Caorle hat mehr als 290 grasbewachsene Stellpl\u00e4tze, gro\u00dfe Fl\u00e4chen sind mit allen Dienstleistungen ausgestattet, um Ihnen einen komfortablen Aufenthalt zu gestalten. Zahlreiche Dienste sind im Preis inbegriffen, wie WLAN, Kindergarten mit Bad f\u00fcr die Kinder, Behindertenservice, freier Eintritt in den Pool mit gro\u00dfem Solarium sowie f\u00fcr die unterhaltsamen Animationen. Wenn Sie [&hellip;]<\/p>\n","protected":false},"author":1,"featured_media":2707,"parent":0,"menu_order":87,"comment_status":"closed","ping_status":"open","template":"","meta":{"_acf_changed":false,"footnotes":""},"class_list":["post-27","page","type-page","status-publish","has-post-thumbnail","hentry"],"acf":[],"yoast_head":"<!-- This site is optimized with the Yoast SEO plugin v26.7 - https:\/\/yoast.com\/wordpress\/plugins\/seo\/ -->\n<title>Camping Marelago, f\u00fcr die, die Urlaub zwischen Meer und Natur lieben | Marelago Camping<\/title>\n<meta name=\"robots\" content=\"index, follow, max-snippet:-1, max-image-preview:large, max-video-preview:-1\" \/>\n<link rel=\"canonical\" href=\"https:\/\/www.marelago.it\/de\/\" \/>\n<meta property=\"og:locale\" content=\"de_DE\" \/>\n<meta property=\"og:type\" content=\"article\" \/>\n<meta property=\"og:title\" content=\"Camping Marelago, f\u00fcr die, die Urlaub zwischen Meer und Natur lieben | Marelago Camping\" \/>\n<meta property=\"og:description\" content=\"Der Campingplatz Marelago in Caorle hat mehr als 290 grasbewachsene Stellpl\u00e4tze, gro\u00dfe Fl\u00e4chen sind mit allen Dienstleistungen ausgestattet, um Ihnen einen komfortablen Aufenthalt zu gestalten. Zahlreiche Dienste sind im Preis inbegriffen, wie WLAN, Kindergarten mit Bad f\u00fcr die Kinder, Behindertenservice, freier Eintritt in den Pool mit gro\u00dfem Solarium sowie f\u00fcr die unterhaltsamen Animationen. Wenn Sie [&hellip;]\" \/>\n<meta property=\"og:url\" content=\"https:\/\/www.marelago.it\/de\/\" \/>\n<meta property=\"og:site_name\" content=\"Marelago Camping\" \/>\n<meta property=\"article:publisher\" content=\"https:\/\/www.facebook.com\/campingmarelago\/\" \/>\n<meta property=\"article:modified_time\" content=\"2025-09-30T09:39:13+00:00\" \/>\n<meta property=\"og:image\" content=\"https:\/\/www.marelago.it\/wp-content\/uploads\/2023\/03\/header_homepage-2-1.jpg\" \/>\n\t<meta property=\"og:image:width\" content=\"1900\" \/>\n\t<meta property=\"og:image:height\" content=\"1280\" \/>\n\t<meta property=\"og:image:type\" content=\"image\/jpeg\" \/>\n<meta name=\"twitter:card\" content=\"summary_large_image\" \/>\n<meta name=\"twitter:label1\" content=\"Gesch\u00e4tzte Lesezeit\" \/>\n\t<meta name=\"twitter:data1\" content=\"2\u00a0Minuten\" \/>\n<script type=\"application\/ld+json\" class=\"yoast-schema-graph\">{\"@context\":\"https:\/\/schema.org\",\"@graph\":[{\"@type\":\"WebPage\",\"@id\":\"https:\/\/www.marelago.it\/de\/\",\"url\":\"https:\/\/www.marelago.it\/de\/\",\"name\":\"Camping Marelago, f\u00fcr die, die Urlaub zwischen Meer und Natur lieben | Marelago Camping\",\"isPartOf\":{\"@id\":\"https:\/\/www.marelago.it\/de\/#website\"},\"primaryImageOfPage\":{\"@id\":\"https:\/\/www.marelago.it\/de\/#primaryimage\"},\"image\":{\"@id\":\"https:\/\/www.marelago.it\/de\/#primaryimage\"},\"thumbnailUrl\":\"https:\/\/www.marelago.it\/wp-content\/uploads\/2023\/03\/header_homepage-2-1.jpg\",\"datePublished\":\"2023-02-17T09:47:44+00:00\",\"dateModified\":\"2025-09-30T09:39:13+00:00\",\"breadcrumb\":{\"@id\":\"https:\/\/www.marelago.it\/de\/#breadcrumb\"},\"inLanguage\":\"de\",\"potentialAction\":[{\"@type\":\"ReadAction\",\"target\":[\"https:\/\/www.marelago.it\/de\/\"]}]},{\"@type\":\"ImageObject\",\"inLanguage\":\"de\",\"@id\":\"https:\/\/www.marelago.it\/de\/#primaryimage\",\"url\":\"https:\/\/www.marelago.it\/wp-content\/uploads\/2023\/03\/header_homepage-2-1.jpg\",\"contentUrl\":\"https:\/\/www.marelago.it\/wp-content\/uploads\/2023\/03\/header_homepage-2-1.jpg\",\"width\":1900,\"height\":1280},{\"@type\":\"BreadcrumbList\",\"@id\":\"https:\/\/www.marelago.it\/de\/#breadcrumb\",\"itemListElement\":[{\"@type\":\"ListItem\",\"position\":1,\"name\":\"Home\",\"item\":\"https:\/\/www.marelago.it\/de\/\"},{\"@type\":\"ListItem\",\"position\":2,\"name\":\"Camping Marelago, f\u00fcr die, die Urlaub zwischen Meer und Natur lieben\"}]},{\"@type\":\"WebSite\",\"@id\":\"https:\/\/www.marelago.it\/de\/#website\",\"url\":\"https:\/\/www.marelago.it\/de\/\",\"name\":\"Camping Marelago\",\"description\":\"Il vostro Campeggio a Caorle Lido Altanea\",\"publisher\":{\"@id\":\"https:\/\/www.marelago.it\/de\/#organization\"},\"potentialAction\":[{\"@type\":\"SearchAction\",\"target\":{\"@type\":\"EntryPoint\",\"urlTemplate\":\"https:\/\/www.marelago.it\/de\/?s={search_term_string}\"},\"query-input\":{\"@type\":\"PropertyValueSpecification\",\"valueRequired\":true,\"valueName\":\"search_term_string\"}}],\"inLanguage\":\"de\"},{\"@type\":\"Organization\",\"@id\":\"https:\/\/www.marelago.it\/de\/#organization\",\"name\":\"Camping Marelago\",\"url\":\"https:\/\/www.marelago.it\/de\/\",\"logo\":{\"@type\":\"ImageObject\",\"inLanguage\":\"de\",\"@id\":\"https:\/\/www.marelago.it\/de\/#\/schema\/logo\/image\/\",\"url\":\"https:\/\/www.marelago.it\/wp-content\/uploads\/2023\/02\/camping-marelago-caorle-logo.png\",\"contentUrl\":\"https:\/\/www.marelago.it\/wp-content\/uploads\/2023\/02\/camping-marelago-caorle-logo.png\",\"width\":169,\"height\":89,\"caption\":\"Camping Marelago\"},\"image\":{\"@id\":\"https:\/\/www.marelago.it\/de\/#\/schema\/logo\/image\/\"},\"sameAs\":[\"https:\/\/www.facebook.com\/campingmarelago\/\"]}]}<\/script>\n<!-- \/ Yoast SEO plugin. -->","yoast_head_json":{"title":"Camping Marelago, f\u00fcr die, die Urlaub zwischen Meer und Natur lieben | Marelago Camping","robots":{"index":"index","follow":"follow","max-snippet":"max-snippet:-1","max-image-preview":"max-image-preview:large","max-video-preview":"max-video-preview:-1"},"canonical":"https:\/\/www.marelago.it\/de\/","og_locale":"de_DE","og_type":"article","og_title":"Camping Marelago, f\u00fcr die, die Urlaub zwischen Meer und Natur lieben | Marelago Camping","og_description":"Der Campingplatz Marelago in Caorle hat mehr als 290 grasbewachsene Stellpl\u00e4tze, gro\u00dfe Fl\u00e4chen sind mit allen Dienstleistungen ausgestattet, um Ihnen einen komfortablen Aufenthalt zu gestalten. Zahlreiche Dienste sind im Preis inbegriffen, wie WLAN, Kindergarten mit Bad f\u00fcr die Kinder, Behindertenservice, freier Eintritt in den Pool mit gro\u00dfem Solarium sowie f\u00fcr die unterhaltsamen Animationen. Wenn Sie [&hellip;]","og_url":"https:\/\/www.marelago.it\/de\/","og_site_name":"Marelago Camping","article_publisher":"https:\/\/www.facebook.com\/campingmarelago\/","article_modified_time":"2025-09-30T09:39:13+00:00","og_image":[{"width":1900,"height":1280,"url":"https:\/\/www.marelago.it\/wp-content\/uploads\/2023\/03\/header_homepage-2-1.jpg","type":"image\/jpeg"}],"twitter_card":"summary_large_image","twitter_misc":{"Gesch\u00e4tzte Lesezeit":"2\u00a0Minuten"},"schema":{"@context":"https:\/\/schema.org","@graph":[{"@type":"WebPage","@id":"https:\/\/www.marelago.it\/de\/","url":"https:\/\/www.marelago.it\/de\/","name":"Camping Marelago, f\u00fcr die, die Urlaub zwischen Meer und Natur lieben | Marelago Camping","isPartOf":{"@id":"https:\/\/www.marelago.it\/de\/#website"},"primaryImageOfPage":{"@id":"https:\/\/www.marelago.it\/de\/#primaryimage"},"image":{"@id":"https:\/\/www.marelago.it\/de\/#primaryimage"},"thumbnailUrl":"https:\/\/www.marelago.it\/wp-content\/uploads\/2023\/03\/header_homepage-2-1.jpg","datePublished":"2023-02-17T09:47:44+00:00","dateModified":"2025-09-30T09:39:13+00:00","breadcrumb":{"@id":"https:\/\/www.marelago.it\/de\/#breadcrumb"},"inLanguage":"de","potentialAction":[{"@type":"ReadAction","target":["https:\/\/www.marelago.it\/de\/"]}]},{"@type":"ImageObject","inLanguage":"de","@id":"https:\/\/www.marelago.it\/de\/#primaryimage","url":"https:\/\/www.marelago.it\/wp-content\/uploads\/2023\/03\/header_homepage-2-1.jpg","contentUrl":"https:\/\/www.marelago.it\/wp-content\/uploads\/2023\/03\/header_homepage-2-1.jpg","width":1900,"height":1280},{"@type":"BreadcrumbList","@id":"https:\/\/www.marelago.it\/de\/#breadcrumb","itemListElement":[{"@type":"ListItem","position":1,"name":"Home","item":"https:\/\/www.marelago.it\/de\/"},{"@type":"ListItem","position":2,"name":"Camping Marelago, f\u00fcr die, die Urlaub zwischen Meer und Natur lieben"}]},{"@type":"WebSite","@id":"https:\/\/www.marelago.it\/de\/#website","url":"https:\/\/www.marelago.it\/de\/","name":"Camping Marelago","description":"Il vostro Campeggio a Caorle Lido Altanea","publisher":{"@id":"https:\/\/www.marelago.it\/de\/#organization"},"potentialAction":[{"@type":"SearchAction","target":{"@type":"EntryPoint","urlTemplate":"https:\/\/www.marelago.it\/de\/?s={search_term_string}"},"query-input":{"@type":"PropertyValueSpecification","valueRequired":true,"valueName":"search_term_string"}}],"inLanguage":"de"},{"@type":"Organization","@id":"https:\/\/www.marelago.it\/de\/#organization","name":"Camping Marelago","url":"https:\/\/www.marelago.it\/de\/","logo":{"@type":"ImageObject","inLanguage":"de","@id":"https:\/\/www.marelago.it\/de\/#\/schema\/logo\/image\/","url":"https:\/\/www.marelago.it\/wp-content\/uploads\/2023\/02\/camping-marelago-caorle-logo.png","contentUrl":"https:\/\/www.marelago.it\/wp-content\/uploads\/2023\/02\/camping-marelago-caorle-logo.png","width":169,"height":89,"caption":"Camping Marelago"},"image":{"@id":"https:\/\/www.marelago.it\/de\/#\/schema\/logo\/image\/"},"sameAs":["https:\/\/www.facebook.com\/campingmarelago\/"]}]}},"_links":{"self":[{"href":"https:\/\/www.marelago.it\/de\/wp-json\/wp\/v2\/pages\/27","targetHints":{"allow":["GET"]}}],"collection":[{"href":"https:\/\/www.marelago.it\/de\/wp-json\/wp\/v2\/pages"}],"about":[{"href":"https:\/\/www.marelago.it\/de\/wp-json\/wp\/v2\/types\/page"}],"author":[{"embeddable":true,"href":"https:\/\/www.marelago.it\/de\/wp-json\/wp\/v2\/users\/1"}],"replies":[{"embeddable":true,"href":"https:\/\/www.marelago.it\/de\/wp-json\/wp\/v2\/comments?post=27"}],"version-history":[{"count":33,"href":"https:\/\/www.marelago.it\/de\/wp-json\/wp\/v2\/pages\/27\/revisions"}],"predecessor-version":[{"id":3881,"href":"https:\/\/www.marelago.it\/de\/wp-json\/wp\/v2\/pages\/27\/revisions\/3881"}],"wp:featuredmedia":[{"embeddable":true,"href":"https:\/\/www.marelago.it\/de\/wp-json\/wp\/v2\/media\/2707"}],"wp:attachment":[{"href":"https:\/\/www.marelago.it\/de\/wp-json\/wp\/v2\/media?parent=27"}],"curies":[{"name":"wp","href":"https:\/\/api.w.org\/{rel}","templated":true}]}}