{"id":2388,"date":"2023-02-23T16:56:57","date_gmt":"2023-02-23T15:56:57","guid":{"rendered":"https:\/\/www.marelago.it\/sport-tempo-libero\/"},"modified":"2023-04-07T15:47:43","modified_gmt":"2023-04-07T13:47:43","slug":"sport-freizeit","status":"publish","type":"page","link":"https:\/\/www.marelago.it\/de\/sport-freizeit\/","title":{"rendered":"Sport &amp; Freizeit"},"content":{"rendered":"\n<p>Den Sportbegeisterten, die in Lido Altanea einen Aktivurlaub verbringen m\u00f6chten, steht nur wenige Meter vom Camping Marelago entfernt der Sporting Club Altanea zur Verf\u00fcgung, ein Zentrum mit verschiedenen Sportpl\u00e4tzen, in dem Sie viele Aktivit\u00e4ten aus\u00fcben und neue erlernen k\u00f6nnen: Fifa-Fu\u00dfball, Beachvolleyball, Basketball, Tennis, Bowling, Tischtennis &#8230;<\/p>\n\n\n\n<p>Das Personal des Sporting Clubs bietet Ihnen auch Tennisunterricht und organisiert Turniere, die allen G\u00e4sten der Anlage offen stehen. Die Preisliste des Sporting Club Altanea finden Sie im Bereich Download.<\/p>\n\n\n\n<p>Und auch der Golfplatz ist nur wenige Meter vom Campingplatz entfernt: Das eine Ende von Pra&#8216; delle Torri, einem 18-Loch-Meeresplatz, grenzt fast unmittelbar an den Strand (unsere G\u00e4ste erhalten einen Sonderrabatt von 40 %, bitte fragen Sie an der Rezeption nach Informationen und laden Sie die Preisliste des Golfclubs Pr\u00e0 delle Torri im Bereich Download herunter).<\/p>\n","protected":false},"excerpt":{"rendered":"<p>Den Sportbegeisterten, die in Lido Altanea einen Aktivurlaub verbringen m\u00f6chten, steht nur wenige Meter vom Camping Marelago entfernt der Sporting Club Altanea zur Verf\u00fcgung, ein Zentrum mit verschiedenen Sportpl\u00e4tzen, in dem Sie viele Aktivit\u00e4ten aus\u00fcben und neue erlernen k\u00f6nnen: Fifa-Fu\u00dfball, Beachvolleyball, Basketball, Tennis, Bowling, Tischtennis &#8230; Das Personal des Sporting Clubs bietet Ihnen auch Tennisunterricht [&hellip;]<\/p>\n","protected":false},"author":1,"featured_media":0,"parent":0,"menu_order":73,"comment_status":"closed","ping_status":"closed","template":"","meta":{"_acf_changed":false,"footnotes":""},"class_list":["post-2388","page","type-page","status-publish","hentry"],"acf":[],"yoast_head":"<!-- This site is optimized with the Yoast SEO plugin v26.7 - https:\/\/yoast.com\/wordpress\/plugins\/seo\/ -->\n<title>Sport &amp; Freizeit | Marelago Camping<\/title>\n<meta name=\"description\" content=\"Calcetto, beach volley, beach tennis, basket, tennis, badminton, bocce, ping pong e tanto altro per gli amanti dello sport e tempo libero!\" \/>\n<meta name=\"robots\" content=\"index, follow, max-snippet:-1, max-image-preview:large, max-video-preview:-1\" \/>\n<link rel=\"canonical\" href=\"https:\/\/www.marelago.it\/de\/sport-freizeit\/\" \/>\n<meta property=\"og:locale\" content=\"de_DE\" \/>\n<meta property=\"og:type\" content=\"article\" \/>\n<meta property=\"og:title\" content=\"Sport &amp; Freizeit | Marelago Camping\" \/>\n<meta property=\"og:description\" content=\"Calcetto, beach volley, beach tennis, basket, tennis, badminton, bocce, ping pong e tanto altro per gli amanti dello sport e tempo libero!\" \/>\n<meta property=\"og:url\" content=\"https:\/\/www.marelago.it\/de\/sport-freizeit\/\" \/>\n<meta property=\"og:site_name\" content=\"Marelago Camping\" \/>\n<meta property=\"article:publisher\" content=\"https:\/\/www.facebook.com\/campingmarelago\/\" \/>\n<meta property=\"article:modified_time\" content=\"2023-04-07T13:47:43+00:00\" \/>\n<meta property=\"og:image\" content=\"https:\/\/www.marelago.it\/wp-content\/uploads\/2023\/02\/camping-marelago-caorle-logo.png\" \/>\n\t<meta property=\"og:image:width\" content=\"169\" \/>\n\t<meta property=\"og:image:height\" content=\"89\" \/>\n\t<meta property=\"og:image:type\" content=\"image\/png\" \/>\n<meta name=\"twitter:card\" content=\"summary_large_image\" \/>\n<meta name=\"twitter:label1\" content=\"Gesch\u00e4tzte Lesezeit\" \/>\n\t<meta name=\"twitter:data1\" content=\"1\u00a0Minute\" \/>\n<script type=\"application\/ld+json\" class=\"yoast-schema-graph\">{\"@context\":\"https:\/\/schema.org\",\"@graph\":[{\"@type\":\"WebPage\",\"@id\":\"https:\/\/www.marelago.it\/de\/sport-freizeit\/\",\"url\":\"https:\/\/www.marelago.it\/de\/sport-freizeit\/\",\"name\":\"Sport &amp; Freizeit | Marelago Camping\",\"isPartOf\":{\"@id\":\"https:\/\/www.marelago.it\/de\/#website\"},\"datePublished\":\"2023-02-23T15:56:57+00:00\",\"dateModified\":\"2023-04-07T13:47:43+00:00\",\"description\":\"Calcetto, beach volley, beach tennis, basket, tennis, badminton, bocce, ping pong e tanto altro per gli amanti dello sport e tempo libero!\",\"breadcrumb\":{\"@id\":\"https:\/\/www.marelago.it\/de\/sport-freizeit\/#breadcrumb\"},\"inLanguage\":\"de\",\"potentialAction\":[{\"@type\":\"ReadAction\",\"target\":[\"https:\/\/www.marelago.it\/de\/sport-freizeit\/\"]}]},{\"@type\":\"BreadcrumbList\",\"@id\":\"https:\/\/www.marelago.it\/de\/sport-freizeit\/#breadcrumb\",\"itemListElement\":[{\"@type\":\"ListItem\",\"position\":1,\"name\":\"Home\",\"item\":\"https:\/\/www.marelago.it\/de\/\"},{\"@type\":\"ListItem\",\"position\":2,\"name\":\"Sport &amp; Freizeit\"}]},{\"@type\":\"WebSite\",\"@id\":\"https:\/\/www.marelago.it\/de\/#website\",\"url\":\"https:\/\/www.marelago.it\/de\/\",\"name\":\"Camping Marelago\",\"description\":\"Il vostro Campeggio a Caorle Lido Altanea\",\"publisher\":{\"@id\":\"https:\/\/www.marelago.it\/de\/#organization\"},\"potentialAction\":[{\"@type\":\"SearchAction\",\"target\":{\"@type\":\"EntryPoint\",\"urlTemplate\":\"https:\/\/www.marelago.it\/de\/?s={search_term_string}\"},\"query-input\":{\"@type\":\"PropertyValueSpecification\",\"valueRequired\":true,\"valueName\":\"search_term_string\"}}],\"inLanguage\":\"de\"},{\"@type\":\"Organization\",\"@id\":\"https:\/\/www.marelago.it\/de\/#organization\",\"name\":\"Camping Marelago\",\"url\":\"https:\/\/www.marelago.it\/de\/\",\"logo\":{\"@type\":\"ImageObject\",\"inLanguage\":\"de\",\"@id\":\"https:\/\/www.marelago.it\/de\/#\/schema\/logo\/image\/\",\"url\":\"https:\/\/www.marelago.it\/wp-content\/uploads\/2023\/02\/camping-marelago-caorle-logo.png\",\"contentUrl\":\"https:\/\/www.marelago.it\/wp-content\/uploads\/2023\/02\/camping-marelago-caorle-logo.png\",\"width\":169,\"height\":89,\"caption\":\"Camping Marelago\"},\"image\":{\"@id\":\"https:\/\/www.marelago.it\/de\/#\/schema\/logo\/image\/\"},\"sameAs\":[\"https:\/\/www.facebook.com\/campingmarelago\/\"]}]}<\/script>\n<!-- \/ Yoast SEO plugin. -->","yoast_head_json":{"title":"Sport &amp; Freizeit | Marelago Camping","description":"Calcetto, beach volley, beach tennis, basket, tennis, badminton, bocce, ping pong e tanto altro per gli amanti dello sport e tempo libero!","robots":{"index":"index","follow":"follow","max-snippet":"max-snippet:-1","max-image-preview":"max-image-preview:large","max-video-preview":"max-video-preview:-1"},"canonical":"https:\/\/www.marelago.it\/de\/sport-freizeit\/","og_locale":"de_DE","og_type":"article","og_title":"Sport &amp; Freizeit | Marelago Camping","og_description":"Calcetto, beach volley, beach tennis, basket, tennis, badminton, bocce, ping pong e tanto altro per gli amanti dello sport e tempo libero!","og_url":"https:\/\/www.marelago.it\/de\/sport-freizeit\/","og_site_name":"Marelago Camping","article_publisher":"https:\/\/www.facebook.com\/campingmarelago\/","article_modified_time":"2023-04-07T13:47:43+00:00","og_image":[{"width":169,"height":89,"url":"https:\/\/www.marelago.it\/wp-content\/uploads\/2023\/02\/camping-marelago-caorle-logo.png","type":"image\/png"}],"twitter_card":"summary_large_image","twitter_misc":{"Gesch\u00e4tzte Lesezeit":"1\u00a0Minute"},"schema":{"@context":"https:\/\/schema.org","@graph":[{"@type":"WebPage","@id":"https:\/\/www.marelago.it\/de\/sport-freizeit\/","url":"https:\/\/www.marelago.it\/de\/sport-freizeit\/","name":"Sport &amp; Freizeit | Marelago Camping","isPartOf":{"@id":"https:\/\/www.marelago.it\/de\/#website"},"datePublished":"2023-02-23T15:56:57+00:00","dateModified":"2023-04-07T13:47:43+00:00","description":"Calcetto, beach volley, beach tennis, basket, tennis, badminton, bocce, ping pong e tanto altro per gli amanti dello sport e tempo libero!","breadcrumb":{"@id":"https:\/\/www.marelago.it\/de\/sport-freizeit\/#breadcrumb"},"inLanguage":"de","potentialAction":[{"@type":"ReadAction","target":["https:\/\/www.marelago.it\/de\/sport-freizeit\/"]}]},{"@type":"BreadcrumbList","@id":"https:\/\/www.marelago.it\/de\/sport-freizeit\/#breadcrumb","itemListElement":[{"@type":"ListItem","position":1,"name":"Home","item":"https:\/\/www.marelago.it\/de\/"},{"@type":"ListItem","position":2,"name":"Sport &amp; Freizeit"}]},{"@type":"WebSite","@id":"https:\/\/www.marelago.it\/de\/#website","url":"https:\/\/www.marelago.it\/de\/","name":"Camping Marelago","description":"Il vostro Campeggio a Caorle Lido Altanea","publisher":{"@id":"https:\/\/www.marelago.it\/de\/#organization"},"potentialAction":[{"@type":"SearchAction","target":{"@type":"EntryPoint","urlTemplate":"https:\/\/www.marelago.it\/de\/?s={search_term_string}"},"query-input":{"@type":"PropertyValueSpecification","valueRequired":true,"valueName":"search_term_string"}}],"inLanguage":"de"},{"@type":"Organization","@id":"https:\/\/www.marelago.it\/de\/#organization","name":"Camping Marelago","url":"https:\/\/www.marelago.it\/de\/","logo":{"@type":"ImageObject","inLanguage":"de","@id":"https:\/\/www.marelago.it\/de\/#\/schema\/logo\/image\/","url":"https:\/\/www.marelago.it\/wp-content\/uploads\/2023\/02\/camping-marelago-caorle-logo.png","contentUrl":"https:\/\/www.marelago.it\/wp-content\/uploads\/2023\/02\/camping-marelago-caorle-logo.png","width":169,"height":89,"caption":"Camping Marelago"},"image":{"@id":"https:\/\/www.marelago.it\/de\/#\/schema\/logo\/image\/"},"sameAs":["https:\/\/www.facebook.com\/campingmarelago\/"]}]}},"_links":{"self":[{"href":"https:\/\/www.marelago.it\/de\/wp-json\/wp\/v2\/pages\/2388","targetHints":{"allow":["GET"]}}],"collection":[{"href":"https:\/\/www.marelago.it\/de\/wp-json\/wp\/v2\/pages"}],"about":[{"href":"https:\/\/www.marelago.it\/de\/wp-json\/wp\/v2\/types\/page"}],"author":[{"embeddable":true,"href":"https:\/\/www.marelago.it\/de\/wp-json\/wp\/v2\/users\/1"}],"replies":[{"embeddable":true,"href":"https:\/\/www.marelago.it\/de\/wp-json\/wp\/v2\/comments?post=2388"}],"version-history":[{"count":7,"href":"https:\/\/www.marelago.it\/de\/wp-json\/wp\/v2\/pages\/2388\/revisions"}],"predecessor-version":[{"id":2944,"href":"https:\/\/www.marelago.it\/de\/wp-json\/wp\/v2\/pages\/2388\/revisions\/2944"}],"wp:attachment":[{"href":"https:\/\/www.marelago.it\/de\/wp-json\/wp\/v2\/media?parent=2388"}],"curies":[{"name":"wp","href":"https:\/\/api.w.org\/{rel}","templated":true}]}}