{"id":2377,"date":"2023-02-23T16:59:56","date_gmt":"2023-02-23T15:59:56","guid":{"rendered":"https:\/\/www.marelago.it\/family-camping-mar-adriatico\/"},"modified":"2023-07-05T11:55:52","modified_gmt":"2023-07-05T09:55:52","slug":"familiencamping","status":"publish","type":"page","link":"https:\/\/www.marelago.it\/de\/familiencamping\/","title":{"rendered":"Sommerferien mit Kindern."},"content":{"rendered":"\n<p>Auf dem Campingplatz Marelago erleben die G\u00e4ste jedes Alters unvergessliche Urlaubstage: Der Campingplatz ist vor allem f\u00fcr die Kleineren ideal, die hier in aller Sicherheit kindergerechte Ferien verbringen k\u00f6nnen.<\/p>\n\n\n\n<p>Ein Aufenthalt in Altanea und auf dem Campingplatz Marelago ist f\u00fcr Familien eine echte Wohlf\u00fchl-Auszeit, denn w\u00e4hrend die Kinder mit den Animateuren oder neuen Freunden spielen und Spa\u00df haben, k\u00f6nnen sich die Eltern sorglos entspannen und sich um sich selbst k\u00fcmmern.<\/p>\n\n\n\n<p>Au\u00dfer samstags ist auf dem Campingplatz t\u00e4glich eine Animateurin f\u00fcr die kleinen und gro\u00dfen G\u00e4ste da, sodass es im Urlaub nie langweilig wird! Der Tag beginnt mit ein bisschen Aerobic, dann geht es weiter mit Wassergymnastik im Pool, Spielen im Miniclub und anderen kreativen Aktivit\u00e4ten.<\/p>\n\n\n\n<p>F\u00fcr die Kinder wurde auf dem Campingplatz ein kleiner Spielplatz mit einem bunten Segelboot angelegt, der mit einer Rutsche und einem Turm auf weichem Gummiboden ausgestattet ist, damit die Kinder in v\u00f6lliger Sicherheit spielen k\u00f6nnen.<\/p>\n\n\n\n<p>Das Animationsteam der Gruppe Lampo unterh\u00e4lt Sie tags\u00fcber am Strand und abends in der Happy Arena. Die G\u00e4ste des Campingplatzes k\u00f6nnen die Arena mit ihren Kindern besuchen, um dort einen abwechslungsreichen Abend zu verbringen und zu den Kl\u00e4ngen des Baby-Dance zu tanzen. Danach werden in der Happy Arena zahlreiche Veranstaltungen angeboten: Kabarettabende, Musicals, Konzerte oder Talentshows sorgen f\u00fcr einen sch\u00f6nen Abend.<\/p>\n\n\n\n<h2 class=\"wp-block-heading\">Medizinische Assistenz<\/h2>\n\n\n\n<p>Im Bedarfsfall k\u00f6nnen Eltern auf die Hilfe des Kinderarztes ihres Vertrauens auf dem Campingplatz und der Rettungsdienste in der Stadt z\u00e4hlen.<br>Au\u00dferdem gibt es eine Parapharmazie in der Galerie \u201eLa Quercia\u201c in Lido Altanea und eine Apotheke in Porto S. Margherita, etwa 1 km vom Campingplatz entfernt.<\/p>\n","protected":false},"excerpt":{"rendered":"<p>Auf dem Campingplatz Marelago erleben die G\u00e4ste jedes Alters unvergessliche Urlaubstage: Der Campingplatz ist vor allem f\u00fcr die Kleineren ideal, die hier in aller Sicherheit kindergerechte Ferien verbringen k\u00f6nnen. Ein Aufenthalt in Altanea und auf dem Campingplatz Marelago ist f\u00fcr Familien eine echte Wohlf\u00fchl-Auszeit, denn w\u00e4hrend die Kinder mit den Animateuren oder neuen Freunden spielen [&hellip;]<\/p>\n","protected":false},"author":1,"featured_media":0,"parent":0,"menu_order":76,"comment_status":"closed","ping_status":"closed","template":"","meta":{"_acf_changed":false,"footnotes":""},"class_list":["post-2377","page","type-page","status-publish","hentry"],"acf":[],"yoast_head":"<!-- This site is optimized with the Yoast SEO plugin v26.7 - https:\/\/yoast.com\/wordpress\/plugins\/seo\/ -->\n<title>Urlaub in Caorle am Meer mit Kindern - Camping Marelago<\/title>\n<meta name=\"description\" content=\"Entdecken Sie unsere Angebote f\u00fcr Ihren Campingurlaub am Meer mit Kindern.\" \/>\n<meta name=\"robots\" content=\"index, follow, max-snippet:-1, max-image-preview:large, max-video-preview:-1\" \/>\n<link rel=\"canonical\" href=\"https:\/\/www.marelago.it\/de\/familiencamping\/\" \/>\n<meta property=\"og:locale\" content=\"de_DE\" \/>\n<meta property=\"og:type\" content=\"article\" \/>\n<meta property=\"og:title\" content=\"Urlaub in Caorle am Meer mit Kindern - Camping Marelago\" \/>\n<meta property=\"og:description\" content=\"Entdecken Sie unsere Angebote f\u00fcr Ihren Campingurlaub am Meer mit Kindern.\" \/>\n<meta property=\"og:url\" content=\"https:\/\/www.marelago.it\/de\/familiencamping\/\" \/>\n<meta property=\"og:site_name\" content=\"Marelago Camping\" \/>\n<meta property=\"article:publisher\" content=\"https:\/\/www.facebook.com\/campingmarelago\/\" \/>\n<meta property=\"article:modified_time\" content=\"2023-07-05T09:55:52+00:00\" \/>\n<meta property=\"og:image\" content=\"https:\/\/www.marelago.it\/wp-content\/uploads\/2023\/02\/camping-marelago-caorle-logo.png\" \/>\n\t<meta property=\"og:image:width\" content=\"169\" \/>\n\t<meta property=\"og:image:height\" content=\"89\" \/>\n\t<meta property=\"og:image:type\" content=\"image\/png\" \/>\n<meta name=\"twitter:card\" content=\"summary_large_image\" \/>\n<meta name=\"twitter:label1\" content=\"Gesch\u00e4tzte Lesezeit\" \/>\n\t<meta name=\"twitter:data1\" content=\"2\u00a0Minuten\" \/>\n<script type=\"application\/ld+json\" class=\"yoast-schema-graph\">{\"@context\":\"https:\/\/schema.org\",\"@graph\":[{\"@type\":\"WebPage\",\"@id\":\"https:\/\/www.marelago.it\/de\/familiencamping\/\",\"url\":\"https:\/\/www.marelago.it\/de\/familiencamping\/\",\"name\":\"Urlaub in Caorle am Meer mit Kindern - Camping Marelago\",\"isPartOf\":{\"@id\":\"https:\/\/www.marelago.it\/de\/#website\"},\"datePublished\":\"2023-02-23T15:59:56+00:00\",\"dateModified\":\"2023-07-05T09:55:52+00:00\",\"description\":\"Entdecken Sie unsere Angebote f\u00fcr Ihren Campingurlaub am Meer mit Kindern.\",\"breadcrumb\":{\"@id\":\"https:\/\/www.marelago.it\/de\/familiencamping\/#breadcrumb\"},\"inLanguage\":\"de\",\"potentialAction\":[{\"@type\":\"ReadAction\",\"target\":[\"https:\/\/www.marelago.it\/de\/familiencamping\/\"]}]},{\"@type\":\"BreadcrumbList\",\"@id\":\"https:\/\/www.marelago.it\/de\/familiencamping\/#breadcrumb\",\"itemListElement\":[{\"@type\":\"ListItem\",\"position\":1,\"name\":\"Home\",\"item\":\"https:\/\/www.marelago.it\/de\/\"},{\"@type\":\"ListItem\",\"position\":2,\"name\":\"Sommerferien mit Kindern.\"}]},{\"@type\":\"WebSite\",\"@id\":\"https:\/\/www.marelago.it\/de\/#website\",\"url\":\"https:\/\/www.marelago.it\/de\/\",\"name\":\"Camping Marelago\",\"description\":\"Il vostro Campeggio a Caorle Lido Altanea\",\"publisher\":{\"@id\":\"https:\/\/www.marelago.it\/de\/#organization\"},\"potentialAction\":[{\"@type\":\"SearchAction\",\"target\":{\"@type\":\"EntryPoint\",\"urlTemplate\":\"https:\/\/www.marelago.it\/de\/?s={search_term_string}\"},\"query-input\":{\"@type\":\"PropertyValueSpecification\",\"valueRequired\":true,\"valueName\":\"search_term_string\"}}],\"inLanguage\":\"de\"},{\"@type\":\"Organization\",\"@id\":\"https:\/\/www.marelago.it\/de\/#organization\",\"name\":\"Camping Marelago\",\"url\":\"https:\/\/www.marelago.it\/de\/\",\"logo\":{\"@type\":\"ImageObject\",\"inLanguage\":\"de\",\"@id\":\"https:\/\/www.marelago.it\/de\/#\/schema\/logo\/image\/\",\"url\":\"https:\/\/www.marelago.it\/wp-content\/uploads\/2023\/02\/camping-marelago-caorle-logo.png\",\"contentUrl\":\"https:\/\/www.marelago.it\/wp-content\/uploads\/2023\/02\/camping-marelago-caorle-logo.png\",\"width\":169,\"height\":89,\"caption\":\"Camping Marelago\"},\"image\":{\"@id\":\"https:\/\/www.marelago.it\/de\/#\/schema\/logo\/image\/\"},\"sameAs\":[\"https:\/\/www.facebook.com\/campingmarelago\/\"]}]}<\/script>\n<!-- \/ Yoast SEO plugin. -->","yoast_head_json":{"title":"Urlaub in Caorle am Meer mit Kindern - Camping Marelago","description":"Entdecken Sie unsere Angebote f\u00fcr Ihren Campingurlaub am Meer mit Kindern.","robots":{"index":"index","follow":"follow","max-snippet":"max-snippet:-1","max-image-preview":"max-image-preview:large","max-video-preview":"max-video-preview:-1"},"canonical":"https:\/\/www.marelago.it\/de\/familiencamping\/","og_locale":"de_DE","og_type":"article","og_title":"Urlaub in Caorle am Meer mit Kindern - Camping Marelago","og_description":"Entdecken Sie unsere Angebote f\u00fcr Ihren Campingurlaub am Meer mit Kindern.","og_url":"https:\/\/www.marelago.it\/de\/familiencamping\/","og_site_name":"Marelago Camping","article_publisher":"https:\/\/www.facebook.com\/campingmarelago\/","article_modified_time":"2023-07-05T09:55:52+00:00","og_image":[{"width":169,"height":89,"url":"https:\/\/www.marelago.it\/wp-content\/uploads\/2023\/02\/camping-marelago-caorle-logo.png","type":"image\/png"}],"twitter_card":"summary_large_image","twitter_misc":{"Gesch\u00e4tzte Lesezeit":"2\u00a0Minuten"},"schema":{"@context":"https:\/\/schema.org","@graph":[{"@type":"WebPage","@id":"https:\/\/www.marelago.it\/de\/familiencamping\/","url":"https:\/\/www.marelago.it\/de\/familiencamping\/","name":"Urlaub in Caorle am Meer mit Kindern - Camping Marelago","isPartOf":{"@id":"https:\/\/www.marelago.it\/de\/#website"},"datePublished":"2023-02-23T15:59:56+00:00","dateModified":"2023-07-05T09:55:52+00:00","description":"Entdecken Sie unsere Angebote f\u00fcr Ihren Campingurlaub am Meer mit Kindern.","breadcrumb":{"@id":"https:\/\/www.marelago.it\/de\/familiencamping\/#breadcrumb"},"inLanguage":"de","potentialAction":[{"@type":"ReadAction","target":["https:\/\/www.marelago.it\/de\/familiencamping\/"]}]},{"@type":"BreadcrumbList","@id":"https:\/\/www.marelago.it\/de\/familiencamping\/#breadcrumb","itemListElement":[{"@type":"ListItem","position":1,"name":"Home","item":"https:\/\/www.marelago.it\/de\/"},{"@type":"ListItem","position":2,"name":"Sommerferien mit Kindern."}]},{"@type":"WebSite","@id":"https:\/\/www.marelago.it\/de\/#website","url":"https:\/\/www.marelago.it\/de\/","name":"Camping Marelago","description":"Il vostro Campeggio a Caorle Lido Altanea","publisher":{"@id":"https:\/\/www.marelago.it\/de\/#organization"},"potentialAction":[{"@type":"SearchAction","target":{"@type":"EntryPoint","urlTemplate":"https:\/\/www.marelago.it\/de\/?s={search_term_string}"},"query-input":{"@type":"PropertyValueSpecification","valueRequired":true,"valueName":"search_term_string"}}],"inLanguage":"de"},{"@type":"Organization","@id":"https:\/\/www.marelago.it\/de\/#organization","name":"Camping Marelago","url":"https:\/\/www.marelago.it\/de\/","logo":{"@type":"ImageObject","inLanguage":"de","@id":"https:\/\/www.marelago.it\/de\/#\/schema\/logo\/image\/","url":"https:\/\/www.marelago.it\/wp-content\/uploads\/2023\/02\/camping-marelago-caorle-logo.png","contentUrl":"https:\/\/www.marelago.it\/wp-content\/uploads\/2023\/02\/camping-marelago-caorle-logo.png","width":169,"height":89,"caption":"Camping Marelago"},"image":{"@id":"https:\/\/www.marelago.it\/de\/#\/schema\/logo\/image\/"},"sameAs":["https:\/\/www.facebook.com\/campingmarelago\/"]}]}},"_links":{"self":[{"href":"https:\/\/www.marelago.it\/de\/wp-json\/wp\/v2\/pages\/2377","targetHints":{"allow":["GET"]}}],"collection":[{"href":"https:\/\/www.marelago.it\/de\/wp-json\/wp\/v2\/pages"}],"about":[{"href":"https:\/\/www.marelago.it\/de\/wp-json\/wp\/v2\/types\/page"}],"author":[{"embeddable":true,"href":"https:\/\/www.marelago.it\/de\/wp-json\/wp\/v2\/users\/1"}],"replies":[{"embeddable":true,"href":"https:\/\/www.marelago.it\/de\/wp-json\/wp\/v2\/comments?post=2377"}],"version-history":[{"count":5,"href":"https:\/\/www.marelago.it\/de\/wp-json\/wp\/v2\/pages\/2377\/revisions"}],"predecessor-version":[{"id":3186,"href":"https:\/\/www.marelago.it\/de\/wp-json\/wp\/v2\/pages\/2377\/revisions\/3186"}],"wp:attachment":[{"href":"https:\/\/www.marelago.it\/de\/wp-json\/wp\/v2\/media?parent=2377"}],"curies":[{"name":"wp","href":"https:\/\/api.w.org\/{rel}","templated":true}]}}