{"id":2355,"date":"2023-02-23T17:01:08","date_gmt":"2023-02-23T16:01:08","guid":{"rendered":"https:\/\/www.marelago.it\/pool-area\/"},"modified":"2023-04-07T15:21:59","modified_gmt":"2023-04-07T13:21:59","slug":"pool-area","status":"publish","type":"page","link":"https:\/\/www.marelago.it\/de\/pool-area\/","title":{"rendered":"Poolbereich"},"content":{"rendered":"\n<p>Der Campingplatz Marelago ist recht \u00fcbersichtlich, was besonders f\u00fcr die Eltern ein Vorteil ist, die ihre Kinder im Auge behalten und ihnen gleichzeitig die Freiheit gew\u00e4hren k\u00f6nnen, sich auf dem Campingplatz und im Bereich des sch\u00f6nen, zentral gelegenen Pools, der immer von einem zuverl\u00e4ssigen Bademeister beaufsichtigt wird, frei zu bewegen. Der Pool umfasst auch ein abgegrenztes Becken mit flachem Wasser, das speziell f\u00fcr Kinder gedacht ist, die hier in aller Sicherheit planschen und spielen k\u00f6nnen.<\/p>\n","protected":false},"excerpt":{"rendered":"<p>Der Campingplatz Marelago ist recht \u00fcbersichtlich, was besonders f\u00fcr die Eltern ein Vorteil ist, die ihre Kinder im Auge behalten und ihnen gleichzeitig die Freiheit gew\u00e4hren k\u00f6nnen, sich auf dem Campingplatz und im Bereich des sch\u00f6nen, zentral gelegenen Pools, der immer von einem zuverl\u00e4ssigen Bademeister beaufsichtigt wird, frei zu bewegen. Der Pool umfasst auch ein [&hellip;]<\/p>\n","protected":false},"author":1,"featured_media":1276,"parent":0,"menu_order":64,"comment_status":"closed","ping_status":"closed","template":"","meta":{"_acf_changed":false,"footnotes":""},"class_list":["post-2355","page","type-page","status-publish","has-post-thumbnail","hentry"],"acf":[],"yoast_head":"<!-- This site is optimized with the Yoast SEO plugin v26.7 - https:\/\/yoast.com\/wordpress\/plugins\/seo\/ -->\n<title>Poolbereich | Marelago Camping<\/title>\n<meta name=\"robots\" content=\"index, follow, max-snippet:-1, max-image-preview:large, max-video-preview:-1\" \/>\n<link rel=\"canonical\" href=\"https:\/\/www.marelago.it\/de\/pool-area\/\" \/>\n<meta property=\"og:locale\" content=\"de_DE\" \/>\n<meta property=\"og:type\" content=\"article\" \/>\n<meta property=\"og:title\" content=\"Poolbereich | Marelago Camping\" \/>\n<meta property=\"og:description\" content=\"Der Campingplatz Marelago ist recht \u00fcbersichtlich, was besonders f\u00fcr die Eltern ein Vorteil ist, die ihre Kinder im Auge behalten und ihnen gleichzeitig die Freiheit gew\u00e4hren k\u00f6nnen, sich auf dem Campingplatz und im Bereich des sch\u00f6nen, zentral gelegenen Pools, der immer von einem zuverl\u00e4ssigen Bademeister beaufsichtigt wird, frei zu bewegen. Der Pool umfasst auch ein [&hellip;]\" \/>\n<meta property=\"og:url\" content=\"https:\/\/www.marelago.it\/de\/pool-area\/\" \/>\n<meta property=\"og:site_name\" content=\"Marelago Camping\" \/>\n<meta property=\"article:publisher\" content=\"https:\/\/www.facebook.com\/campingmarelago\/\" \/>\n<meta property=\"article:modified_time\" content=\"2023-04-07T13:21:59+00:00\" \/>\n<meta property=\"og:image\" content=\"https:\/\/www.marelago.it\/wp-content\/uploads\/2023\/03\/pool_area_camping_marelago-1.webp\" \/>\n\t<meta property=\"og:image:width\" content=\"1900\" \/>\n\t<meta property=\"og:image:height\" content=\"1280\" \/>\n\t<meta property=\"og:image:type\" content=\"image\/webp\" \/>\n<meta name=\"twitter:card\" content=\"summary_large_image\" \/>\n<meta name=\"twitter:label1\" content=\"Gesch\u00e4tzte Lesezeit\" \/>\n\t<meta name=\"twitter:data1\" content=\"1\u00a0Minute\" \/>\n<script type=\"application\/ld+json\" class=\"yoast-schema-graph\">{\"@context\":\"https:\/\/schema.org\",\"@graph\":[{\"@type\":\"WebPage\",\"@id\":\"https:\/\/www.marelago.it\/de\/pool-area\/\",\"url\":\"https:\/\/www.marelago.it\/de\/pool-area\/\",\"name\":\"Poolbereich | Marelago Camping\",\"isPartOf\":{\"@id\":\"https:\/\/www.marelago.it\/de\/#website\"},\"primaryImageOfPage\":{\"@id\":\"https:\/\/www.marelago.it\/de\/pool-area\/#primaryimage\"},\"image\":{\"@id\":\"https:\/\/www.marelago.it\/de\/pool-area\/#primaryimage\"},\"thumbnailUrl\":\"https:\/\/www.marelago.it\/wp-content\/uploads\/2023\/03\/pool_area_camping_marelago-1.webp\",\"datePublished\":\"2023-02-23T16:01:08+00:00\",\"dateModified\":\"2023-04-07T13:21:59+00:00\",\"breadcrumb\":{\"@id\":\"https:\/\/www.marelago.it\/de\/pool-area\/#breadcrumb\"},\"inLanguage\":\"de\",\"potentialAction\":[{\"@type\":\"ReadAction\",\"target\":[\"https:\/\/www.marelago.it\/de\/pool-area\/\"]}]},{\"@type\":\"ImageObject\",\"inLanguage\":\"de\",\"@id\":\"https:\/\/www.marelago.it\/de\/pool-area\/#primaryimage\",\"url\":\"https:\/\/www.marelago.it\/wp-content\/uploads\/2023\/03\/pool_area_camping_marelago-1.webp\",\"contentUrl\":\"https:\/\/www.marelago.it\/wp-content\/uploads\/2023\/03\/pool_area_camping_marelago-1.webp\",\"width\":1900,\"height\":1280},{\"@type\":\"BreadcrumbList\",\"@id\":\"https:\/\/www.marelago.it\/de\/pool-area\/#breadcrumb\",\"itemListElement\":[{\"@type\":\"ListItem\",\"position\":1,\"name\":\"Home\",\"item\":\"https:\/\/www.marelago.it\/de\/\"},{\"@type\":\"ListItem\",\"position\":2,\"name\":\"Poolbereich\"}]},{\"@type\":\"WebSite\",\"@id\":\"https:\/\/www.marelago.it\/de\/#website\",\"url\":\"https:\/\/www.marelago.it\/de\/\",\"name\":\"Camping Marelago\",\"description\":\"Il vostro Campeggio a Caorle Lido Altanea\",\"publisher\":{\"@id\":\"https:\/\/www.marelago.it\/de\/#organization\"},\"potentialAction\":[{\"@type\":\"SearchAction\",\"target\":{\"@type\":\"EntryPoint\",\"urlTemplate\":\"https:\/\/www.marelago.it\/de\/?s={search_term_string}\"},\"query-input\":{\"@type\":\"PropertyValueSpecification\",\"valueRequired\":true,\"valueName\":\"search_term_string\"}}],\"inLanguage\":\"de\"},{\"@type\":\"Organization\",\"@id\":\"https:\/\/www.marelago.it\/de\/#organization\",\"name\":\"Camping Marelago\",\"url\":\"https:\/\/www.marelago.it\/de\/\",\"logo\":{\"@type\":\"ImageObject\",\"inLanguage\":\"de\",\"@id\":\"https:\/\/www.marelago.it\/de\/#\/schema\/logo\/image\/\",\"url\":\"https:\/\/www.marelago.it\/wp-content\/uploads\/2023\/02\/camping-marelago-caorle-logo.png\",\"contentUrl\":\"https:\/\/www.marelago.it\/wp-content\/uploads\/2023\/02\/camping-marelago-caorle-logo.png\",\"width\":169,\"height\":89,\"caption\":\"Camping Marelago\"},\"image\":{\"@id\":\"https:\/\/www.marelago.it\/de\/#\/schema\/logo\/image\/\"},\"sameAs\":[\"https:\/\/www.facebook.com\/campingmarelago\/\"]}]}<\/script>\n<!-- \/ Yoast SEO plugin. -->","yoast_head_json":{"title":"Poolbereich | Marelago Camping","robots":{"index":"index","follow":"follow","max-snippet":"max-snippet:-1","max-image-preview":"max-image-preview:large","max-video-preview":"max-video-preview:-1"},"canonical":"https:\/\/www.marelago.it\/de\/pool-area\/","og_locale":"de_DE","og_type":"article","og_title":"Poolbereich | Marelago Camping","og_description":"Der Campingplatz Marelago ist recht \u00fcbersichtlich, was besonders f\u00fcr die Eltern ein Vorteil ist, die ihre Kinder im Auge behalten und ihnen gleichzeitig die Freiheit gew\u00e4hren k\u00f6nnen, sich auf dem Campingplatz und im Bereich des sch\u00f6nen, zentral gelegenen Pools, der immer von einem zuverl\u00e4ssigen Bademeister beaufsichtigt wird, frei zu bewegen. Der Pool umfasst auch ein [&hellip;]","og_url":"https:\/\/www.marelago.it\/de\/pool-area\/","og_site_name":"Marelago Camping","article_publisher":"https:\/\/www.facebook.com\/campingmarelago\/","article_modified_time":"2023-04-07T13:21:59+00:00","og_image":[{"width":1900,"height":1280,"url":"https:\/\/www.marelago.it\/wp-content\/uploads\/2023\/03\/pool_area_camping_marelago-1.webp","type":"image\/webp"}],"twitter_card":"summary_large_image","twitter_misc":{"Gesch\u00e4tzte Lesezeit":"1\u00a0Minute"},"schema":{"@context":"https:\/\/schema.org","@graph":[{"@type":"WebPage","@id":"https:\/\/www.marelago.it\/de\/pool-area\/","url":"https:\/\/www.marelago.it\/de\/pool-area\/","name":"Poolbereich | Marelago Camping","isPartOf":{"@id":"https:\/\/www.marelago.it\/de\/#website"},"primaryImageOfPage":{"@id":"https:\/\/www.marelago.it\/de\/pool-area\/#primaryimage"},"image":{"@id":"https:\/\/www.marelago.it\/de\/pool-area\/#primaryimage"},"thumbnailUrl":"https:\/\/www.marelago.it\/wp-content\/uploads\/2023\/03\/pool_area_camping_marelago-1.webp","datePublished":"2023-02-23T16:01:08+00:00","dateModified":"2023-04-07T13:21:59+00:00","breadcrumb":{"@id":"https:\/\/www.marelago.it\/de\/pool-area\/#breadcrumb"},"inLanguage":"de","potentialAction":[{"@type":"ReadAction","target":["https:\/\/www.marelago.it\/de\/pool-area\/"]}]},{"@type":"ImageObject","inLanguage":"de","@id":"https:\/\/www.marelago.it\/de\/pool-area\/#primaryimage","url":"https:\/\/www.marelago.it\/wp-content\/uploads\/2023\/03\/pool_area_camping_marelago-1.webp","contentUrl":"https:\/\/www.marelago.it\/wp-content\/uploads\/2023\/03\/pool_area_camping_marelago-1.webp","width":1900,"height":1280},{"@type":"BreadcrumbList","@id":"https:\/\/www.marelago.it\/de\/pool-area\/#breadcrumb","itemListElement":[{"@type":"ListItem","position":1,"name":"Home","item":"https:\/\/www.marelago.it\/de\/"},{"@type":"ListItem","position":2,"name":"Poolbereich"}]},{"@type":"WebSite","@id":"https:\/\/www.marelago.it\/de\/#website","url":"https:\/\/www.marelago.it\/de\/","name":"Camping Marelago","description":"Il vostro Campeggio a Caorle Lido Altanea","publisher":{"@id":"https:\/\/www.marelago.it\/de\/#organization"},"potentialAction":[{"@type":"SearchAction","target":{"@type":"EntryPoint","urlTemplate":"https:\/\/www.marelago.it\/de\/?s={search_term_string}"},"query-input":{"@type":"PropertyValueSpecification","valueRequired":true,"valueName":"search_term_string"}}],"inLanguage":"de"},{"@type":"Organization","@id":"https:\/\/www.marelago.it\/de\/#organization","name":"Camping Marelago","url":"https:\/\/www.marelago.it\/de\/","logo":{"@type":"ImageObject","inLanguage":"de","@id":"https:\/\/www.marelago.it\/de\/#\/schema\/logo\/image\/","url":"https:\/\/www.marelago.it\/wp-content\/uploads\/2023\/02\/camping-marelago-caorle-logo.png","contentUrl":"https:\/\/www.marelago.it\/wp-content\/uploads\/2023\/02\/camping-marelago-caorle-logo.png","width":169,"height":89,"caption":"Camping Marelago"},"image":{"@id":"https:\/\/www.marelago.it\/de\/#\/schema\/logo\/image\/"},"sameAs":["https:\/\/www.facebook.com\/campingmarelago\/"]}]}},"_links":{"self":[{"href":"https:\/\/www.marelago.it\/de\/wp-json\/wp\/v2\/pages\/2355","targetHints":{"allow":["GET"]}}],"collection":[{"href":"https:\/\/www.marelago.it\/de\/wp-json\/wp\/v2\/pages"}],"about":[{"href":"https:\/\/www.marelago.it\/de\/wp-json\/wp\/v2\/types\/page"}],"author":[{"embeddable":true,"href":"https:\/\/www.marelago.it\/de\/wp-json\/wp\/v2\/users\/1"}],"replies":[{"embeddable":true,"href":"https:\/\/www.marelago.it\/de\/wp-json\/wp\/v2\/comments?post=2355"}],"version-history":[{"count":6,"href":"https:\/\/www.marelago.it\/de\/wp-json\/wp\/v2\/pages\/2355\/revisions"}],"predecessor-version":[{"id":2930,"href":"https:\/\/www.marelago.it\/de\/wp-json\/wp\/v2\/pages\/2355\/revisions\/2930"}],"wp:featuredmedia":[{"embeddable":true,"href":"https:\/\/www.marelago.it\/de\/wp-json\/wp\/v2\/media\/1276"}],"wp:attachment":[{"href":"https:\/\/www.marelago.it\/de\/wp-json\/wp\/v2\/media?parent=2355"}],"curies":[{"name":"wp","href":"https:\/\/api.w.org\/{rel}","templated":true}]}}