{"id":21,"date":"2023-02-17T12:24:51","date_gmt":"2023-02-17T11:24:51","guid":{"rendered":"https:\/\/www.marelago.it\/glamping\/"},"modified":"2023-03-31T10:20:37","modified_gmt":"2023-03-31T08:20:37","slug":"glamping","status":"publish","type":"page","link":"https:\/\/www.marelago.it\/de\/glamping\/","title":{"rendered":"Glamping"},"content":{"rendered":"\n<p>Wir stellen Ihnen unseren neuen Bereich vor, der dem modernen <strong>Glamping<\/strong> gewidmet ist und von den gro\u00dfartigen <strong>Safarizelten<\/strong> mit dem charmanten Flair des Abenteuers inspiriert wurde: die Freiheit eines <strong>Campingurlaubs mit der Sicherheit und dem Komfort eines gut ausgestatteten Hauses<\/strong>.<\/p>\n\n\n\n<p>Auf dem Campingplatz Marelago k\u00f6nnen Sie einen erholsamen und abwechslungsreichen Urlaub in einer stabilen Unterkunft verbringen.<\/p>\n\n\n\n<p>In jedem unserer Zelte befindet sich ein<strong> ger\u00e4umiger Wohnbereich<\/strong> mit Kochnische, Sp\u00fcle, einem gro\u00dfen K\u00fchlschrank, Wasserkocher, Mikrowellenherd und Fernseher sowie <strong>zwei Schlafzimmer<\/strong>, eines mit Doppelbett und eines mit zwei Einzelbetten.<\/p>\n\n\n\n<h4 class=\"wp-block-heading\">W\u00e4hlen Sie das richtige Zelt f\u00fcr Ihren Urlaub<\/h4>\n\n\n\n<p>Das <strong>Zelt Koala<\/strong> bietet Ihnen einen gro\u00dfen Wohnbereich, in dem Sie mit Ihrer Familie oder mit Freunden zu Mittag oder zu Abend essen k\u00f6nnen, sowie eine <strong>gem\u00fctliche Terrasse mit Sofa<\/strong> und einem kleinen Tisch, an dem Sie sich bei Sonnenuntergang einen Aperitif g\u00f6nnen k\u00f6nnen.<\/p>\n\n\n\n<p>Zur Ausstattung geh\u00f6ren 2 Sonnenliegen, ein Satz Bettw\u00e4sche und ein Parkplatz neben dem Zelt.<\/p>\n\n\n\n<p>Diese Zelttypologie erm\u00f6glicht Ihnen, einen Campingurlaub zu erleben, ohne auf die Privatsph\u00e4re verzichten m\u00fcssen, die separate R\u00e4ume bieten.<\/p>\n\n\n\n<p>Die <strong>n\u00e4chste Sanit\u00e4ranlage ist 50 m<\/strong> entfernt, und das Hauptservicegeb\u00e4ude, das auch einen Wickelraum und ein Bad f\u00fcr Kleinkinder umfasst, befindet sich in 200 m Entfernung.<\/p>\n\n\n\n<p>Sie k\u00f6nnen an jedem <strong>Wochentag an- und abreisen<\/strong> und <strong>ab 2 \u00dcbernachtungen buchen<\/strong>.<\/p>\n\n\n\n<h4 class=\"wp-block-heading\">W\u00fcnschen Sie sich einen noch komfortableren Urlaub?<\/h4>\n\n\n\n<p>Das <strong>Zelt Panda<\/strong> umfasst einen offenen Bereich, der mit einer Kochnische und Sofa, einem <strong>Badezimmer mit Dusche<\/strong>, einem Doppelbett und zwei Einzelbetten sowie einem sch\u00f6nen <strong>Schlafloft<\/strong> mit einem weiteren Doppelbett ausgestattet ist.<\/p>\n\n\n\n<p>Au\u00dferdem stehen 2 Sonnenliegen zur Verf\u00fcgung, damit Sie sich auf der Terrasse entspannen k\u00f6nnen, sowie ein nummerierter Parkplatz, der 50 m vom Zelt entfernt ist.<\/p>\n\n\n\n<p>Diese Zelte befinden sich im neu errichteten Bereich, ganz <strong>in der N\u00e4he vom Schwimmbad<\/strong>.<\/p>\n\n\n\n<h4 class=\"wp-block-heading\">N\u00fctzliche Informationen &#8211; Glamping-Zelte<\/h4>\n\n\n\n<p>Die <strong>Rezeption<\/strong> ist von 7.00 bis 23.00 Uhr ge\u00f6ffnet, und Sie k\u00f6nnen jederzeit einchecken. Bitte beachten Sie, dass Sie eine <strong>Kaution<\/strong> von Euro 100,00 in bar hinterlegen m\u00fcssen. Sobald Sie eingecheckt haben, k\u00f6nnen Sie den Campingplatz betreten und die angebotenen Dienstleistungen nutzen. Wenn Sie einen Strandplatz reserviert haben, k\u00f6nnen Sie diesen bereits am Tag Ihrer Ankunft nutzen.<\/p>\n\n\n\n<p>Die <strong>Schl\u00fcssel<\/strong> f\u00fcr Ihre Unterkunft erhalten Sie sp\u00e4testens <strong>ab 17.00 Uhr<\/strong>, sobald diese gereinigt und saniert worden ist.<\/p>\n\n\n\n<p><strong>Am Abreisetag<\/strong> muss der Campingplatz <strong>bis 10.00 Uhr ger\u00e4umt sein<\/strong>, au\u00dfer bei Sonderangeboten, die eine Abreise am Nachmittag vorsehen.<\/p>\n","protected":false},"excerpt":{"rendered":"<p>Wir stellen Ihnen unseren neuen Bereich vor, der dem modernen Glamping gewidmet ist und von den gro\u00dfartigen Safarizelten mit dem charmanten Flair des Abenteuers inspiriert wurde: die Freiheit eines Campingurlaubs mit der Sicherheit und dem Komfort eines gut ausgestatteten Hauses. Auf dem Campingplatz Marelago k\u00f6nnen Sie einen erholsamen und abwechslungsreichen Urlaub in einer stabilen Unterkunft [&hellip;]<\/p>\n","protected":false},"author":1,"featured_media":1517,"parent":0,"menu_order":123,"comment_status":"closed","ping_status":"closed","template":"template-room-list.php","meta":{"_acf_changed":false,"footnotes":""},"class_list":["post-21","page","type-page","status-publish","has-post-thumbnail","hentry"],"acf":[],"yoast_head":"<!-- This site is optimized with the Yoast SEO plugin v26.7 - https:\/\/yoast.com\/wordpress\/plugins\/seo\/ -->\n<title>Glamping | Marelago Camping<\/title>\n<meta name=\"description\" content=\"Glampingzelte sind von Safarizelten inspiriert. Unser Campingplatz in Caorle hat einen neuen eigenen Bereich mit einem Glamping-Zelt.\" \/>\n<meta name=\"robots\" content=\"index, follow, max-snippet:-1, max-image-preview:large, max-video-preview:-1\" \/>\n<link rel=\"canonical\" href=\"https:\/\/www.marelago.it\/de\/glamping\/\" \/>\n<meta property=\"og:locale\" content=\"de_DE\" \/>\n<meta property=\"og:type\" content=\"article\" \/>\n<meta property=\"og:title\" content=\"Glamping | Marelago Camping\" \/>\n<meta property=\"og:description\" content=\"Glampingzelte sind von Safarizelten inspiriert. Unser Campingplatz in Caorle hat einen neuen eigenen Bereich mit einem Glamping-Zelt.\" \/>\n<meta property=\"og:url\" content=\"https:\/\/www.marelago.it\/de\/glamping\/\" \/>\n<meta property=\"og:site_name\" content=\"Marelago Camping\" \/>\n<meta property=\"article:publisher\" content=\"https:\/\/www.facebook.com\/campingmarelago\/\" \/>\n<meta property=\"article:modified_time\" content=\"2023-03-31T08:20:37+00:00\" \/>\n<meta property=\"og:image\" content=\"https:\/\/www.marelago.it\/wp-content\/uploads\/2023\/03\/koala-11.webp\" \/>\n\t<meta property=\"og:image:width\" content=\"1900\" \/>\n\t<meta property=\"og:image:height\" content=\"1280\" \/>\n\t<meta property=\"og:image:type\" content=\"image\/webp\" \/>\n<meta name=\"twitter:card\" content=\"summary_large_image\" \/>\n<meta name=\"twitter:label1\" content=\"Gesch\u00e4tzte Lesezeit\" \/>\n\t<meta name=\"twitter:data1\" content=\"3\u00a0Minuten\" \/>\n<script type=\"application\/ld+json\" class=\"yoast-schema-graph\">{\"@context\":\"https:\/\/schema.org\",\"@graph\":[{\"@type\":\"WebPage\",\"@id\":\"https:\/\/www.marelago.it\/de\/glamping\/\",\"url\":\"https:\/\/www.marelago.it\/de\/glamping\/\",\"name\":\"Glamping | Marelago Camping\",\"isPartOf\":{\"@id\":\"https:\/\/www.marelago.it\/de\/#website\"},\"primaryImageOfPage\":{\"@id\":\"https:\/\/www.marelago.it\/de\/glamping\/#primaryimage\"},\"image\":{\"@id\":\"https:\/\/www.marelago.it\/de\/glamping\/#primaryimage\"},\"thumbnailUrl\":\"https:\/\/www.marelago.it\/wp-content\/uploads\/2023\/03\/koala-11.webp\",\"datePublished\":\"2023-02-17T11:24:51+00:00\",\"dateModified\":\"2023-03-31T08:20:37+00:00\",\"description\":\"Glampingzelte sind von Safarizelten inspiriert. Unser Campingplatz in Caorle hat einen neuen eigenen Bereich mit einem Glamping-Zelt.\",\"breadcrumb\":{\"@id\":\"https:\/\/www.marelago.it\/de\/glamping\/#breadcrumb\"},\"inLanguage\":\"de\",\"potentialAction\":[{\"@type\":\"ReadAction\",\"target\":[\"https:\/\/www.marelago.it\/de\/glamping\/\"]}]},{\"@type\":\"ImageObject\",\"inLanguage\":\"de\",\"@id\":\"https:\/\/www.marelago.it\/de\/glamping\/#primaryimage\",\"url\":\"https:\/\/www.marelago.it\/wp-content\/uploads\/2023\/03\/koala-11.webp\",\"contentUrl\":\"https:\/\/www.marelago.it\/wp-content\/uploads\/2023\/03\/koala-11.webp\",\"width\":1900,\"height\":1280},{\"@type\":\"BreadcrumbList\",\"@id\":\"https:\/\/www.marelago.it\/de\/glamping\/#breadcrumb\",\"itemListElement\":[{\"@type\":\"ListItem\",\"position\":1,\"name\":\"Home\",\"item\":\"https:\/\/www.marelago.it\/de\/\"},{\"@type\":\"ListItem\",\"position\":2,\"name\":\"Glamping\"}]},{\"@type\":\"WebSite\",\"@id\":\"https:\/\/www.marelago.it\/de\/#website\",\"url\":\"https:\/\/www.marelago.it\/de\/\",\"name\":\"Camping Marelago\",\"description\":\"Il vostro Campeggio a Caorle Lido Altanea\",\"publisher\":{\"@id\":\"https:\/\/www.marelago.it\/de\/#organization\"},\"potentialAction\":[{\"@type\":\"SearchAction\",\"target\":{\"@type\":\"EntryPoint\",\"urlTemplate\":\"https:\/\/www.marelago.it\/de\/?s={search_term_string}\"},\"query-input\":{\"@type\":\"PropertyValueSpecification\",\"valueRequired\":true,\"valueName\":\"search_term_string\"}}],\"inLanguage\":\"de\"},{\"@type\":\"Organization\",\"@id\":\"https:\/\/www.marelago.it\/de\/#organization\",\"name\":\"Camping Marelago\",\"url\":\"https:\/\/www.marelago.it\/de\/\",\"logo\":{\"@type\":\"ImageObject\",\"inLanguage\":\"de\",\"@id\":\"https:\/\/www.marelago.it\/de\/#\/schema\/logo\/image\/\",\"url\":\"https:\/\/www.marelago.it\/wp-content\/uploads\/2023\/02\/camping-marelago-caorle-logo.png\",\"contentUrl\":\"https:\/\/www.marelago.it\/wp-content\/uploads\/2023\/02\/camping-marelago-caorle-logo.png\",\"width\":169,\"height\":89,\"caption\":\"Camping Marelago\"},\"image\":{\"@id\":\"https:\/\/www.marelago.it\/de\/#\/schema\/logo\/image\/\"},\"sameAs\":[\"https:\/\/www.facebook.com\/campingmarelago\/\"]}]}<\/script>\n<!-- \/ Yoast SEO plugin. -->","yoast_head_json":{"title":"Glamping | Marelago Camping","description":"Glampingzelte sind von Safarizelten inspiriert. Unser Campingplatz in Caorle hat einen neuen eigenen Bereich mit einem Glamping-Zelt.","robots":{"index":"index","follow":"follow","max-snippet":"max-snippet:-1","max-image-preview":"max-image-preview:large","max-video-preview":"max-video-preview:-1"},"canonical":"https:\/\/www.marelago.it\/de\/glamping\/","og_locale":"de_DE","og_type":"article","og_title":"Glamping | Marelago Camping","og_description":"Glampingzelte sind von Safarizelten inspiriert. Unser Campingplatz in Caorle hat einen neuen eigenen Bereich mit einem Glamping-Zelt.","og_url":"https:\/\/www.marelago.it\/de\/glamping\/","og_site_name":"Marelago Camping","article_publisher":"https:\/\/www.facebook.com\/campingmarelago\/","article_modified_time":"2023-03-31T08:20:37+00:00","og_image":[{"width":1900,"height":1280,"url":"https:\/\/www.marelago.it\/wp-content\/uploads\/2023\/03\/koala-11.webp","type":"image\/webp"}],"twitter_card":"summary_large_image","twitter_misc":{"Gesch\u00e4tzte Lesezeit":"3\u00a0Minuten"},"schema":{"@context":"https:\/\/schema.org","@graph":[{"@type":"WebPage","@id":"https:\/\/www.marelago.it\/de\/glamping\/","url":"https:\/\/www.marelago.it\/de\/glamping\/","name":"Glamping | Marelago Camping","isPartOf":{"@id":"https:\/\/www.marelago.it\/de\/#website"},"primaryImageOfPage":{"@id":"https:\/\/www.marelago.it\/de\/glamping\/#primaryimage"},"image":{"@id":"https:\/\/www.marelago.it\/de\/glamping\/#primaryimage"},"thumbnailUrl":"https:\/\/www.marelago.it\/wp-content\/uploads\/2023\/03\/koala-11.webp","datePublished":"2023-02-17T11:24:51+00:00","dateModified":"2023-03-31T08:20:37+00:00","description":"Glampingzelte sind von Safarizelten inspiriert. Unser Campingplatz in Caorle hat einen neuen eigenen Bereich mit einem Glamping-Zelt.","breadcrumb":{"@id":"https:\/\/www.marelago.it\/de\/glamping\/#breadcrumb"},"inLanguage":"de","potentialAction":[{"@type":"ReadAction","target":["https:\/\/www.marelago.it\/de\/glamping\/"]}]},{"@type":"ImageObject","inLanguage":"de","@id":"https:\/\/www.marelago.it\/de\/glamping\/#primaryimage","url":"https:\/\/www.marelago.it\/wp-content\/uploads\/2023\/03\/koala-11.webp","contentUrl":"https:\/\/www.marelago.it\/wp-content\/uploads\/2023\/03\/koala-11.webp","width":1900,"height":1280},{"@type":"BreadcrumbList","@id":"https:\/\/www.marelago.it\/de\/glamping\/#breadcrumb","itemListElement":[{"@type":"ListItem","position":1,"name":"Home","item":"https:\/\/www.marelago.it\/de\/"},{"@type":"ListItem","position":2,"name":"Glamping"}]},{"@type":"WebSite","@id":"https:\/\/www.marelago.it\/de\/#website","url":"https:\/\/www.marelago.it\/de\/","name":"Camping Marelago","description":"Il vostro Campeggio a Caorle Lido Altanea","publisher":{"@id":"https:\/\/www.marelago.it\/de\/#organization"},"potentialAction":[{"@type":"SearchAction","target":{"@type":"EntryPoint","urlTemplate":"https:\/\/www.marelago.it\/de\/?s={search_term_string}"},"query-input":{"@type":"PropertyValueSpecification","valueRequired":true,"valueName":"search_term_string"}}],"inLanguage":"de"},{"@type":"Organization","@id":"https:\/\/www.marelago.it\/de\/#organization","name":"Camping Marelago","url":"https:\/\/www.marelago.it\/de\/","logo":{"@type":"ImageObject","inLanguage":"de","@id":"https:\/\/www.marelago.it\/de\/#\/schema\/logo\/image\/","url":"https:\/\/www.marelago.it\/wp-content\/uploads\/2023\/02\/camping-marelago-caorle-logo.png","contentUrl":"https:\/\/www.marelago.it\/wp-content\/uploads\/2023\/02\/camping-marelago-caorle-logo.png","width":169,"height":89,"caption":"Camping Marelago"},"image":{"@id":"https:\/\/www.marelago.it\/de\/#\/schema\/logo\/image\/"},"sameAs":["https:\/\/www.facebook.com\/campingmarelago\/"]}]}},"_links":{"self":[{"href":"https:\/\/www.marelago.it\/de\/wp-json\/wp\/v2\/pages\/21","targetHints":{"allow":["GET"]}}],"collection":[{"href":"https:\/\/www.marelago.it\/de\/wp-json\/wp\/v2\/pages"}],"about":[{"href":"https:\/\/www.marelago.it\/de\/wp-json\/wp\/v2\/types\/page"}],"author":[{"embeddable":true,"href":"https:\/\/www.marelago.it\/de\/wp-json\/wp\/v2\/users\/1"}],"replies":[{"embeddable":true,"href":"https:\/\/www.marelago.it\/de\/wp-json\/wp\/v2\/comments?post=21"}],"version-history":[{"count":11,"href":"https:\/\/www.marelago.it\/de\/wp-json\/wp\/v2\/pages\/21\/revisions"}],"predecessor-version":[{"id":1676,"href":"https:\/\/www.marelago.it\/de\/wp-json\/wp\/v2\/pages\/21\/revisions\/1676"}],"wp:featuredmedia":[{"embeddable":true,"href":"https:\/\/www.marelago.it\/de\/wp-json\/wp\/v2\/media\/1517"}],"wp:attachment":[{"href":"https:\/\/www.marelago.it\/de\/wp-json\/wp\/v2\/media?parent=21"}],"curies":[{"name":"wp","href":"https:\/\/api.w.org\/{rel}","templated":true}]}}