{"id":1965,"date":"2023-03-08T16:27:51","date_gmt":"2023-03-08T15:27:51","guid":{"rendered":"https:\/\/www.marelago.it\/mobilheim\/ametista-xl\/"},"modified":"2025-06-28T08:41:45","modified_gmt":"2025-06-28T06:41:45","slug":"comfort","status":"publish","type":"page","link":"https:\/\/www.marelago.it\/de\/mobilheim\/comfort\/","title":{"rendered":"Comfort"},"content":{"rendered":"\n<p>Das <strong>Mobilheim Comfort<\/strong>, das nach den neuesten Standards f\u00fcr Wohnkomfort, Barrierefreiheit und Energieeinsparung konzipiert ist, wird ausschlie\u00dflich mit Strom betrieben.<br>Es besteht aus: einem Wohnzimmer mit Kochnische und Schlafsofa, einem Schlafzimmer mit Doppelbett und Bad, einem Schlafzimmer mit zwei Betten, einem zweiten Bad, einer gro\u00dfen \u00fcberdachten m\u00f6blierten Terrasse und einem Parkplatz.<br>Es ist au\u00dferdem ausgestattet mit: K\u00fchlschrank, Induktionskochfeld, TV, Klimaanlage.<\/p>\n\n\n\n<ul class=\"wp-block-list\">\n<li>1 Ehezimmer<\/li>\n\n\n\n<li>1 Zweibettzimmer<\/li>\n\n\n\n<li>1 Bad mit WC, Dusche und Waschbecken<\/li>\n\n\n\n<li>1 Bad mit WC und Waschbecken<\/li>\n\n\n\n<li><strong>Barrierefrei<\/strong> (innen und au\u00dfen)<\/li>\n<\/ul>\n","protected":false},"excerpt":{"rendered":"<p>Das Mobilheim Comfort, das nach den neuesten Standards f\u00fcr Wohnkomfort, Barrierefreiheit und Energieeinsparung konzipiert ist, wird ausschlie\u00dflich mit Strom betrieben.Es besteht aus: einem Wohnzimmer mit Kochnische und Schlafsofa, einem Schlafzimmer mit Doppelbett und Bad, einem Schlafzimmer mit zwei Betten, einem zweiten Bad, einer gro\u00dfen \u00fcberdachten m\u00f6blierten Terrasse und einem Parkplatz.Es ist au\u00dferdem ausgestattet mit: K\u00fchlschrank, [&hellip;]<\/p>\n","protected":false},"author":1,"featured_media":3847,"parent":1901,"menu_order":4,"comment_status":"closed","ping_status":"closed","template":"template-room-details.php","meta":{"_acf_changed":false,"footnotes":""},"class_list":["post-1965","page","type-page","status-publish","has-post-thumbnail","hentry"],"acf":[],"yoast_head":"<!-- This site is optimized with the Yoast SEO plugin v26.7 - https:\/\/yoast.com\/wordpress\/plugins\/seo\/ -->\n<title>Comfort | Marelago Camping<\/title>\n<meta name=\"description\" content=\"-1220\" \/>\n<meta name=\"robots\" content=\"index, follow, max-snippet:-1, max-image-preview:large, max-video-preview:-1\" \/>\n<link rel=\"canonical\" href=\"https:\/\/www.marelago.it\/de\/mobilheim\/comfort\/\" \/>\n<meta property=\"og:locale\" content=\"de_DE\" \/>\n<meta property=\"og:type\" content=\"article\" \/>\n<meta property=\"og:title\" content=\"Comfort | Marelago Camping\" \/>\n<meta property=\"og:description\" content=\"-1220\" \/>\n<meta property=\"og:url\" content=\"https:\/\/www.marelago.it\/de\/mobilheim\/comfort\/\" \/>\n<meta property=\"og:site_name\" content=\"Marelago Camping\" \/>\n<meta property=\"article:publisher\" content=\"https:\/\/www.facebook.com\/campingmarelago\/\" \/>\n<meta property=\"article:modified_time\" content=\"2025-06-28T06:41:45+00:00\" \/>\n<meta property=\"og:image\" content=\"https:\/\/www.marelago.it\/wp-content\/uploads\/2025\/06\/comfort-8.webp\" \/>\n\t<meta property=\"og:image:width\" content=\"1920\" \/>\n\t<meta property=\"og:image:height\" content=\"1280\" \/>\n\t<meta property=\"og:image:type\" content=\"image\/webp\" \/>\n<meta name=\"twitter:card\" content=\"summary_large_image\" \/>\n<meta name=\"twitter:label1\" content=\"Gesch\u00e4tzte Lesezeit\" \/>\n\t<meta name=\"twitter:data1\" content=\"1\u00a0Minute\" \/>\n<script type=\"application\/ld+json\" class=\"yoast-schema-graph\">{\"@context\":\"https:\/\/schema.org\",\"@graph\":[{\"@type\":\"WebPage\",\"@id\":\"https:\/\/www.marelago.it\/de\/mobilheim\/comfort\/\",\"url\":\"https:\/\/www.marelago.it\/de\/mobilheim\/comfort\/\",\"name\":\"Comfort | Marelago Camping\",\"isPartOf\":{\"@id\":\"https:\/\/www.marelago.it\/de\/#website\"},\"primaryImageOfPage\":{\"@id\":\"https:\/\/www.marelago.it\/de\/mobilheim\/comfort\/#primaryimage\"},\"image\":{\"@id\":\"https:\/\/www.marelago.it\/de\/mobilheim\/comfort\/#primaryimage\"},\"thumbnailUrl\":\"https:\/\/www.marelago.it\/wp-content\/uploads\/2025\/06\/comfort-8.webp\",\"datePublished\":\"2023-03-08T15:27:51+00:00\",\"dateModified\":\"2025-06-28T06:41:45+00:00\",\"description\":\"-1220\",\"breadcrumb\":{\"@id\":\"https:\/\/www.marelago.it\/de\/mobilheim\/comfort\/#breadcrumb\"},\"inLanguage\":\"de\",\"potentialAction\":[{\"@type\":\"ReadAction\",\"target\":[\"https:\/\/www.marelago.it\/de\/mobilheim\/comfort\/\"]}]},{\"@type\":\"ImageObject\",\"inLanguage\":\"de\",\"@id\":\"https:\/\/www.marelago.it\/de\/mobilheim\/comfort\/#primaryimage\",\"url\":\"https:\/\/www.marelago.it\/wp-content\/uploads\/2025\/06\/comfort-8.webp\",\"contentUrl\":\"https:\/\/www.marelago.it\/wp-content\/uploads\/2025\/06\/comfort-8.webp\",\"width\":1920,\"height\":1280},{\"@type\":\"BreadcrumbList\",\"@id\":\"https:\/\/www.marelago.it\/de\/mobilheim\/comfort\/#breadcrumb\",\"itemListElement\":[{\"@type\":\"ListItem\",\"position\":1,\"name\":\"Home\",\"item\":\"https:\/\/www.marelago.it\/de\/\"},{\"@type\":\"ListItem\",\"position\":2,\"name\":\"Mobilheim\",\"item\":\"https:\/\/www.marelago.it\/de\/mobilheim\/\"},{\"@type\":\"ListItem\",\"position\":3,\"name\":\"Comfort\"}]},{\"@type\":\"WebSite\",\"@id\":\"https:\/\/www.marelago.it\/de\/#website\",\"url\":\"https:\/\/www.marelago.it\/de\/\",\"name\":\"Camping Marelago\",\"description\":\"Il vostro Campeggio a Caorle Lido Altanea\",\"publisher\":{\"@id\":\"https:\/\/www.marelago.it\/de\/#organization\"},\"potentialAction\":[{\"@type\":\"SearchAction\",\"target\":{\"@type\":\"EntryPoint\",\"urlTemplate\":\"https:\/\/www.marelago.it\/de\/?s={search_term_string}\"},\"query-input\":{\"@type\":\"PropertyValueSpecification\",\"valueRequired\":true,\"valueName\":\"search_term_string\"}}],\"inLanguage\":\"de\"},{\"@type\":\"Organization\",\"@id\":\"https:\/\/www.marelago.it\/de\/#organization\",\"name\":\"Camping Marelago\",\"url\":\"https:\/\/www.marelago.it\/de\/\",\"logo\":{\"@type\":\"ImageObject\",\"inLanguage\":\"de\",\"@id\":\"https:\/\/www.marelago.it\/de\/#\/schema\/logo\/image\/\",\"url\":\"https:\/\/www.marelago.it\/wp-content\/uploads\/2023\/02\/camping-marelago-caorle-logo.png\",\"contentUrl\":\"https:\/\/www.marelago.it\/wp-content\/uploads\/2023\/02\/camping-marelago-caorle-logo.png\",\"width\":169,\"height\":89,\"caption\":\"Camping Marelago\"},\"image\":{\"@id\":\"https:\/\/www.marelago.it\/de\/#\/schema\/logo\/image\/\"},\"sameAs\":[\"https:\/\/www.facebook.com\/campingmarelago\/\"]}]}<\/script>\n<!-- \/ Yoast SEO plugin. -->","yoast_head_json":{"title":"Comfort | Marelago Camping","description":"-1220","robots":{"index":"index","follow":"follow","max-snippet":"max-snippet:-1","max-image-preview":"max-image-preview:large","max-video-preview":"max-video-preview:-1"},"canonical":"https:\/\/www.marelago.it\/de\/mobilheim\/comfort\/","og_locale":"de_DE","og_type":"article","og_title":"Comfort | Marelago Camping","og_description":"-1220","og_url":"https:\/\/www.marelago.it\/de\/mobilheim\/comfort\/","og_site_name":"Marelago Camping","article_publisher":"https:\/\/www.facebook.com\/campingmarelago\/","article_modified_time":"2025-06-28T06:41:45+00:00","og_image":[{"width":1920,"height":1280,"url":"https:\/\/www.marelago.it\/wp-content\/uploads\/2025\/06\/comfort-8.webp","type":"image\/webp"}],"twitter_card":"summary_large_image","twitter_misc":{"Gesch\u00e4tzte Lesezeit":"1\u00a0Minute"},"schema":{"@context":"https:\/\/schema.org","@graph":[{"@type":"WebPage","@id":"https:\/\/www.marelago.it\/de\/mobilheim\/comfort\/","url":"https:\/\/www.marelago.it\/de\/mobilheim\/comfort\/","name":"Comfort | Marelago Camping","isPartOf":{"@id":"https:\/\/www.marelago.it\/de\/#website"},"primaryImageOfPage":{"@id":"https:\/\/www.marelago.it\/de\/mobilheim\/comfort\/#primaryimage"},"image":{"@id":"https:\/\/www.marelago.it\/de\/mobilheim\/comfort\/#primaryimage"},"thumbnailUrl":"https:\/\/www.marelago.it\/wp-content\/uploads\/2025\/06\/comfort-8.webp","datePublished":"2023-03-08T15:27:51+00:00","dateModified":"2025-06-28T06:41:45+00:00","description":"-1220","breadcrumb":{"@id":"https:\/\/www.marelago.it\/de\/mobilheim\/comfort\/#breadcrumb"},"inLanguage":"de","potentialAction":[{"@type":"ReadAction","target":["https:\/\/www.marelago.it\/de\/mobilheim\/comfort\/"]}]},{"@type":"ImageObject","inLanguage":"de","@id":"https:\/\/www.marelago.it\/de\/mobilheim\/comfort\/#primaryimage","url":"https:\/\/www.marelago.it\/wp-content\/uploads\/2025\/06\/comfort-8.webp","contentUrl":"https:\/\/www.marelago.it\/wp-content\/uploads\/2025\/06\/comfort-8.webp","width":1920,"height":1280},{"@type":"BreadcrumbList","@id":"https:\/\/www.marelago.it\/de\/mobilheim\/comfort\/#breadcrumb","itemListElement":[{"@type":"ListItem","position":1,"name":"Home","item":"https:\/\/www.marelago.it\/de\/"},{"@type":"ListItem","position":2,"name":"Mobilheim","item":"https:\/\/www.marelago.it\/de\/mobilheim\/"},{"@type":"ListItem","position":3,"name":"Comfort"}]},{"@type":"WebSite","@id":"https:\/\/www.marelago.it\/de\/#website","url":"https:\/\/www.marelago.it\/de\/","name":"Camping Marelago","description":"Il vostro Campeggio a Caorle Lido Altanea","publisher":{"@id":"https:\/\/www.marelago.it\/de\/#organization"},"potentialAction":[{"@type":"SearchAction","target":{"@type":"EntryPoint","urlTemplate":"https:\/\/www.marelago.it\/de\/?s={search_term_string}"},"query-input":{"@type":"PropertyValueSpecification","valueRequired":true,"valueName":"search_term_string"}}],"inLanguage":"de"},{"@type":"Organization","@id":"https:\/\/www.marelago.it\/de\/#organization","name":"Camping Marelago","url":"https:\/\/www.marelago.it\/de\/","logo":{"@type":"ImageObject","inLanguage":"de","@id":"https:\/\/www.marelago.it\/de\/#\/schema\/logo\/image\/","url":"https:\/\/www.marelago.it\/wp-content\/uploads\/2023\/02\/camping-marelago-caorle-logo.png","contentUrl":"https:\/\/www.marelago.it\/wp-content\/uploads\/2023\/02\/camping-marelago-caorle-logo.png","width":169,"height":89,"caption":"Camping Marelago"},"image":{"@id":"https:\/\/www.marelago.it\/de\/#\/schema\/logo\/image\/"},"sameAs":["https:\/\/www.facebook.com\/campingmarelago\/"]}]}},"_links":{"self":[{"href":"https:\/\/www.marelago.it\/de\/wp-json\/wp\/v2\/pages\/1965","targetHints":{"allow":["GET"]}}],"collection":[{"href":"https:\/\/www.marelago.it\/de\/wp-json\/wp\/v2\/pages"}],"about":[{"href":"https:\/\/www.marelago.it\/de\/wp-json\/wp\/v2\/types\/page"}],"author":[{"embeddable":true,"href":"https:\/\/www.marelago.it\/de\/wp-json\/wp\/v2\/users\/1"}],"replies":[{"embeddable":true,"href":"https:\/\/www.marelago.it\/de\/wp-json\/wp\/v2\/comments?post=1965"}],"version-history":[{"count":9,"href":"https:\/\/www.marelago.it\/de\/wp-json\/wp\/v2\/pages\/1965\/revisions"}],"predecessor-version":[{"id":3872,"href":"https:\/\/www.marelago.it\/de\/wp-json\/wp\/v2\/pages\/1965\/revisions\/3872"}],"up":[{"embeddable":true,"href":"https:\/\/www.marelago.it\/de\/wp-json\/wp\/v2\/pages\/1901"}],"wp:featuredmedia":[{"embeddable":true,"href":"https:\/\/www.marelago.it\/de\/wp-json\/wp\/v2\/media\/3847"}],"wp:attachment":[{"href":"https:\/\/www.marelago.it\/de\/wp-json\/wp\/v2\/media?parent=1965"}],"curies":[{"name":"wp","href":"https:\/\/api.w.org\/{rel}","templated":true}]}}