{"id":1948,"date":"2023-03-08T16:26:50","date_gmt":"2023-03-08T15:26:50","guid":{"rendered":"https:\/\/www.marelago.it\/mobilheim\/ametista\/"},"modified":"2024-12-09T12:33:04","modified_gmt":"2024-12-09T11:33:04","slug":"ametista","status":"publish","type":"page","link":"https:\/\/www.marelago.it\/de\/mobilheim\/ametista\/","title":{"rendered":"Ametista"},"content":{"rendered":"\n<p>Die <strong>brandneuen Ametista-Mobilheime<\/strong> k\u00f6nnen bis zu 5 Personen beherbergen.<br>Entsprechend den neuesten Standards des Wohnkomforts und der Energieeinsparung werden sie ausschlie\u00dflich mit Strom betrieben.<br>Sie bestehen aus: einem Wohnzimmer mit Kochnische und Schlafsofa, einem Hauptschlafzimmer mit Bad, einem Schlafzimmer mit 2 Betten, einem zweiten Bad, einer gro\u00dfen \u00fcberdachten m\u00f6blierten Terrasse und einem Parkplatz.<br>Sie sind au\u00dferdem ausgestattet mit: K\u00fchlschrank, Induktionskochfeld, TV, Klimaanlage.<\/p>\n\n\n\n<ul class=\"list-room wp-block-list\">\n<li>1 Ehezimmer<\/li>\n\n\n\n<li>1 Zweibettzimmer<\/li>\n\n\n\n<li>1 Bad mit WC, Dusche und Waschbecken<\/li>\n\n\n\n<li>1 Bad mit WC und Waschbecken<\/li>\n\n\n\n<li>Sofabett im Wohnzimmer<\/li>\n<\/ul>\n","protected":false},"excerpt":{"rendered":"<p>Die brandneuen Ametista-Mobilheime k\u00f6nnen bis zu 5 Personen beherbergen.Entsprechend den neuesten Standards des Wohnkomforts und der Energieeinsparung werden sie ausschlie\u00dflich mit Strom betrieben.Sie bestehen aus: einem Wohnzimmer mit Kochnische und Schlafsofa, einem Hauptschlafzimmer mit Bad, einem Schlafzimmer mit 2 Betten, einem zweiten Bad, einer gro\u00dfen \u00fcberdachten m\u00f6blierten Terrasse und einem Parkplatz.Sie sind au\u00dferdem ausgestattet mit: [&hellip;]<\/p>\n","protected":false},"author":1,"featured_media":3088,"parent":1901,"menu_order":3,"comment_status":"closed","ping_status":"closed","template":"template-room-details.php","meta":{"_acf_changed":false,"footnotes":""},"class_list":["post-1948","page","type-page","status-publish","has-post-thumbnail","hentry"],"acf":[],"yoast_head":"<!-- This site is optimized with the Yoast SEO plugin v26.7 - https:\/\/yoast.com\/wordpress\/plugins\/seo\/ -->\n<title>Ametista | Marelago Camping<\/title>\n<meta name=\"robots\" content=\"index, follow, max-snippet:-1, max-image-preview:large, max-video-preview:-1\" \/>\n<link rel=\"canonical\" href=\"https:\/\/www.marelago.it\/de\/mobilheim\/ametista\/\" \/>\n<meta property=\"og:locale\" content=\"de_DE\" \/>\n<meta property=\"og:type\" content=\"article\" \/>\n<meta property=\"og:title\" content=\"Ametista | Marelago Camping\" \/>\n<meta property=\"og:description\" content=\"Die brandneuen Ametista-Mobilheime k\u00f6nnen bis zu 5 Personen beherbergen.Entsprechend den neuesten Standards des Wohnkomforts und der Energieeinsparung werden sie ausschlie\u00dflich mit Strom betrieben.Sie bestehen aus: einem Wohnzimmer mit Kochnische und Schlafsofa, einem Hauptschlafzimmer mit Bad, einem Schlafzimmer mit 2 Betten, einem zweiten Bad, einer gro\u00dfen \u00fcberdachten m\u00f6blierten Terrasse und einem Parkplatz.Sie sind au\u00dferdem ausgestattet mit: [&hellip;]\" \/>\n<meta property=\"og:url\" content=\"https:\/\/www.marelago.it\/de\/mobilheim\/ametista\/\" \/>\n<meta property=\"og:site_name\" content=\"Marelago Camping\" \/>\n<meta property=\"article:publisher\" content=\"https:\/\/www.facebook.com\/campingmarelago\/\" \/>\n<meta property=\"article:modified_time\" content=\"2024-12-09T11:33:04+00:00\" \/>\n<meta property=\"og:image\" content=\"https:\/\/www.marelago.it\/wp-content\/uploads\/2023\/07\/Camping_Amestista-8.webp\" \/>\n\t<meta property=\"og:image:width\" content=\"1920\" \/>\n\t<meta property=\"og:image:height\" content=\"1280\" \/>\n\t<meta property=\"og:image:type\" content=\"image\/webp\" \/>\n<meta name=\"twitter:card\" content=\"summary_large_image\" \/>\n<meta name=\"twitter:label1\" content=\"Gesch\u00e4tzte Lesezeit\" \/>\n\t<meta name=\"twitter:data1\" content=\"1\u00a0Minute\" \/>\n<script type=\"application\/ld+json\" class=\"yoast-schema-graph\">{\"@context\":\"https:\/\/schema.org\",\"@graph\":[{\"@type\":\"WebPage\",\"@id\":\"https:\/\/www.marelago.it\/de\/mobilheim\/ametista\/\",\"url\":\"https:\/\/www.marelago.it\/de\/mobilheim\/ametista\/\",\"name\":\"Ametista | Marelago Camping\",\"isPartOf\":{\"@id\":\"https:\/\/www.marelago.it\/de\/#website\"},\"primaryImageOfPage\":{\"@id\":\"https:\/\/www.marelago.it\/de\/mobilheim\/ametista\/#primaryimage\"},\"image\":{\"@id\":\"https:\/\/www.marelago.it\/de\/mobilheim\/ametista\/#primaryimage\"},\"thumbnailUrl\":\"https:\/\/www.marelago.it\/wp-content\/uploads\/2023\/07\/Camping_Amestista-8.webp\",\"datePublished\":\"2023-03-08T15:26:50+00:00\",\"dateModified\":\"2024-12-09T11:33:04+00:00\",\"breadcrumb\":{\"@id\":\"https:\/\/www.marelago.it\/de\/mobilheim\/ametista\/#breadcrumb\"},\"inLanguage\":\"de\",\"potentialAction\":[{\"@type\":\"ReadAction\",\"target\":[\"https:\/\/www.marelago.it\/de\/mobilheim\/ametista\/\"]}]},{\"@type\":\"ImageObject\",\"inLanguage\":\"de\",\"@id\":\"https:\/\/www.marelago.it\/de\/mobilheim\/ametista\/#primaryimage\",\"url\":\"https:\/\/www.marelago.it\/wp-content\/uploads\/2023\/07\/Camping_Amestista-8.webp\",\"contentUrl\":\"https:\/\/www.marelago.it\/wp-content\/uploads\/2023\/07\/Camping_Amestista-8.webp\",\"width\":1920,\"height\":1280},{\"@type\":\"BreadcrumbList\",\"@id\":\"https:\/\/www.marelago.it\/de\/mobilheim\/ametista\/#breadcrumb\",\"itemListElement\":[{\"@type\":\"ListItem\",\"position\":1,\"name\":\"Home\",\"item\":\"https:\/\/www.marelago.it\/de\/\"},{\"@type\":\"ListItem\",\"position\":2,\"name\":\"Mobilheim\",\"item\":\"https:\/\/www.marelago.it\/de\/mobilheim\/\"},{\"@type\":\"ListItem\",\"position\":3,\"name\":\"Ametista\"}]},{\"@type\":\"WebSite\",\"@id\":\"https:\/\/www.marelago.it\/de\/#website\",\"url\":\"https:\/\/www.marelago.it\/de\/\",\"name\":\"Camping Marelago\",\"description\":\"Il vostro Campeggio a Caorle Lido Altanea\",\"publisher\":{\"@id\":\"https:\/\/www.marelago.it\/de\/#organization\"},\"potentialAction\":[{\"@type\":\"SearchAction\",\"target\":{\"@type\":\"EntryPoint\",\"urlTemplate\":\"https:\/\/www.marelago.it\/de\/?s={search_term_string}\"},\"query-input\":{\"@type\":\"PropertyValueSpecification\",\"valueRequired\":true,\"valueName\":\"search_term_string\"}}],\"inLanguage\":\"de\"},{\"@type\":\"Organization\",\"@id\":\"https:\/\/www.marelago.it\/de\/#organization\",\"name\":\"Camping Marelago\",\"url\":\"https:\/\/www.marelago.it\/de\/\",\"logo\":{\"@type\":\"ImageObject\",\"inLanguage\":\"de\",\"@id\":\"https:\/\/www.marelago.it\/de\/#\/schema\/logo\/image\/\",\"url\":\"https:\/\/www.marelago.it\/wp-content\/uploads\/2023\/02\/camping-marelago-caorle-logo.png\",\"contentUrl\":\"https:\/\/www.marelago.it\/wp-content\/uploads\/2023\/02\/camping-marelago-caorle-logo.png\",\"width\":169,\"height\":89,\"caption\":\"Camping Marelago\"},\"image\":{\"@id\":\"https:\/\/www.marelago.it\/de\/#\/schema\/logo\/image\/\"},\"sameAs\":[\"https:\/\/www.facebook.com\/campingmarelago\/\"]}]}<\/script>\n<!-- \/ Yoast SEO plugin. -->","yoast_head_json":{"title":"Ametista | Marelago Camping","robots":{"index":"index","follow":"follow","max-snippet":"max-snippet:-1","max-image-preview":"max-image-preview:large","max-video-preview":"max-video-preview:-1"},"canonical":"https:\/\/www.marelago.it\/de\/mobilheim\/ametista\/","og_locale":"de_DE","og_type":"article","og_title":"Ametista | Marelago Camping","og_description":"Die brandneuen Ametista-Mobilheime k\u00f6nnen bis zu 5 Personen beherbergen.Entsprechend den neuesten Standards des Wohnkomforts und der Energieeinsparung werden sie ausschlie\u00dflich mit Strom betrieben.Sie bestehen aus: einem Wohnzimmer mit Kochnische und Schlafsofa, einem Hauptschlafzimmer mit Bad, einem Schlafzimmer mit 2 Betten, einem zweiten Bad, einer gro\u00dfen \u00fcberdachten m\u00f6blierten Terrasse und einem Parkplatz.Sie sind au\u00dferdem ausgestattet mit: [&hellip;]","og_url":"https:\/\/www.marelago.it\/de\/mobilheim\/ametista\/","og_site_name":"Marelago Camping","article_publisher":"https:\/\/www.facebook.com\/campingmarelago\/","article_modified_time":"2024-12-09T11:33:04+00:00","og_image":[{"width":1920,"height":1280,"url":"https:\/\/www.marelago.it\/wp-content\/uploads\/2023\/07\/Camping_Amestista-8.webp","type":"image\/webp"}],"twitter_card":"summary_large_image","twitter_misc":{"Gesch\u00e4tzte Lesezeit":"1\u00a0Minute"},"schema":{"@context":"https:\/\/schema.org","@graph":[{"@type":"WebPage","@id":"https:\/\/www.marelago.it\/de\/mobilheim\/ametista\/","url":"https:\/\/www.marelago.it\/de\/mobilheim\/ametista\/","name":"Ametista | Marelago Camping","isPartOf":{"@id":"https:\/\/www.marelago.it\/de\/#website"},"primaryImageOfPage":{"@id":"https:\/\/www.marelago.it\/de\/mobilheim\/ametista\/#primaryimage"},"image":{"@id":"https:\/\/www.marelago.it\/de\/mobilheim\/ametista\/#primaryimage"},"thumbnailUrl":"https:\/\/www.marelago.it\/wp-content\/uploads\/2023\/07\/Camping_Amestista-8.webp","datePublished":"2023-03-08T15:26:50+00:00","dateModified":"2024-12-09T11:33:04+00:00","breadcrumb":{"@id":"https:\/\/www.marelago.it\/de\/mobilheim\/ametista\/#breadcrumb"},"inLanguage":"de","potentialAction":[{"@type":"ReadAction","target":["https:\/\/www.marelago.it\/de\/mobilheim\/ametista\/"]}]},{"@type":"ImageObject","inLanguage":"de","@id":"https:\/\/www.marelago.it\/de\/mobilheim\/ametista\/#primaryimage","url":"https:\/\/www.marelago.it\/wp-content\/uploads\/2023\/07\/Camping_Amestista-8.webp","contentUrl":"https:\/\/www.marelago.it\/wp-content\/uploads\/2023\/07\/Camping_Amestista-8.webp","width":1920,"height":1280},{"@type":"BreadcrumbList","@id":"https:\/\/www.marelago.it\/de\/mobilheim\/ametista\/#breadcrumb","itemListElement":[{"@type":"ListItem","position":1,"name":"Home","item":"https:\/\/www.marelago.it\/de\/"},{"@type":"ListItem","position":2,"name":"Mobilheim","item":"https:\/\/www.marelago.it\/de\/mobilheim\/"},{"@type":"ListItem","position":3,"name":"Ametista"}]},{"@type":"WebSite","@id":"https:\/\/www.marelago.it\/de\/#website","url":"https:\/\/www.marelago.it\/de\/","name":"Camping Marelago","description":"Il vostro Campeggio a Caorle Lido Altanea","publisher":{"@id":"https:\/\/www.marelago.it\/de\/#organization"},"potentialAction":[{"@type":"SearchAction","target":{"@type":"EntryPoint","urlTemplate":"https:\/\/www.marelago.it\/de\/?s={search_term_string}"},"query-input":{"@type":"PropertyValueSpecification","valueRequired":true,"valueName":"search_term_string"}}],"inLanguage":"de"},{"@type":"Organization","@id":"https:\/\/www.marelago.it\/de\/#organization","name":"Camping Marelago","url":"https:\/\/www.marelago.it\/de\/","logo":{"@type":"ImageObject","inLanguage":"de","@id":"https:\/\/www.marelago.it\/de\/#\/schema\/logo\/image\/","url":"https:\/\/www.marelago.it\/wp-content\/uploads\/2023\/02\/camping-marelago-caorle-logo.png","contentUrl":"https:\/\/www.marelago.it\/wp-content\/uploads\/2023\/02\/camping-marelago-caorle-logo.png","width":169,"height":89,"caption":"Camping Marelago"},"image":{"@id":"https:\/\/www.marelago.it\/de\/#\/schema\/logo\/image\/"},"sameAs":["https:\/\/www.facebook.com\/campingmarelago\/"]}]}},"_links":{"self":[{"href":"https:\/\/www.marelago.it\/de\/wp-json\/wp\/v2\/pages\/1948","targetHints":{"allow":["GET"]}}],"collection":[{"href":"https:\/\/www.marelago.it\/de\/wp-json\/wp\/v2\/pages"}],"about":[{"href":"https:\/\/www.marelago.it\/de\/wp-json\/wp\/v2\/types\/page"}],"author":[{"embeddable":true,"href":"https:\/\/www.marelago.it\/de\/wp-json\/wp\/v2\/users\/1"}],"replies":[{"embeddable":true,"href":"https:\/\/www.marelago.it\/de\/wp-json\/wp\/v2\/comments?post=1948"}],"version-history":[{"count":9,"href":"https:\/\/www.marelago.it\/de\/wp-json\/wp\/v2\/pages\/1948\/revisions"}],"predecessor-version":[{"id":3556,"href":"https:\/\/www.marelago.it\/de\/wp-json\/wp\/v2\/pages\/1948\/revisions\/3556"}],"up":[{"embeddable":true,"href":"https:\/\/www.marelago.it\/de\/wp-json\/wp\/v2\/pages\/1901"}],"wp:featuredmedia":[{"embeddable":true,"href":"https:\/\/www.marelago.it\/de\/wp-json\/wp\/v2\/media\/3088"}],"wp:attachment":[{"href":"https:\/\/www.marelago.it\/de\/wp-json\/wp\/v2\/media?parent=1948"}],"curies":[{"name":"wp","href":"https:\/\/api.w.org\/{rel}","templated":true}]}}