{"id":1901,"date":"2023-02-21T17:11:38","date_gmt":"2023-02-21T16:11:38","guid":{"rendered":"https:\/\/www.marelago.it\/mobilhome\/"},"modified":"2023-03-31T10:20:30","modified_gmt":"2023-03-31T08:20:30","slug":"mobilheim","status":"publish","type":"page","link":"https:\/\/www.marelago.it\/de\/mobilheim\/","title":{"rendered":"Mobilheim"},"content":{"rendered":"\n<p>Auf dem Campingplatz Marelago k\u00f6nnen Sie einen Urlaub inmitten der Natur und nur wenige Meter vom Meer entfernt verbringen, ohne auf den Komfort und die Unabh\u00e4ngigkeit des eigenen Heims verzichten zu m\u00fcssen.<\/p>\n\n\n\n<p>Unsere Mobilheime k\u00f6nnen <strong>bis zu 6 Personen beherbergen<\/strong> und umfassen alle einen Wohnbereich mit Kochnische, Geschirr und Kochutensilien, Klimaanlage, Satelliten-TV, Safe, m\u00f6blierter Holzterrasse (Tisch und St\u00fchle) und einen Parkplatz: die perfekte Wahl f\u00fcr Familien mit Kindern, Gro\u00dfeltern und Gruppen von Freunden.<\/p>\n\n\n\n<p>Denken Sie daran, dass Sie <strong>bei der Buchung einen Strandplatz reservieren<\/strong> k\u00f6nnen: Er bietet 2 Sonnenliegen und 1 Sonnenschirm zu einem Sonderpreis.<\/p>\n\n\n\n<h4 class=\"wp-block-heading\">W\u00e4hlen Sie das richtige Mobilheim f\u00fcr Ihren Urlaub<\/h4>\n\n\n\n<p>F\u00fcr einen <strong>Aufenthalt mit Ihrem Partner<\/strong> steht Ihnen unser sehr gut ausgestattetes Mobilheim Diamante zur Verf\u00fcgung, das \u00fcber eine Kochnische mit K\u00fchlschrank, Mikrowellenherd und Wasserkocher verf\u00fcgt. Ein Satz Bettw\u00e4sche und Handt\u00fccher f\u00fcr 2 Personen ist inbegriffen. Sie k\u00f6nnen an jedem beliebigen Wochentag an- und abreisen, und als Mindestaufenthalt sind nur 2 \u00dcbernachtungen vorgesehen.<\/p>\n\n\n\n<p>F\u00fcr einen <strong>Urlaub mit der Familie oder mit Freunden<\/strong> werden Ihnen verschiedene L\u00f6sungen angeboten: von den klassischen und preiswerten Mobilheimen Coral und Giada bis hin zu den modernen und komfortablen Wohneinheiten Rubino und Zaffiro, die mit einer gro\u00dfen Terrasse ausgestattet sind. Wenn Sie kleine Kinder haben, eignen sich die Mobilheime Perla, Coral New oder Giada New besonders gut, weil die Terrasse mit einem Tor ausger\u00fcstet ist.<\/p>\n\n\n\n<p>Diese Typologien k\u00f6nnen f\u00fcr 7 oder 14 \u00dcbernachtungen gebucht werden, und Sie k\u00f6nnen wahlweise am Freitag, Samstag oder Sonntag anreisen.<\/p>\n\n\n\n<p><strong>Bettlaken und Handt\u00fccher<\/strong> sind nicht im Preis inbegriffen. Sie k\u00f6nnen von zu Hause mitgebracht oder bei uns <strong>gemietet<\/strong> werden.<\/p>\n\n\n\n<h4 class=\"wp-block-heading\">N\u00fctzliche Informationen &#8211; Campingplatz<\/h4>\n\n\n\n<p>Die <strong>Rezeption<\/strong> ist von 7.00 bis 23.00 Uhr ge\u00f6ffnet, und Sie k\u00f6nnen jederzeit einchecken. Bitte denken Sie daran, dass Sie eine <strong>Kaution<\/strong> von 100,00 Euro in bar hinterlegen m\u00fcssen. Sobald Sie eingecheckt haben, k\u00f6nnen Sie den Campingplatz betreten und die angebotenen Dienstleistungen nutzen. Wenn Sie einen Strandplatz reserviert haben, k\u00f6nnen Sie diesen bereits am Tag Ihrer Ankunft nutzen.<\/p>\n\n\n\n<p>Die <strong>Schl\u00fcssel<\/strong> f\u00fcr Ihre Unterkunft erhalten Sie sp\u00e4testens um 17.00 Uhr, sobald diese gereinigt und saniert worden ist.<\/p>\n\n\n\n<p><strong>Am Tag der Abreise<\/strong> muss das Haus bis 10.00 Uhr ger\u00e4umt werden, au\u00dfer bei besonderen Angeboten, die die M\u00f6glichkeit einer Abreise am Nachmittag vorsehen.<\/p>\n","protected":false},"excerpt":{"rendered":"<p>Auf dem Campingplatz Marelago k\u00f6nnen Sie einen Urlaub inmitten der Natur und nur wenige Meter vom Meer entfernt verbringen, ohne auf den Komfort und die Unabh\u00e4ngigkeit des eigenen Heims verzichten zu m\u00fcssen. Unsere Mobilheime k\u00f6nnen bis zu 6 Personen beherbergen und umfassen alle einen Wohnbereich mit Kochnische, Geschirr und Kochutensilien, Klimaanlage, Satelliten-TV, Safe, m\u00f6blierter Holzterrasse [&hellip;]<\/p>\n","protected":false},"author":1,"featured_media":2677,"parent":0,"menu_order":60,"comment_status":"closed","ping_status":"closed","template":"template-room-list.php","meta":{"_acf_changed":false,"footnotes":""},"class_list":["post-1901","page","type-page","status-publish","has-post-thumbnail","hentry"],"acf":[],"yoast_head":"<!-- This site is optimized with the Yoast SEO plugin v26.7 - https:\/\/yoast.com\/wordpress\/plugins\/seo\/ -->\n<title>Mobilheime in Caorle | Camping Marelago<\/title>\n<meta name=\"description\" content=\"Entdecken Sie die Marelago Mobilheime, f\u00fcr bis zu 6 Personen mit zahlreichen Serviceangeboten f\u00fcr Ihren Komfort\" \/>\n<meta name=\"robots\" content=\"index, follow, max-snippet:-1, max-image-preview:large, max-video-preview:-1\" \/>\n<link rel=\"canonical\" href=\"https:\/\/www.marelago.it\/de\/mobilheim\/\" \/>\n<meta property=\"og:locale\" content=\"de_DE\" \/>\n<meta property=\"og:type\" content=\"article\" \/>\n<meta property=\"og:title\" content=\"Mobilheime in Caorle | Camping Marelago\" \/>\n<meta property=\"og:description\" content=\"Entdecken Sie die Marelago Mobilheime, f\u00fcr bis zu 6 Personen mit zahlreichen Serviceangeboten f\u00fcr Ihren Komfort\" \/>\n<meta property=\"og:url\" content=\"https:\/\/www.marelago.it\/de\/mobilheim\/\" \/>\n<meta property=\"og:site_name\" content=\"Marelago Camping\" \/>\n<meta property=\"article:publisher\" content=\"https:\/\/www.facebook.com\/campingmarelago\/\" \/>\n<meta property=\"article:modified_time\" content=\"2023-03-31T08:20:30+00:00\" \/>\n<meta property=\"og:image\" content=\"https:\/\/www.marelago.it\/wp-content\/uploads\/2023\/03\/mobilhome.jpg\" \/>\n\t<meta property=\"og:image:width\" content=\"1900\" \/>\n\t<meta property=\"og:image:height\" content=\"1280\" \/>\n\t<meta property=\"og:image:type\" content=\"image\/jpeg\" \/>\n<meta name=\"twitter:card\" content=\"summary_large_image\" \/>\n<meta name=\"twitter:label1\" content=\"Gesch\u00e4tzte Lesezeit\" \/>\n\t<meta name=\"twitter:data1\" content=\"2\u00a0Minuten\" \/>\n<script type=\"application\/ld+json\" class=\"yoast-schema-graph\">{\"@context\":\"https:\/\/schema.org\",\"@graph\":[{\"@type\":\"WebPage\",\"@id\":\"https:\/\/www.marelago.it\/de\/mobilheim\/\",\"url\":\"https:\/\/www.marelago.it\/de\/mobilheim\/\",\"name\":\"Mobilheime in Caorle | Camping Marelago\",\"isPartOf\":{\"@id\":\"https:\/\/www.marelago.it\/de\/#website\"},\"primaryImageOfPage\":{\"@id\":\"https:\/\/www.marelago.it\/de\/mobilheim\/#primaryimage\"},\"image\":{\"@id\":\"https:\/\/www.marelago.it\/de\/mobilheim\/#primaryimage\"},\"thumbnailUrl\":\"https:\/\/www.marelago.it\/wp-content\/uploads\/2023\/03\/mobilhome.jpg\",\"datePublished\":\"2023-02-21T16:11:38+00:00\",\"dateModified\":\"2023-03-31T08:20:30+00:00\",\"description\":\"Entdecken Sie die Marelago Mobilheime, f\u00fcr bis zu 6 Personen mit zahlreichen Serviceangeboten f\u00fcr Ihren Komfort\",\"breadcrumb\":{\"@id\":\"https:\/\/www.marelago.it\/de\/mobilheim\/#breadcrumb\"},\"inLanguage\":\"de\",\"potentialAction\":[{\"@type\":\"ReadAction\",\"target\":[\"https:\/\/www.marelago.it\/de\/mobilheim\/\"]}]},{\"@type\":\"ImageObject\",\"inLanguage\":\"de\",\"@id\":\"https:\/\/www.marelago.it\/de\/mobilheim\/#primaryimage\",\"url\":\"https:\/\/www.marelago.it\/wp-content\/uploads\/2023\/03\/mobilhome.jpg\",\"contentUrl\":\"https:\/\/www.marelago.it\/wp-content\/uploads\/2023\/03\/mobilhome.jpg\",\"width\":1900,\"height\":1280},{\"@type\":\"BreadcrumbList\",\"@id\":\"https:\/\/www.marelago.it\/de\/mobilheim\/#breadcrumb\",\"itemListElement\":[{\"@type\":\"ListItem\",\"position\":1,\"name\":\"Home\",\"item\":\"https:\/\/www.marelago.it\/de\/\"},{\"@type\":\"ListItem\",\"position\":2,\"name\":\"Mobilheim\"}]},{\"@type\":\"WebSite\",\"@id\":\"https:\/\/www.marelago.it\/de\/#website\",\"url\":\"https:\/\/www.marelago.it\/de\/\",\"name\":\"Camping Marelago\",\"description\":\"Il vostro Campeggio a Caorle Lido Altanea\",\"publisher\":{\"@id\":\"https:\/\/www.marelago.it\/de\/#organization\"},\"potentialAction\":[{\"@type\":\"SearchAction\",\"target\":{\"@type\":\"EntryPoint\",\"urlTemplate\":\"https:\/\/www.marelago.it\/de\/?s={search_term_string}\"},\"query-input\":{\"@type\":\"PropertyValueSpecification\",\"valueRequired\":true,\"valueName\":\"search_term_string\"}}],\"inLanguage\":\"de\"},{\"@type\":\"Organization\",\"@id\":\"https:\/\/www.marelago.it\/de\/#organization\",\"name\":\"Camping Marelago\",\"url\":\"https:\/\/www.marelago.it\/de\/\",\"logo\":{\"@type\":\"ImageObject\",\"inLanguage\":\"de\",\"@id\":\"https:\/\/www.marelago.it\/de\/#\/schema\/logo\/image\/\",\"url\":\"https:\/\/www.marelago.it\/wp-content\/uploads\/2023\/02\/camping-marelago-caorle-logo.png\",\"contentUrl\":\"https:\/\/www.marelago.it\/wp-content\/uploads\/2023\/02\/camping-marelago-caorle-logo.png\",\"width\":169,\"height\":89,\"caption\":\"Camping Marelago\"},\"image\":{\"@id\":\"https:\/\/www.marelago.it\/de\/#\/schema\/logo\/image\/\"},\"sameAs\":[\"https:\/\/www.facebook.com\/campingmarelago\/\"]}]}<\/script>\n<!-- \/ Yoast SEO plugin. -->","yoast_head_json":{"title":"Mobilheime in Caorle | Camping Marelago","description":"Entdecken Sie die Marelago Mobilheime, f\u00fcr bis zu 6 Personen mit zahlreichen Serviceangeboten f\u00fcr Ihren Komfort","robots":{"index":"index","follow":"follow","max-snippet":"max-snippet:-1","max-image-preview":"max-image-preview:large","max-video-preview":"max-video-preview:-1"},"canonical":"https:\/\/www.marelago.it\/de\/mobilheim\/","og_locale":"de_DE","og_type":"article","og_title":"Mobilheime in Caorle | Camping Marelago","og_description":"Entdecken Sie die Marelago Mobilheime, f\u00fcr bis zu 6 Personen mit zahlreichen Serviceangeboten f\u00fcr Ihren Komfort","og_url":"https:\/\/www.marelago.it\/de\/mobilheim\/","og_site_name":"Marelago Camping","article_publisher":"https:\/\/www.facebook.com\/campingmarelago\/","article_modified_time":"2023-03-31T08:20:30+00:00","og_image":[{"width":1900,"height":1280,"url":"https:\/\/www.marelago.it\/wp-content\/uploads\/2023\/03\/mobilhome.jpg","type":"image\/jpeg"}],"twitter_card":"summary_large_image","twitter_misc":{"Gesch\u00e4tzte Lesezeit":"2\u00a0Minuten"},"schema":{"@context":"https:\/\/schema.org","@graph":[{"@type":"WebPage","@id":"https:\/\/www.marelago.it\/de\/mobilheim\/","url":"https:\/\/www.marelago.it\/de\/mobilheim\/","name":"Mobilheime in Caorle | Camping Marelago","isPartOf":{"@id":"https:\/\/www.marelago.it\/de\/#website"},"primaryImageOfPage":{"@id":"https:\/\/www.marelago.it\/de\/mobilheim\/#primaryimage"},"image":{"@id":"https:\/\/www.marelago.it\/de\/mobilheim\/#primaryimage"},"thumbnailUrl":"https:\/\/www.marelago.it\/wp-content\/uploads\/2023\/03\/mobilhome.jpg","datePublished":"2023-02-21T16:11:38+00:00","dateModified":"2023-03-31T08:20:30+00:00","description":"Entdecken Sie die Marelago Mobilheime, f\u00fcr bis zu 6 Personen mit zahlreichen Serviceangeboten f\u00fcr Ihren Komfort","breadcrumb":{"@id":"https:\/\/www.marelago.it\/de\/mobilheim\/#breadcrumb"},"inLanguage":"de","potentialAction":[{"@type":"ReadAction","target":["https:\/\/www.marelago.it\/de\/mobilheim\/"]}]},{"@type":"ImageObject","inLanguage":"de","@id":"https:\/\/www.marelago.it\/de\/mobilheim\/#primaryimage","url":"https:\/\/www.marelago.it\/wp-content\/uploads\/2023\/03\/mobilhome.jpg","contentUrl":"https:\/\/www.marelago.it\/wp-content\/uploads\/2023\/03\/mobilhome.jpg","width":1900,"height":1280},{"@type":"BreadcrumbList","@id":"https:\/\/www.marelago.it\/de\/mobilheim\/#breadcrumb","itemListElement":[{"@type":"ListItem","position":1,"name":"Home","item":"https:\/\/www.marelago.it\/de\/"},{"@type":"ListItem","position":2,"name":"Mobilheim"}]},{"@type":"WebSite","@id":"https:\/\/www.marelago.it\/de\/#website","url":"https:\/\/www.marelago.it\/de\/","name":"Camping Marelago","description":"Il vostro Campeggio a Caorle Lido Altanea","publisher":{"@id":"https:\/\/www.marelago.it\/de\/#organization"},"potentialAction":[{"@type":"SearchAction","target":{"@type":"EntryPoint","urlTemplate":"https:\/\/www.marelago.it\/de\/?s={search_term_string}"},"query-input":{"@type":"PropertyValueSpecification","valueRequired":true,"valueName":"search_term_string"}}],"inLanguage":"de"},{"@type":"Organization","@id":"https:\/\/www.marelago.it\/de\/#organization","name":"Camping Marelago","url":"https:\/\/www.marelago.it\/de\/","logo":{"@type":"ImageObject","inLanguage":"de","@id":"https:\/\/www.marelago.it\/de\/#\/schema\/logo\/image\/","url":"https:\/\/www.marelago.it\/wp-content\/uploads\/2023\/02\/camping-marelago-caorle-logo.png","contentUrl":"https:\/\/www.marelago.it\/wp-content\/uploads\/2023\/02\/camping-marelago-caorle-logo.png","width":169,"height":89,"caption":"Camping Marelago"},"image":{"@id":"https:\/\/www.marelago.it\/de\/#\/schema\/logo\/image\/"},"sameAs":["https:\/\/www.facebook.com\/campingmarelago\/"]}]}},"_links":{"self":[{"href":"https:\/\/www.marelago.it\/de\/wp-json\/wp\/v2\/pages\/1901","targetHints":{"allow":["GET"]}}],"collection":[{"href":"https:\/\/www.marelago.it\/de\/wp-json\/wp\/v2\/pages"}],"about":[{"href":"https:\/\/www.marelago.it\/de\/wp-json\/wp\/v2\/types\/page"}],"author":[{"embeddable":true,"href":"https:\/\/www.marelago.it\/de\/wp-json\/wp\/v2\/users\/1"}],"replies":[{"embeddable":true,"href":"https:\/\/www.marelago.it\/de\/wp-json\/wp\/v2\/comments?post=1901"}],"version-history":[{"count":3,"href":"https:\/\/www.marelago.it\/de\/wp-json\/wp\/v2\/pages\/1901\/revisions"}],"predecessor-version":[{"id":1909,"href":"https:\/\/www.marelago.it\/de\/wp-json\/wp\/v2\/pages\/1901\/revisions\/1909"}],"wp:featuredmedia":[{"embeddable":true,"href":"https:\/\/www.marelago.it\/de\/wp-json\/wp\/v2\/media\/2677"}],"wp:attachment":[{"href":"https:\/\/www.marelago.it\/de\/wp-json\/wp\/v2\/media?parent=1901"}],"curies":[{"name":"wp","href":"https:\/\/api.w.org\/{rel}","templated":true}]}}