{"id":1758,"date":"2023-03-08T16:21:09","date_gmt":"2023-03-08T15:21:09","guid":{"rendered":"https:\/\/www.marelago.it\/stellplatze\/piazzola-airone\/"},"modified":"2024-12-09T12:24:58","modified_gmt":"2024-12-09T11:24:58","slug":"stellplatz-airon","status":"publish","type":"page","link":"https:\/\/www.marelago.it\/de\/stellplatze\/stellplatz-airon\/","title":{"rendered":"Stellplatz Airon"},"content":{"rendered":"\n<p>Der Stellplatz Airone verf\u00fcgt \u00fcber eine Gr\u00fcnfl\u00e4che f\u00fcr Wohnwagen\/Wohnmobil\/Zelt vom m 9,20 x 5,00 mit einer weiteren freien Gr\u00fcnfl\u00e4che von m 3.50 x 5.00.<\/p>\n\n\n\n<p>Es ist mit eigenes Bad mit Dusche, Kochecke mit K\u00fchlschrank, Sp\u00fclbecken und Waschbrett, EEG-Stromanschluss (220 Volt), SAT TV Anschluss und Grasfl\u00e4che ausgestattet.<\/p>\n","protected":false},"excerpt":{"rendered":"<p>Der Stellplatz Airone verf\u00fcgt \u00fcber eine Gr\u00fcnfl\u00e4che f\u00fcr Wohnwagen\/Wohnmobil\/Zelt vom m 9,20 x 5,00 mit einer weiteren freien Gr\u00fcnfl\u00e4che von m 3.50 x 5.00. Es ist mit eigenes Bad mit Dusche, Kochecke mit K\u00fchlschrank, Sp\u00fclbecken und Waschbrett, EEG-Stromanschluss (220 Volt), SAT TV Anschluss und Grasfl\u00e4che ausgestattet.<\/p>\n","protected":false},"author":1,"featured_media":1721,"parent":1667,"menu_order":0,"comment_status":"closed","ping_status":"closed","template":"template-room-details.php","meta":{"_acf_changed":false,"footnotes":""},"class_list":["post-1758","page","type-page","status-publish","has-post-thumbnail","hentry"],"acf":[],"yoast_head":"<!-- This site is optimized with the Yoast SEO plugin v26.7 - https:\/\/yoast.com\/wordpress\/plugins\/seo\/ -->\n<title>Stellplatz Airon | Marelago Camping<\/title>\n<meta name=\"robots\" content=\"index, follow, max-snippet:-1, max-image-preview:large, max-video-preview:-1\" \/>\n<link rel=\"canonical\" href=\"https:\/\/www.marelago.it\/de\/stellplatze\/stellplatz-airon\/\" \/>\n<meta property=\"og:locale\" content=\"de_DE\" \/>\n<meta property=\"og:type\" content=\"article\" \/>\n<meta property=\"og:title\" content=\"Stellplatz Airon | Marelago Camping\" \/>\n<meta property=\"og:description\" content=\"Der Stellplatz Airone verf\u00fcgt \u00fcber eine Gr\u00fcnfl\u00e4che f\u00fcr Wohnwagen\/Wohnmobil\/Zelt vom m 9,20 x 5,00 mit einer weiteren freien Gr\u00fcnfl\u00e4che von m 3.50 x 5.00. Es ist mit eigenes Bad mit Dusche, Kochecke mit K\u00fchlschrank, Sp\u00fclbecken und Waschbrett, EEG-Stromanschluss (220 Volt), SAT TV Anschluss und Grasfl\u00e4che ausgestattet.\" \/>\n<meta property=\"og:url\" content=\"https:\/\/www.marelago.it\/de\/stellplatze\/stellplatz-airon\/\" \/>\n<meta property=\"og:site_name\" content=\"Marelago Camping\" \/>\n<meta property=\"article:publisher\" content=\"https:\/\/www.facebook.com\/campingmarelago\/\" \/>\n<meta property=\"article:modified_time\" content=\"2024-12-09T11:24:58+00:00\" \/>\n<meta property=\"og:image\" content=\"https:\/\/www.marelago.it\/wp-content\/uploads\/2023\/03\/Piazzole_Airone-1.webp\" \/>\n\t<meta property=\"og:image:width\" content=\"1900\" \/>\n\t<meta property=\"og:image:height\" content=\"1280\" \/>\n\t<meta property=\"og:image:type\" content=\"image\/webp\" \/>\n<meta name=\"twitter:card\" content=\"summary_large_image\" \/>\n<meta name=\"twitter:label1\" content=\"Gesch\u00e4tzte Lesezeit\" \/>\n\t<meta name=\"twitter:data1\" content=\"1\u00a0Minute\" \/>\n<script type=\"application\/ld+json\" class=\"yoast-schema-graph\">{\"@context\":\"https:\/\/schema.org\",\"@graph\":[{\"@type\":\"WebPage\",\"@id\":\"https:\/\/www.marelago.it\/de\/stellplatze\/stellplatz-airon\/\",\"url\":\"https:\/\/www.marelago.it\/de\/stellplatze\/stellplatz-airon\/\",\"name\":\"Stellplatz Airon | Marelago Camping\",\"isPartOf\":{\"@id\":\"https:\/\/www.marelago.it\/de\/#website\"},\"primaryImageOfPage\":{\"@id\":\"https:\/\/www.marelago.it\/de\/stellplatze\/stellplatz-airon\/#primaryimage\"},\"image\":{\"@id\":\"https:\/\/www.marelago.it\/de\/stellplatze\/stellplatz-airon\/#primaryimage\"},\"thumbnailUrl\":\"https:\/\/www.marelago.it\/wp-content\/uploads\/2023\/03\/Piazzole_Airone-1.webp\",\"datePublished\":\"2023-03-08T15:21:09+00:00\",\"dateModified\":\"2024-12-09T11:24:58+00:00\",\"breadcrumb\":{\"@id\":\"https:\/\/www.marelago.it\/de\/stellplatze\/stellplatz-airon\/#breadcrumb\"},\"inLanguage\":\"de\",\"potentialAction\":[{\"@type\":\"ReadAction\",\"target\":[\"https:\/\/www.marelago.it\/de\/stellplatze\/stellplatz-airon\/\"]}]},{\"@type\":\"ImageObject\",\"inLanguage\":\"de\",\"@id\":\"https:\/\/www.marelago.it\/de\/stellplatze\/stellplatz-airon\/#primaryimage\",\"url\":\"https:\/\/www.marelago.it\/wp-content\/uploads\/2023\/03\/Piazzole_Airone-1.webp\",\"contentUrl\":\"https:\/\/www.marelago.it\/wp-content\/uploads\/2023\/03\/Piazzole_Airone-1.webp\",\"width\":1900,\"height\":1280},{\"@type\":\"BreadcrumbList\",\"@id\":\"https:\/\/www.marelago.it\/de\/stellplatze\/stellplatz-airon\/#breadcrumb\",\"itemListElement\":[{\"@type\":\"ListItem\",\"position\":1,\"name\":\"Home\",\"item\":\"https:\/\/www.marelago.it\/de\/\"},{\"@type\":\"ListItem\",\"position\":2,\"name\":\"Stellpl\u00e4tze\",\"item\":\"https:\/\/www.marelago.it\/de\/stellplatze\/\"},{\"@type\":\"ListItem\",\"position\":3,\"name\":\"Stellplatz Airon\"}]},{\"@type\":\"WebSite\",\"@id\":\"https:\/\/www.marelago.it\/de\/#website\",\"url\":\"https:\/\/www.marelago.it\/de\/\",\"name\":\"Camping Marelago\",\"description\":\"Il vostro Campeggio a Caorle Lido Altanea\",\"publisher\":{\"@id\":\"https:\/\/www.marelago.it\/de\/#organization\"},\"potentialAction\":[{\"@type\":\"SearchAction\",\"target\":{\"@type\":\"EntryPoint\",\"urlTemplate\":\"https:\/\/www.marelago.it\/de\/?s={search_term_string}\"},\"query-input\":{\"@type\":\"PropertyValueSpecification\",\"valueRequired\":true,\"valueName\":\"search_term_string\"}}],\"inLanguage\":\"de\"},{\"@type\":\"Organization\",\"@id\":\"https:\/\/www.marelago.it\/de\/#organization\",\"name\":\"Camping Marelago\",\"url\":\"https:\/\/www.marelago.it\/de\/\",\"logo\":{\"@type\":\"ImageObject\",\"inLanguage\":\"de\",\"@id\":\"https:\/\/www.marelago.it\/de\/#\/schema\/logo\/image\/\",\"url\":\"https:\/\/www.marelago.it\/wp-content\/uploads\/2023\/02\/camping-marelago-caorle-logo.png\",\"contentUrl\":\"https:\/\/www.marelago.it\/wp-content\/uploads\/2023\/02\/camping-marelago-caorle-logo.png\",\"width\":169,\"height\":89,\"caption\":\"Camping Marelago\"},\"image\":{\"@id\":\"https:\/\/www.marelago.it\/de\/#\/schema\/logo\/image\/\"},\"sameAs\":[\"https:\/\/www.facebook.com\/campingmarelago\/\"]}]}<\/script>\n<!-- \/ Yoast SEO plugin. -->","yoast_head_json":{"title":"Stellplatz Airon | Marelago Camping","robots":{"index":"index","follow":"follow","max-snippet":"max-snippet:-1","max-image-preview":"max-image-preview:large","max-video-preview":"max-video-preview:-1"},"canonical":"https:\/\/www.marelago.it\/de\/stellplatze\/stellplatz-airon\/","og_locale":"de_DE","og_type":"article","og_title":"Stellplatz Airon | Marelago Camping","og_description":"Der Stellplatz Airone verf\u00fcgt \u00fcber eine Gr\u00fcnfl\u00e4che f\u00fcr Wohnwagen\/Wohnmobil\/Zelt vom m 9,20 x 5,00 mit einer weiteren freien Gr\u00fcnfl\u00e4che von m 3.50 x 5.00. Es ist mit eigenes Bad mit Dusche, Kochecke mit K\u00fchlschrank, Sp\u00fclbecken und Waschbrett, EEG-Stromanschluss (220 Volt), SAT TV Anschluss und Grasfl\u00e4che ausgestattet.","og_url":"https:\/\/www.marelago.it\/de\/stellplatze\/stellplatz-airon\/","og_site_name":"Marelago Camping","article_publisher":"https:\/\/www.facebook.com\/campingmarelago\/","article_modified_time":"2024-12-09T11:24:58+00:00","og_image":[{"width":1900,"height":1280,"url":"https:\/\/www.marelago.it\/wp-content\/uploads\/2023\/03\/Piazzole_Airone-1.webp","type":"image\/webp"}],"twitter_card":"summary_large_image","twitter_misc":{"Gesch\u00e4tzte Lesezeit":"1\u00a0Minute"},"schema":{"@context":"https:\/\/schema.org","@graph":[{"@type":"WebPage","@id":"https:\/\/www.marelago.it\/de\/stellplatze\/stellplatz-airon\/","url":"https:\/\/www.marelago.it\/de\/stellplatze\/stellplatz-airon\/","name":"Stellplatz Airon | Marelago Camping","isPartOf":{"@id":"https:\/\/www.marelago.it\/de\/#website"},"primaryImageOfPage":{"@id":"https:\/\/www.marelago.it\/de\/stellplatze\/stellplatz-airon\/#primaryimage"},"image":{"@id":"https:\/\/www.marelago.it\/de\/stellplatze\/stellplatz-airon\/#primaryimage"},"thumbnailUrl":"https:\/\/www.marelago.it\/wp-content\/uploads\/2023\/03\/Piazzole_Airone-1.webp","datePublished":"2023-03-08T15:21:09+00:00","dateModified":"2024-12-09T11:24:58+00:00","breadcrumb":{"@id":"https:\/\/www.marelago.it\/de\/stellplatze\/stellplatz-airon\/#breadcrumb"},"inLanguage":"de","potentialAction":[{"@type":"ReadAction","target":["https:\/\/www.marelago.it\/de\/stellplatze\/stellplatz-airon\/"]}]},{"@type":"ImageObject","inLanguage":"de","@id":"https:\/\/www.marelago.it\/de\/stellplatze\/stellplatz-airon\/#primaryimage","url":"https:\/\/www.marelago.it\/wp-content\/uploads\/2023\/03\/Piazzole_Airone-1.webp","contentUrl":"https:\/\/www.marelago.it\/wp-content\/uploads\/2023\/03\/Piazzole_Airone-1.webp","width":1900,"height":1280},{"@type":"BreadcrumbList","@id":"https:\/\/www.marelago.it\/de\/stellplatze\/stellplatz-airon\/#breadcrumb","itemListElement":[{"@type":"ListItem","position":1,"name":"Home","item":"https:\/\/www.marelago.it\/de\/"},{"@type":"ListItem","position":2,"name":"Stellpl\u00e4tze","item":"https:\/\/www.marelago.it\/de\/stellplatze\/"},{"@type":"ListItem","position":3,"name":"Stellplatz Airon"}]},{"@type":"WebSite","@id":"https:\/\/www.marelago.it\/de\/#website","url":"https:\/\/www.marelago.it\/de\/","name":"Camping Marelago","description":"Il vostro Campeggio a Caorle Lido Altanea","publisher":{"@id":"https:\/\/www.marelago.it\/de\/#organization"},"potentialAction":[{"@type":"SearchAction","target":{"@type":"EntryPoint","urlTemplate":"https:\/\/www.marelago.it\/de\/?s={search_term_string}"},"query-input":{"@type":"PropertyValueSpecification","valueRequired":true,"valueName":"search_term_string"}}],"inLanguage":"de"},{"@type":"Organization","@id":"https:\/\/www.marelago.it\/de\/#organization","name":"Camping Marelago","url":"https:\/\/www.marelago.it\/de\/","logo":{"@type":"ImageObject","inLanguage":"de","@id":"https:\/\/www.marelago.it\/de\/#\/schema\/logo\/image\/","url":"https:\/\/www.marelago.it\/wp-content\/uploads\/2023\/02\/camping-marelago-caorle-logo.png","contentUrl":"https:\/\/www.marelago.it\/wp-content\/uploads\/2023\/02\/camping-marelago-caorle-logo.png","width":169,"height":89,"caption":"Camping Marelago"},"image":{"@id":"https:\/\/www.marelago.it\/de\/#\/schema\/logo\/image\/"},"sameAs":["https:\/\/www.facebook.com\/campingmarelago\/"]}]}},"_links":{"self":[{"href":"https:\/\/www.marelago.it\/de\/wp-json\/wp\/v2\/pages\/1758","targetHints":{"allow":["GET"]}}],"collection":[{"href":"https:\/\/www.marelago.it\/de\/wp-json\/wp\/v2\/pages"}],"about":[{"href":"https:\/\/www.marelago.it\/de\/wp-json\/wp\/v2\/types\/page"}],"author":[{"embeddable":true,"href":"https:\/\/www.marelago.it\/de\/wp-json\/wp\/v2\/users\/1"}],"replies":[{"embeddable":true,"href":"https:\/\/www.marelago.it\/de\/wp-json\/wp\/v2\/comments?post=1758"}],"version-history":[{"count":11,"href":"https:\/\/www.marelago.it\/de\/wp-json\/wp\/v2\/pages\/1758\/revisions"}],"predecessor-version":[{"id":3522,"href":"https:\/\/www.marelago.it\/de\/wp-json\/wp\/v2\/pages\/1758\/revisions\/3522"}],"up":[{"embeddable":true,"href":"https:\/\/www.marelago.it\/de\/wp-json\/wp\/v2\/pages\/1667"}],"wp:featuredmedia":[{"embeddable":true,"href":"https:\/\/www.marelago.it\/de\/wp-json\/wp\/v2\/media\/1721"}],"wp:attachment":[{"href":"https:\/\/www.marelago.it\/de\/wp-json\/wp\/v2\/media?parent=1758"}],"curies":[{"name":"wp","href":"https:\/\/api.w.org\/{rel}","templated":true}]}}