{"id":1667,"date":"2023-02-21T17:10:27","date_gmt":"2023-02-21T16:10:27","guid":{"rendered":"https:\/\/www.marelago.it\/piazzole\/"},"modified":"2023-04-07T15:58:42","modified_gmt":"2023-04-07T13:58:42","slug":"stellplatze","status":"publish","type":"page","link":"https:\/\/www.marelago.it\/de\/stellplatze\/","title":{"rendered":"Stellpl\u00e4tze"},"content":{"rendered":"\n<h4 class=\"wp-block-heading mt-0\">Camping mit ausgestatteten Stellpl\u00e4tzen<\/h4>\n\n\n\n<p>Der Campingplatz Marelago verf\u00fcgt \u00fcber mehr als&nbsp;<strong>150 schattige Rasenpl\u00e4tze<\/strong>&nbsp;f\u00fcr Zelte, Wohnwagen und Reisemobile, die je nach Typologie etwa 80 bis 100 Quadratmeter gro\u00df sind. Alle Stellpl\u00e4tze verf\u00fcgen \u00fcber eine leistungsf\u00e4hige Stromversorgung (16-Ampere) sowie Anschl\u00fcsse f\u00fcr Trinkwasser, Wei\u00dfwasserabfluss und Satelliten-TV. Sie ben\u00f6tigen lediglich ein Stromkabel mit CEE-Industrie-Stecker und ein Antennenkabel.<\/p>\n\n\n\n<p>Die G\u00e4ste des Campingplatzes k\u00f6nnen die&nbsp;<strong>gemeinschaftlichen Sanit\u00e4ranlagen mit Warmwasser<\/strong>, die f\u00fcr Behinderte zug\u00e4nglich sind, rund um die Uhr nutzen. Hier finden Sie alles, was Sie f\u00fcr einen bequemen und komfortablen Campingaufenthalt brauchen: einen Wickelraum, ein Bad f\u00fcr Kleinkinder, ein Geschirrsp\u00fclraum, eine Waschk\u00fcche mit Waschmaschinen (kostenpflichtig) und Waschmittelspender.<\/p>\n\n\n\n<p>Zur Wahl stehen die&nbsp;<strong>preisg\u00fcnstigen<\/strong>, in Gelb oder Orange gekennzeichneten&nbsp;<strong>Standardpl\u00e4tzen<\/strong>&nbsp;in mittlerer Gr\u00f6\u00dfe (ca. 8 x 8 m) zwischen der Rezeption und den zentralen Sanit\u00e4ranlagen und den extragro\u00dfen Standardpl\u00e4tzen mit azurblauer Kennzeichnung (ca. 13 x 7 m) in See- und Meerlage.<\/p>\n\n\n\n<h4 class=\"wp-block-heading\">Stellpl\u00e4tze mit eigenem Bad<\/h4>\n\n\n\n<p>Wenn Sie Ihren&nbsp;<strong>Campingurlaub mit Privatsph\u00e4re und heimischem Komfort<\/strong>&nbsp;verleben m\u00f6chten, w\u00e4hlen Sie unser Prachtst\u00fcck, den Stellplatz Airone mit eigenem Bad, Kochnische und K\u00fchlschrank.<\/p>\n\n\n\n<p>Hier ist im Gegensatz zu den Standardpl\u00e4tzen kein CEE-Stecker f\u00fcr den Stromanschluss erforderlich, sondern nur eine normale Haushaltssteckdose (keine Industrienorm), und es gibt keinen Abfluss f\u00fcr das Wei\u00dfwasser.<\/p>\n\n\n\n<p>Pro Stellplatz sind&nbsp;<strong>maximal 6 Personen zugelassen<\/strong>.<\/p>\n\n\n\n<p>Auf jedem Stellplatz sind ein Zelt, Wohnwagen oder Reisemobil und ein zus\u00e4tzliches kleines Zelt (Kuppelzelt f\u00fcr 2 Personen) erlaubt.<\/p>\n\n\n\n<p>Sie k\u00f6nnen Ihr Auto gem\u00e4\u00df den Anweisungen unseres Personals auf dem Stellplatz parken. Ein eventuelles Zweitauto muss au\u00dferhalb des Campingplatzes geparkt werden.<\/p>\n\n\n\n<h4 class=\"wp-block-heading\">N\u00fctzliche Informationen &#8211; Campingplatz<\/h4>\n\n\n\n<p>Wenn Sie einen\u00a0<strong>Standardplatz<\/strong>\u00a0gebucht haben, steht Ihnen dieser\u00a0<strong>ab 15.00 Uhr zur Verf\u00fcgung<\/strong>\u00a0und muss am\u00a0<strong>Abreisetag bis 12.00 Uhr<\/strong>\u00a0ger\u00e4umt sein. Wenn Sie ohne Reservierung anreisen, k\u00f6nnen Sie sich einen der freien Stellpl\u00e4tze aussuchen, die Ihnen von unserem Personal gezeigt werden, und ihn sofort belegen.<\/p>\n\n\n\n<p>Auch der&nbsp;<strong>Stellplatz Airone<\/strong>&nbsp;steht&nbsp;<strong>ab 15.00 Uhr zur Verf\u00fcgung<\/strong>, muss aber am&nbsp;<strong>Abreisetag bis 10.00 Uhr<\/strong>&nbsp;ger\u00e4umt werden. Beim Einchecken ist eine&nbsp;<strong>Kaution<\/strong>&nbsp;in H\u00f6he von 50,00 Euro in bar zu hinterlegen, die bei der Abreise nach \u00dcberpr\u00fcfung der Kochnische und des Bades zur\u00fcckerstattet wird.<\/p>\n","protected":false},"excerpt":{"rendered":"<p>Camping mit ausgestatteten Stellpl\u00e4tzen Der Campingplatz Marelago verf\u00fcgt \u00fcber mehr als&nbsp;150 schattige Rasenpl\u00e4tze&nbsp;f\u00fcr Zelte, Wohnwagen und Reisemobile, die je nach Typologie etwa 80 bis 100 Quadratmeter gro\u00df sind. Alle Stellpl\u00e4tze verf\u00fcgen \u00fcber eine leistungsf\u00e4hige Stromversorgung (16-Ampere) sowie Anschl\u00fcsse f\u00fcr Trinkwasser, Wei\u00dfwasserabfluss und Satelliten-TV. Sie ben\u00f6tigen lediglich ein Stromkabel mit CEE-Industrie-Stecker und ein Antennenkabel. Die G\u00e4ste [&hellip;]<\/p>\n","protected":false},"author":1,"featured_media":1662,"parent":0,"menu_order":52,"comment_status":"closed","ping_status":"closed","template":"template-room-list.php","meta":{"_acf_changed":false,"footnotes":""},"class_list":["post-1667","page","type-page","status-publish","has-post-thumbnail","hentry"],"acf":[],"yoast_head":"<!-- This site is optimized with the Yoast SEO plugin v26.7 - https:\/\/yoast.com\/wordpress\/plugins\/seo\/ -->\n<title>Stellpl\u00e4tze | Marelago Camping<\/title>\n<meta name=\"description\" content=\"Suchen Sie einen Campingplatz mit Bad und K\u00fcche auf dem Stellplatz? Entdecken Sie Marelago, den Campingplatz mit Stellpl\u00e4tzen mit eigenem WC.\" \/>\n<meta name=\"robots\" content=\"index, follow, max-snippet:-1, max-image-preview:large, max-video-preview:-1\" \/>\n<link rel=\"canonical\" href=\"https:\/\/www.marelago.it\/de\/stellplatze\/\" \/>\n<meta property=\"og:locale\" content=\"de_DE\" \/>\n<meta property=\"og:type\" content=\"article\" \/>\n<meta property=\"og:title\" content=\"Stellpl\u00e4tze | Marelago Camping\" \/>\n<meta property=\"og:description\" content=\"Suchen Sie einen Campingplatz mit Bad und K\u00fcche auf dem Stellplatz? Entdecken Sie Marelago, den Campingplatz mit Stellpl\u00e4tzen mit eigenem WC.\" \/>\n<meta property=\"og:url\" content=\"https:\/\/www.marelago.it\/de\/stellplatze\/\" \/>\n<meta property=\"og:site_name\" content=\"Marelago Camping\" \/>\n<meta property=\"article:publisher\" content=\"https:\/\/www.facebook.com\/campingmarelago\/\" \/>\n<meta property=\"article:modified_time\" content=\"2023-04-07T13:58:42+00:00\" \/>\n<meta property=\"og:image\" content=\"https:\/\/www.marelago.it\/wp-content\/uploads\/2023\/03\/Piazzole_Airone-14.webp\" \/>\n\t<meta property=\"og:image:width\" content=\"1900\" \/>\n\t<meta property=\"og:image:height\" content=\"1280\" \/>\n\t<meta property=\"og:image:type\" content=\"image\/webp\" \/>\n<meta name=\"twitter:card\" content=\"summary_large_image\" \/>\n<meta name=\"twitter:label1\" content=\"Gesch\u00e4tzte Lesezeit\" \/>\n\t<meta name=\"twitter:data1\" content=\"2\u00a0Minuten\" \/>\n<script type=\"application\/ld+json\" class=\"yoast-schema-graph\">{\"@context\":\"https:\/\/schema.org\",\"@graph\":[{\"@type\":\"WebPage\",\"@id\":\"https:\/\/www.marelago.it\/de\/stellplatze\/\",\"url\":\"https:\/\/www.marelago.it\/de\/stellplatze\/\",\"name\":\"Stellpl\u00e4tze | Marelago Camping\",\"isPartOf\":{\"@id\":\"https:\/\/www.marelago.it\/de\/#website\"},\"primaryImageOfPage\":{\"@id\":\"https:\/\/www.marelago.it\/de\/stellplatze\/#primaryimage\"},\"image\":{\"@id\":\"https:\/\/www.marelago.it\/de\/stellplatze\/#primaryimage\"},\"thumbnailUrl\":\"https:\/\/www.marelago.it\/wp-content\/uploads\/2023\/03\/Piazzole_Airone-14.webp\",\"datePublished\":\"2023-02-21T16:10:27+00:00\",\"dateModified\":\"2023-04-07T13:58:42+00:00\",\"description\":\"Suchen Sie einen Campingplatz mit Bad und K\u00fcche auf dem Stellplatz? Entdecken Sie Marelago, den Campingplatz mit Stellpl\u00e4tzen mit eigenem WC.\",\"breadcrumb\":{\"@id\":\"https:\/\/www.marelago.it\/de\/stellplatze\/#breadcrumb\"},\"inLanguage\":\"de\",\"potentialAction\":[{\"@type\":\"ReadAction\",\"target\":[\"https:\/\/www.marelago.it\/de\/stellplatze\/\"]}]},{\"@type\":\"ImageObject\",\"inLanguage\":\"de\",\"@id\":\"https:\/\/www.marelago.it\/de\/stellplatze\/#primaryimage\",\"url\":\"https:\/\/www.marelago.it\/wp-content\/uploads\/2023\/03\/Piazzole_Airone-14.webp\",\"contentUrl\":\"https:\/\/www.marelago.it\/wp-content\/uploads\/2023\/03\/Piazzole_Airone-14.webp\",\"width\":1900,\"height\":1280},{\"@type\":\"BreadcrumbList\",\"@id\":\"https:\/\/www.marelago.it\/de\/stellplatze\/#breadcrumb\",\"itemListElement\":[{\"@type\":\"ListItem\",\"position\":1,\"name\":\"Home\",\"item\":\"https:\/\/www.marelago.it\/de\/\"},{\"@type\":\"ListItem\",\"position\":2,\"name\":\"Stellpl\u00e4tze\"}]},{\"@type\":\"WebSite\",\"@id\":\"https:\/\/www.marelago.it\/de\/#website\",\"url\":\"https:\/\/www.marelago.it\/de\/\",\"name\":\"Camping Marelago\",\"description\":\"Il vostro Campeggio a Caorle Lido Altanea\",\"publisher\":{\"@id\":\"https:\/\/www.marelago.it\/de\/#organization\"},\"potentialAction\":[{\"@type\":\"SearchAction\",\"target\":{\"@type\":\"EntryPoint\",\"urlTemplate\":\"https:\/\/www.marelago.it\/de\/?s={search_term_string}\"},\"query-input\":{\"@type\":\"PropertyValueSpecification\",\"valueRequired\":true,\"valueName\":\"search_term_string\"}}],\"inLanguage\":\"de\"},{\"@type\":\"Organization\",\"@id\":\"https:\/\/www.marelago.it\/de\/#organization\",\"name\":\"Camping Marelago\",\"url\":\"https:\/\/www.marelago.it\/de\/\",\"logo\":{\"@type\":\"ImageObject\",\"inLanguage\":\"de\",\"@id\":\"https:\/\/www.marelago.it\/de\/#\/schema\/logo\/image\/\",\"url\":\"https:\/\/www.marelago.it\/wp-content\/uploads\/2023\/02\/camping-marelago-caorle-logo.png\",\"contentUrl\":\"https:\/\/www.marelago.it\/wp-content\/uploads\/2023\/02\/camping-marelago-caorle-logo.png\",\"width\":169,\"height\":89,\"caption\":\"Camping Marelago\"},\"image\":{\"@id\":\"https:\/\/www.marelago.it\/de\/#\/schema\/logo\/image\/\"},\"sameAs\":[\"https:\/\/www.facebook.com\/campingmarelago\/\"]}]}<\/script>\n<!-- \/ Yoast SEO plugin. -->","yoast_head_json":{"title":"Stellpl\u00e4tze | Marelago Camping","description":"Suchen Sie einen Campingplatz mit Bad und K\u00fcche auf dem Stellplatz? Entdecken Sie Marelago, den Campingplatz mit Stellpl\u00e4tzen mit eigenem WC.","robots":{"index":"index","follow":"follow","max-snippet":"max-snippet:-1","max-image-preview":"max-image-preview:large","max-video-preview":"max-video-preview:-1"},"canonical":"https:\/\/www.marelago.it\/de\/stellplatze\/","og_locale":"de_DE","og_type":"article","og_title":"Stellpl\u00e4tze | Marelago Camping","og_description":"Suchen Sie einen Campingplatz mit Bad und K\u00fcche auf dem Stellplatz? Entdecken Sie Marelago, den Campingplatz mit Stellpl\u00e4tzen mit eigenem WC.","og_url":"https:\/\/www.marelago.it\/de\/stellplatze\/","og_site_name":"Marelago Camping","article_publisher":"https:\/\/www.facebook.com\/campingmarelago\/","article_modified_time":"2023-04-07T13:58:42+00:00","og_image":[{"width":1900,"height":1280,"url":"https:\/\/www.marelago.it\/wp-content\/uploads\/2023\/03\/Piazzole_Airone-14.webp","type":"image\/webp"}],"twitter_card":"summary_large_image","twitter_misc":{"Gesch\u00e4tzte Lesezeit":"2\u00a0Minuten"},"schema":{"@context":"https:\/\/schema.org","@graph":[{"@type":"WebPage","@id":"https:\/\/www.marelago.it\/de\/stellplatze\/","url":"https:\/\/www.marelago.it\/de\/stellplatze\/","name":"Stellpl\u00e4tze | Marelago Camping","isPartOf":{"@id":"https:\/\/www.marelago.it\/de\/#website"},"primaryImageOfPage":{"@id":"https:\/\/www.marelago.it\/de\/stellplatze\/#primaryimage"},"image":{"@id":"https:\/\/www.marelago.it\/de\/stellplatze\/#primaryimage"},"thumbnailUrl":"https:\/\/www.marelago.it\/wp-content\/uploads\/2023\/03\/Piazzole_Airone-14.webp","datePublished":"2023-02-21T16:10:27+00:00","dateModified":"2023-04-07T13:58:42+00:00","description":"Suchen Sie einen Campingplatz mit Bad und K\u00fcche auf dem Stellplatz? Entdecken Sie Marelago, den Campingplatz mit Stellpl\u00e4tzen mit eigenem WC.","breadcrumb":{"@id":"https:\/\/www.marelago.it\/de\/stellplatze\/#breadcrumb"},"inLanguage":"de","potentialAction":[{"@type":"ReadAction","target":["https:\/\/www.marelago.it\/de\/stellplatze\/"]}]},{"@type":"ImageObject","inLanguage":"de","@id":"https:\/\/www.marelago.it\/de\/stellplatze\/#primaryimage","url":"https:\/\/www.marelago.it\/wp-content\/uploads\/2023\/03\/Piazzole_Airone-14.webp","contentUrl":"https:\/\/www.marelago.it\/wp-content\/uploads\/2023\/03\/Piazzole_Airone-14.webp","width":1900,"height":1280},{"@type":"BreadcrumbList","@id":"https:\/\/www.marelago.it\/de\/stellplatze\/#breadcrumb","itemListElement":[{"@type":"ListItem","position":1,"name":"Home","item":"https:\/\/www.marelago.it\/de\/"},{"@type":"ListItem","position":2,"name":"Stellpl\u00e4tze"}]},{"@type":"WebSite","@id":"https:\/\/www.marelago.it\/de\/#website","url":"https:\/\/www.marelago.it\/de\/","name":"Camping Marelago","description":"Il vostro Campeggio a Caorle Lido Altanea","publisher":{"@id":"https:\/\/www.marelago.it\/de\/#organization"},"potentialAction":[{"@type":"SearchAction","target":{"@type":"EntryPoint","urlTemplate":"https:\/\/www.marelago.it\/de\/?s={search_term_string}"},"query-input":{"@type":"PropertyValueSpecification","valueRequired":true,"valueName":"search_term_string"}}],"inLanguage":"de"},{"@type":"Organization","@id":"https:\/\/www.marelago.it\/de\/#organization","name":"Camping Marelago","url":"https:\/\/www.marelago.it\/de\/","logo":{"@type":"ImageObject","inLanguage":"de","@id":"https:\/\/www.marelago.it\/de\/#\/schema\/logo\/image\/","url":"https:\/\/www.marelago.it\/wp-content\/uploads\/2023\/02\/camping-marelago-caorle-logo.png","contentUrl":"https:\/\/www.marelago.it\/wp-content\/uploads\/2023\/02\/camping-marelago-caorle-logo.png","width":169,"height":89,"caption":"Camping Marelago"},"image":{"@id":"https:\/\/www.marelago.it\/de\/#\/schema\/logo\/image\/"},"sameAs":["https:\/\/www.facebook.com\/campingmarelago\/"]}]}},"_links":{"self":[{"href":"https:\/\/www.marelago.it\/de\/wp-json\/wp\/v2\/pages\/1667","targetHints":{"allow":["GET"]}}],"collection":[{"href":"https:\/\/www.marelago.it\/de\/wp-json\/wp\/v2\/pages"}],"about":[{"href":"https:\/\/www.marelago.it\/de\/wp-json\/wp\/v2\/types\/page"}],"author":[{"embeddable":true,"href":"https:\/\/www.marelago.it\/de\/wp-json\/wp\/v2\/users\/1"}],"replies":[{"embeddable":true,"href":"https:\/\/www.marelago.it\/de\/wp-json\/wp\/v2\/comments?post=1667"}],"version-history":[{"count":5,"href":"https:\/\/www.marelago.it\/de\/wp-json\/wp\/v2\/pages\/1667\/revisions"}],"predecessor-version":[{"id":2952,"href":"https:\/\/www.marelago.it\/de\/wp-json\/wp\/v2\/pages\/1667\/revisions\/2952"}],"wp:featuredmedia":[{"embeddable":true,"href":"https:\/\/www.marelago.it\/de\/wp-json\/wp\/v2\/media\/1662"}],"wp:attachment":[{"href":"https:\/\/www.marelago.it\/de\/wp-json\/wp\/v2\/media?parent=1667"}],"curies":[{"name":"wp","href":"https:\/\/api.w.org\/{rel}","templated":true}]}}