{"id":1650,"date":"2023-02-23T17:01:42","date_gmt":"2023-02-23T16:01:42","guid":{"rendered":"https:\/\/www.marelago.it\/minimarket\/"},"modified":"2023-04-07T15:51:15","modified_gmt":"2023-04-07T13:51:15","slug":"minimarket","status":"publish","type":"page","link":"https:\/\/www.marelago.it\/de\/minimarket\/","title":{"rendered":"Minimarkt"},"content":{"rendered":"\n<p>Gleich neben der Rezeption, die von 7 bis 22 Uhr ge\u00f6ffnet ist, befindet sich der Minimarkt, ein kleines Gesch\u00e4ft, in dem Sie alles finden k\u00f6nnen. Dort gibt es eine gro\u00dfe Auswahl an Zeitschriften und Zeitungen (auch ausl\u00e4ndischen), Tabakwaren und Telefonwertkarten, einen gut sortierten Bazar mit Strandartikeln und einen Bereich mit Lebensmitteln zu g\u00fcnstigen Preisen und Sonderangeboten. Jeden Morgen k\u00f6nnen Sie dort bereits ab 7 Uhr Croissants und warmes Brot kaufen, und f\u00fcr besondere Anl\u00e4sse k\u00f6nnen Kuchen und Geburtstagstorten bestellt werden.<\/p>\n","protected":false},"excerpt":{"rendered":"<p>Gleich neben der Rezeption, die von 7 bis 22 Uhr ge\u00f6ffnet ist, befindet sich der Minimarkt, ein kleines Gesch\u00e4ft, in dem Sie alles finden k\u00f6nnen. Dort gibt es eine gro\u00dfe Auswahl an Zeitschriften und Zeitungen (auch ausl\u00e4ndischen), Tabakwaren und Telefonwertkarten, einen gut sortierten Bazar mit Strandartikeln und einen Bereich mit Lebensmitteln zu g\u00fcnstigen Preisen und [&hellip;]<\/p>\n","protected":false},"author":1,"featured_media":0,"parent":0,"menu_order":53,"comment_status":"closed","ping_status":"closed","template":"","meta":{"_acf_changed":false,"footnotes":""},"class_list":["post-1650","page","type-page","status-publish","hentry"],"acf":[],"yoast_head":"<!-- This site is optimized with the Yoast SEO plugin v26.7 - https:\/\/yoast.com\/wordpress\/plugins\/seo\/ -->\n<title>Minimarkt | Marelago Camping<\/title>\n<meta name=\"robots\" content=\"index, follow, max-snippet:-1, max-image-preview:large, max-video-preview:-1\" \/>\n<link rel=\"canonical\" href=\"https:\/\/www.marelago.it\/de\/minimarket\/\" \/>\n<meta property=\"og:locale\" content=\"de_DE\" \/>\n<meta property=\"og:type\" content=\"article\" \/>\n<meta property=\"og:title\" content=\"Minimarkt | Marelago Camping\" \/>\n<meta property=\"og:description\" content=\"Gleich neben der Rezeption, die von 7 bis 22 Uhr ge\u00f6ffnet ist, befindet sich der Minimarkt, ein kleines Gesch\u00e4ft, in dem Sie alles finden k\u00f6nnen. Dort gibt es eine gro\u00dfe Auswahl an Zeitschriften und Zeitungen (auch ausl\u00e4ndischen), Tabakwaren und Telefonwertkarten, einen gut sortierten Bazar mit Strandartikeln und einen Bereich mit Lebensmitteln zu g\u00fcnstigen Preisen und [&hellip;]\" \/>\n<meta property=\"og:url\" content=\"https:\/\/www.marelago.it\/de\/minimarket\/\" \/>\n<meta property=\"og:site_name\" content=\"Marelago Camping\" \/>\n<meta property=\"article:publisher\" content=\"https:\/\/www.facebook.com\/campingmarelago\/\" \/>\n<meta property=\"article:modified_time\" content=\"2023-04-07T13:51:15+00:00\" \/>\n<meta property=\"og:image\" content=\"https:\/\/www.marelago.it\/wp-content\/uploads\/2023\/02\/camping-marelago-caorle-logo.png\" \/>\n\t<meta property=\"og:image:width\" content=\"169\" \/>\n\t<meta property=\"og:image:height\" content=\"89\" \/>\n\t<meta property=\"og:image:type\" content=\"image\/png\" \/>\n<meta name=\"twitter:card\" content=\"summary_large_image\" \/>\n<meta name=\"twitter:label1\" content=\"Gesch\u00e4tzte Lesezeit\" \/>\n\t<meta name=\"twitter:data1\" content=\"1\u00a0Minute\" \/>\n<script type=\"application\/ld+json\" class=\"yoast-schema-graph\">{\"@context\":\"https:\/\/schema.org\",\"@graph\":[{\"@type\":\"WebPage\",\"@id\":\"https:\/\/www.marelago.it\/de\/minimarket\/\",\"url\":\"https:\/\/www.marelago.it\/de\/minimarket\/\",\"name\":\"Minimarkt | Marelago Camping\",\"isPartOf\":{\"@id\":\"https:\/\/www.marelago.it\/de\/#website\"},\"datePublished\":\"2023-02-23T16:01:42+00:00\",\"dateModified\":\"2023-04-07T13:51:15+00:00\",\"breadcrumb\":{\"@id\":\"https:\/\/www.marelago.it\/de\/minimarket\/#breadcrumb\"},\"inLanguage\":\"de\",\"potentialAction\":[{\"@type\":\"ReadAction\",\"target\":[\"https:\/\/www.marelago.it\/de\/minimarket\/\"]}]},{\"@type\":\"BreadcrumbList\",\"@id\":\"https:\/\/www.marelago.it\/de\/minimarket\/#breadcrumb\",\"itemListElement\":[{\"@type\":\"ListItem\",\"position\":1,\"name\":\"Home\",\"item\":\"https:\/\/www.marelago.it\/de\/\"},{\"@type\":\"ListItem\",\"position\":2,\"name\":\"Minimarkt\"}]},{\"@type\":\"WebSite\",\"@id\":\"https:\/\/www.marelago.it\/de\/#website\",\"url\":\"https:\/\/www.marelago.it\/de\/\",\"name\":\"Camping Marelago\",\"description\":\"Il vostro Campeggio a Caorle Lido Altanea\",\"publisher\":{\"@id\":\"https:\/\/www.marelago.it\/de\/#organization\"},\"potentialAction\":[{\"@type\":\"SearchAction\",\"target\":{\"@type\":\"EntryPoint\",\"urlTemplate\":\"https:\/\/www.marelago.it\/de\/?s={search_term_string}\"},\"query-input\":{\"@type\":\"PropertyValueSpecification\",\"valueRequired\":true,\"valueName\":\"search_term_string\"}}],\"inLanguage\":\"de\"},{\"@type\":\"Organization\",\"@id\":\"https:\/\/www.marelago.it\/de\/#organization\",\"name\":\"Camping Marelago\",\"url\":\"https:\/\/www.marelago.it\/de\/\",\"logo\":{\"@type\":\"ImageObject\",\"inLanguage\":\"de\",\"@id\":\"https:\/\/www.marelago.it\/de\/#\/schema\/logo\/image\/\",\"url\":\"https:\/\/www.marelago.it\/wp-content\/uploads\/2023\/02\/camping-marelago-caorle-logo.png\",\"contentUrl\":\"https:\/\/www.marelago.it\/wp-content\/uploads\/2023\/02\/camping-marelago-caorle-logo.png\",\"width\":169,\"height\":89,\"caption\":\"Camping Marelago\"},\"image\":{\"@id\":\"https:\/\/www.marelago.it\/de\/#\/schema\/logo\/image\/\"},\"sameAs\":[\"https:\/\/www.facebook.com\/campingmarelago\/\"]}]}<\/script>\n<!-- \/ Yoast SEO plugin. -->","yoast_head_json":{"title":"Minimarkt | Marelago Camping","robots":{"index":"index","follow":"follow","max-snippet":"max-snippet:-1","max-image-preview":"max-image-preview:large","max-video-preview":"max-video-preview:-1"},"canonical":"https:\/\/www.marelago.it\/de\/minimarket\/","og_locale":"de_DE","og_type":"article","og_title":"Minimarkt | Marelago Camping","og_description":"Gleich neben der Rezeption, die von 7 bis 22 Uhr ge\u00f6ffnet ist, befindet sich der Minimarkt, ein kleines Gesch\u00e4ft, in dem Sie alles finden k\u00f6nnen. Dort gibt es eine gro\u00dfe Auswahl an Zeitschriften und Zeitungen (auch ausl\u00e4ndischen), Tabakwaren und Telefonwertkarten, einen gut sortierten Bazar mit Strandartikeln und einen Bereich mit Lebensmitteln zu g\u00fcnstigen Preisen und [&hellip;]","og_url":"https:\/\/www.marelago.it\/de\/minimarket\/","og_site_name":"Marelago Camping","article_publisher":"https:\/\/www.facebook.com\/campingmarelago\/","article_modified_time":"2023-04-07T13:51:15+00:00","og_image":[{"width":169,"height":89,"url":"https:\/\/www.marelago.it\/wp-content\/uploads\/2023\/02\/camping-marelago-caorle-logo.png","type":"image\/png"}],"twitter_card":"summary_large_image","twitter_misc":{"Gesch\u00e4tzte Lesezeit":"1\u00a0Minute"},"schema":{"@context":"https:\/\/schema.org","@graph":[{"@type":"WebPage","@id":"https:\/\/www.marelago.it\/de\/minimarket\/","url":"https:\/\/www.marelago.it\/de\/minimarket\/","name":"Minimarkt | Marelago Camping","isPartOf":{"@id":"https:\/\/www.marelago.it\/de\/#website"},"datePublished":"2023-02-23T16:01:42+00:00","dateModified":"2023-04-07T13:51:15+00:00","breadcrumb":{"@id":"https:\/\/www.marelago.it\/de\/minimarket\/#breadcrumb"},"inLanguage":"de","potentialAction":[{"@type":"ReadAction","target":["https:\/\/www.marelago.it\/de\/minimarket\/"]}]},{"@type":"BreadcrumbList","@id":"https:\/\/www.marelago.it\/de\/minimarket\/#breadcrumb","itemListElement":[{"@type":"ListItem","position":1,"name":"Home","item":"https:\/\/www.marelago.it\/de\/"},{"@type":"ListItem","position":2,"name":"Minimarkt"}]},{"@type":"WebSite","@id":"https:\/\/www.marelago.it\/de\/#website","url":"https:\/\/www.marelago.it\/de\/","name":"Camping Marelago","description":"Il vostro Campeggio a Caorle Lido Altanea","publisher":{"@id":"https:\/\/www.marelago.it\/de\/#organization"},"potentialAction":[{"@type":"SearchAction","target":{"@type":"EntryPoint","urlTemplate":"https:\/\/www.marelago.it\/de\/?s={search_term_string}"},"query-input":{"@type":"PropertyValueSpecification","valueRequired":true,"valueName":"search_term_string"}}],"inLanguage":"de"},{"@type":"Organization","@id":"https:\/\/www.marelago.it\/de\/#organization","name":"Camping Marelago","url":"https:\/\/www.marelago.it\/de\/","logo":{"@type":"ImageObject","inLanguage":"de","@id":"https:\/\/www.marelago.it\/de\/#\/schema\/logo\/image\/","url":"https:\/\/www.marelago.it\/wp-content\/uploads\/2023\/02\/camping-marelago-caorle-logo.png","contentUrl":"https:\/\/www.marelago.it\/wp-content\/uploads\/2023\/02\/camping-marelago-caorle-logo.png","width":169,"height":89,"caption":"Camping Marelago"},"image":{"@id":"https:\/\/www.marelago.it\/de\/#\/schema\/logo\/image\/"},"sameAs":["https:\/\/www.facebook.com\/campingmarelago\/"]}]}},"_links":{"self":[{"href":"https:\/\/www.marelago.it\/de\/wp-json\/wp\/v2\/pages\/1650","targetHints":{"allow":["GET"]}}],"collection":[{"href":"https:\/\/www.marelago.it\/de\/wp-json\/wp\/v2\/pages"}],"about":[{"href":"https:\/\/www.marelago.it\/de\/wp-json\/wp\/v2\/types\/page"}],"author":[{"embeddable":true,"href":"https:\/\/www.marelago.it\/de\/wp-json\/wp\/v2\/users\/1"}],"replies":[{"embeddable":true,"href":"https:\/\/www.marelago.it\/de\/wp-json\/wp\/v2\/comments?post=1650"}],"version-history":[{"count":6,"href":"https:\/\/www.marelago.it\/de\/wp-json\/wp\/v2\/pages\/1650\/revisions"}],"predecessor-version":[{"id":2948,"href":"https:\/\/www.marelago.it\/de\/wp-json\/wp\/v2\/pages\/1650\/revisions\/2948"}],"wp:attachment":[{"href":"https:\/\/www.marelago.it\/de\/wp-json\/wp\/v2\/media?parent=1650"}],"curies":[{"name":"wp","href":"https:\/\/api.w.org\/{rel}","templated":true}]}}