{"id":1630,"date":"2023-02-23T16:56:39","date_gmt":"2023-02-23T15:56:39","guid":{"rendered":"https:\/\/www.marelago.it\/camping-sulla-spiaggia\/"},"modified":"2023-04-07T15:30:36","modified_gmt":"2023-04-07T13:30:36","slug":"camping-sulla-spiaggia","status":"publish","type":"page","link":"https:\/\/www.marelago.it\/de\/camping-sulla-spiaggia\/","title":{"rendered":"Strand"},"content":{"rendered":"\n<p>Die Lage des Campingplatzes in nur 100 Meter Entfernung vom Strand Altanea, zu dem er einen direkten Zugang hat, ist einmalig. Der Strand eignet sich dank seines sanft ins Meer abfallenden Sandbodens besonders gut f\u00fcr den Urlaub mit der Familie, denn hier k\u00f6nnen die Kinder unter Aufsicht ihrer Eltern und der erfahrenen Bademeister, die diesen K\u00fcstenbereich \u00fcberwachen, sicher im Wasser planschen.<\/p>\n\n\n\n<p>Am Strand stehen Sonnenschirme mit Liegen und Liegest\u00fchlen zur Verf\u00fcgung, die von den G\u00e4sten des Campingplatzes zu einem erm\u00e4\u00dfigten Wochentarif gemietet werden k\u00f6nnen.<\/p>\n","protected":false},"excerpt":{"rendered":"<p>Die Lage des Campingplatzes in nur 100 Meter Entfernung vom Strand Altanea, zu dem er einen direkten Zugang hat, ist einmalig. Der Strand eignet sich dank seines sanft ins Meer abfallenden Sandbodens besonders gut f\u00fcr den Urlaub mit der Familie, denn hier k\u00f6nnen die Kinder unter Aufsicht ihrer Eltern und der erfahrenen Bademeister, die diesen [&hellip;]<\/p>\n","protected":false},"author":1,"featured_media":148,"parent":0,"menu_order":128,"comment_status":"closed","ping_status":"closed","template":"","meta":{"_acf_changed":false,"footnotes":""},"class_list":["post-1630","page","type-page","status-publish","has-post-thumbnail","hentry"],"acf":[],"yoast_head":"<!-- This site is optimized with the Yoast SEO plugin v26.7 - https:\/\/yoast.com\/wordpress\/plugins\/seo\/ -->\n<title>Strand | Marelago Camping<\/title>\n<meta name=\"description\" content=\"false\" \/>\n<meta name=\"robots\" content=\"index, follow, max-snippet:-1, max-image-preview:large, max-video-preview:-1\" \/>\n<link rel=\"canonical\" href=\"https:\/\/www.marelago.it\/de\/camping-sulla-spiaggia\/\" \/>\n<meta property=\"og:locale\" content=\"de_DE\" \/>\n<meta property=\"og:type\" content=\"article\" \/>\n<meta property=\"og:title\" content=\"Strand | Marelago Camping\" \/>\n<meta property=\"og:description\" content=\"false\" \/>\n<meta property=\"og:url\" content=\"https:\/\/www.marelago.it\/de\/camping-sulla-spiaggia\/\" \/>\n<meta property=\"og:site_name\" content=\"Marelago Camping\" \/>\n<meta property=\"article:publisher\" content=\"https:\/\/www.facebook.com\/campingmarelago\/\" \/>\n<meta property=\"article:modified_time\" content=\"2023-04-07T13:30:36+00:00\" \/>\n<meta property=\"og:image\" content=\"https:\/\/www.marelago.it\/wp-content\/uploads\/2023\/02\/img-sfondo-punti-forza.webp\" \/>\n\t<meta property=\"og:image:width\" content=\"1820\" \/>\n\t<meta property=\"og:image:height\" content=\"1024\" \/>\n\t<meta property=\"og:image:type\" content=\"image\/webp\" \/>\n<meta name=\"twitter:card\" content=\"summary_large_image\" \/>\n<meta name=\"twitter:label1\" content=\"Gesch\u00e4tzte Lesezeit\" \/>\n\t<meta name=\"twitter:data1\" content=\"1\u00a0Minute\" \/>\n<script type=\"application\/ld+json\" class=\"yoast-schema-graph\">{\"@context\":\"https:\/\/schema.org\",\"@graph\":[{\"@type\":\"WebPage\",\"@id\":\"https:\/\/www.marelago.it\/de\/camping-sulla-spiaggia\/\",\"url\":\"https:\/\/www.marelago.it\/de\/camping-sulla-spiaggia\/\",\"name\":\"Strand | Marelago Camping\",\"isPartOf\":{\"@id\":\"https:\/\/www.marelago.it\/de\/#website\"},\"primaryImageOfPage\":{\"@id\":\"https:\/\/www.marelago.it\/de\/camping-sulla-spiaggia\/#primaryimage\"},\"image\":{\"@id\":\"https:\/\/www.marelago.it\/de\/camping-sulla-spiaggia\/#primaryimage\"},\"thumbnailUrl\":\"https:\/\/www.marelago.it\/wp-content\/uploads\/2023\/02\/img-sfondo-punti-forza.webp\",\"datePublished\":\"2023-02-23T15:56:39+00:00\",\"dateModified\":\"2023-04-07T13:30:36+00:00\",\"description\":\"false\",\"breadcrumb\":{\"@id\":\"https:\/\/www.marelago.it\/de\/camping-sulla-spiaggia\/#breadcrumb\"},\"inLanguage\":\"de\",\"potentialAction\":[{\"@type\":\"ReadAction\",\"target\":[\"https:\/\/www.marelago.it\/de\/camping-sulla-spiaggia\/\"]}]},{\"@type\":\"ImageObject\",\"inLanguage\":\"de\",\"@id\":\"https:\/\/www.marelago.it\/de\/camping-sulla-spiaggia\/#primaryimage\",\"url\":\"https:\/\/www.marelago.it\/wp-content\/uploads\/2023\/02\/img-sfondo-punti-forza.webp\",\"contentUrl\":\"https:\/\/www.marelago.it\/wp-content\/uploads\/2023\/02\/img-sfondo-punti-forza.webp\",\"width\":1820,\"height\":1024},{\"@type\":\"BreadcrumbList\",\"@id\":\"https:\/\/www.marelago.it\/de\/camping-sulla-spiaggia\/#breadcrumb\",\"itemListElement\":[{\"@type\":\"ListItem\",\"position\":1,\"name\":\"Home\",\"item\":\"https:\/\/www.marelago.it\/de\/\"},{\"@type\":\"ListItem\",\"position\":2,\"name\":\"Strand\"}]},{\"@type\":\"WebSite\",\"@id\":\"https:\/\/www.marelago.it\/de\/#website\",\"url\":\"https:\/\/www.marelago.it\/de\/\",\"name\":\"Camping Marelago\",\"description\":\"Il vostro Campeggio a Caorle Lido Altanea\",\"publisher\":{\"@id\":\"https:\/\/www.marelago.it\/de\/#organization\"},\"potentialAction\":[{\"@type\":\"SearchAction\",\"target\":{\"@type\":\"EntryPoint\",\"urlTemplate\":\"https:\/\/www.marelago.it\/de\/?s={search_term_string}\"},\"query-input\":{\"@type\":\"PropertyValueSpecification\",\"valueRequired\":true,\"valueName\":\"search_term_string\"}}],\"inLanguage\":\"de\"},{\"@type\":\"Organization\",\"@id\":\"https:\/\/www.marelago.it\/de\/#organization\",\"name\":\"Camping Marelago\",\"url\":\"https:\/\/www.marelago.it\/de\/\",\"logo\":{\"@type\":\"ImageObject\",\"inLanguage\":\"de\",\"@id\":\"https:\/\/www.marelago.it\/de\/#\/schema\/logo\/image\/\",\"url\":\"https:\/\/www.marelago.it\/wp-content\/uploads\/2023\/02\/camping-marelago-caorle-logo.png\",\"contentUrl\":\"https:\/\/www.marelago.it\/wp-content\/uploads\/2023\/02\/camping-marelago-caorle-logo.png\",\"width\":169,\"height\":89,\"caption\":\"Camping Marelago\"},\"image\":{\"@id\":\"https:\/\/www.marelago.it\/de\/#\/schema\/logo\/image\/\"},\"sameAs\":[\"https:\/\/www.facebook.com\/campingmarelago\/\"]}]}<\/script>\n<!-- \/ Yoast SEO plugin. -->","yoast_head_json":{"title":"Strand | Marelago Camping","description":"false","robots":{"index":"index","follow":"follow","max-snippet":"max-snippet:-1","max-image-preview":"max-image-preview:large","max-video-preview":"max-video-preview:-1"},"canonical":"https:\/\/www.marelago.it\/de\/camping-sulla-spiaggia\/","og_locale":"de_DE","og_type":"article","og_title":"Strand | Marelago Camping","og_description":"false","og_url":"https:\/\/www.marelago.it\/de\/camping-sulla-spiaggia\/","og_site_name":"Marelago Camping","article_publisher":"https:\/\/www.facebook.com\/campingmarelago\/","article_modified_time":"2023-04-07T13:30:36+00:00","og_image":[{"width":1820,"height":1024,"url":"https:\/\/www.marelago.it\/wp-content\/uploads\/2023\/02\/img-sfondo-punti-forza.webp","type":"image\/webp"}],"twitter_card":"summary_large_image","twitter_misc":{"Gesch\u00e4tzte Lesezeit":"1\u00a0Minute"},"schema":{"@context":"https:\/\/schema.org","@graph":[{"@type":"WebPage","@id":"https:\/\/www.marelago.it\/de\/camping-sulla-spiaggia\/","url":"https:\/\/www.marelago.it\/de\/camping-sulla-spiaggia\/","name":"Strand | Marelago Camping","isPartOf":{"@id":"https:\/\/www.marelago.it\/de\/#website"},"primaryImageOfPage":{"@id":"https:\/\/www.marelago.it\/de\/camping-sulla-spiaggia\/#primaryimage"},"image":{"@id":"https:\/\/www.marelago.it\/de\/camping-sulla-spiaggia\/#primaryimage"},"thumbnailUrl":"https:\/\/www.marelago.it\/wp-content\/uploads\/2023\/02\/img-sfondo-punti-forza.webp","datePublished":"2023-02-23T15:56:39+00:00","dateModified":"2023-04-07T13:30:36+00:00","description":"false","breadcrumb":{"@id":"https:\/\/www.marelago.it\/de\/camping-sulla-spiaggia\/#breadcrumb"},"inLanguage":"de","potentialAction":[{"@type":"ReadAction","target":["https:\/\/www.marelago.it\/de\/camping-sulla-spiaggia\/"]}]},{"@type":"ImageObject","inLanguage":"de","@id":"https:\/\/www.marelago.it\/de\/camping-sulla-spiaggia\/#primaryimage","url":"https:\/\/www.marelago.it\/wp-content\/uploads\/2023\/02\/img-sfondo-punti-forza.webp","contentUrl":"https:\/\/www.marelago.it\/wp-content\/uploads\/2023\/02\/img-sfondo-punti-forza.webp","width":1820,"height":1024},{"@type":"BreadcrumbList","@id":"https:\/\/www.marelago.it\/de\/camping-sulla-spiaggia\/#breadcrumb","itemListElement":[{"@type":"ListItem","position":1,"name":"Home","item":"https:\/\/www.marelago.it\/de\/"},{"@type":"ListItem","position":2,"name":"Strand"}]},{"@type":"WebSite","@id":"https:\/\/www.marelago.it\/de\/#website","url":"https:\/\/www.marelago.it\/de\/","name":"Camping Marelago","description":"Il vostro Campeggio a Caorle Lido Altanea","publisher":{"@id":"https:\/\/www.marelago.it\/de\/#organization"},"potentialAction":[{"@type":"SearchAction","target":{"@type":"EntryPoint","urlTemplate":"https:\/\/www.marelago.it\/de\/?s={search_term_string}"},"query-input":{"@type":"PropertyValueSpecification","valueRequired":true,"valueName":"search_term_string"}}],"inLanguage":"de"},{"@type":"Organization","@id":"https:\/\/www.marelago.it\/de\/#organization","name":"Camping Marelago","url":"https:\/\/www.marelago.it\/de\/","logo":{"@type":"ImageObject","inLanguage":"de","@id":"https:\/\/www.marelago.it\/de\/#\/schema\/logo\/image\/","url":"https:\/\/www.marelago.it\/wp-content\/uploads\/2023\/02\/camping-marelago-caorle-logo.png","contentUrl":"https:\/\/www.marelago.it\/wp-content\/uploads\/2023\/02\/camping-marelago-caorle-logo.png","width":169,"height":89,"caption":"Camping Marelago"},"image":{"@id":"https:\/\/www.marelago.it\/de\/#\/schema\/logo\/image\/"},"sameAs":["https:\/\/www.facebook.com\/campingmarelago\/"]}]}},"_links":{"self":[{"href":"https:\/\/www.marelago.it\/de\/wp-json\/wp\/v2\/pages\/1630","targetHints":{"allow":["GET"]}}],"collection":[{"href":"https:\/\/www.marelago.it\/de\/wp-json\/wp\/v2\/pages"}],"about":[{"href":"https:\/\/www.marelago.it\/de\/wp-json\/wp\/v2\/types\/page"}],"author":[{"embeddable":true,"href":"https:\/\/www.marelago.it\/de\/wp-json\/wp\/v2\/users\/1"}],"replies":[{"embeddable":true,"href":"https:\/\/www.marelago.it\/de\/wp-json\/wp\/v2\/comments?post=1630"}],"version-history":[{"count":4,"href":"https:\/\/www.marelago.it\/de\/wp-json\/wp\/v2\/pages\/1630\/revisions"}],"predecessor-version":[{"id":2935,"href":"https:\/\/www.marelago.it\/de\/wp-json\/wp\/v2\/pages\/1630\/revisions\/2935"}],"wp:featuredmedia":[{"embeddable":true,"href":"https:\/\/www.marelago.it\/de\/wp-json\/wp\/v2\/media\/148"}],"wp:attachment":[{"href":"https:\/\/www.marelago.it\/de\/wp-json\/wp\/v2\/media?parent=1630"}],"curies":[{"name":"wp","href":"https:\/\/api.w.org\/{rel}","templated":true}]}}