{"id":1324,"date":"2023-02-23T17:08:07","date_gmt":"2023-02-23T16:08:07","guid":{"rendered":"https:\/\/www.marelago.it\/galerie\/spiaggia-piscina\/"},"modified":"2023-03-24T16:47:22","modified_gmt":"2023-03-24T15:47:22","slug":"strand-und-pool","status":"publish","type":"page","link":"https:\/\/www.marelago.it\/de\/galerie\/strand-und-pool\/","title":{"rendered":"Strand und Pool"},"content":{"rendered":"\n<p>Der Campingplatz Marelago verf\u00fcgt \u00fcber einen Eintritt direkt am Meer; au\u00dferdem befindet sich im Herzen der Einrichtung der Poolbereich sowohl f\u00fcr Erwachsene als auch f\u00fcr Kinder, umgeben von Solarium, Liegen und Sonnenschirmen<\/p>\n","protected":false},"excerpt":{"rendered":"<p>Der Campingplatz Marelago verf\u00fcgt \u00fcber einen Eintritt direkt am Meer; au\u00dferdem befindet sich im Herzen der Einrichtung der Poolbereich sowohl f\u00fcr Erwachsene als auch f\u00fcr Kinder, umgeben von Solarium, Liegen und Sonnenschirmen<\/p>\n","protected":false},"author":1,"featured_media":1315,"parent":1149,"menu_order":0,"comment_status":"closed","ping_status":"closed","template":"template-gallery.php","meta":{"_acf_changed":false,"footnotes":""},"class_list":["post-1324","page","type-page","status-publish","has-post-thumbnail","hentry"],"acf":[],"yoast_head":"<!-- This site is optimized with the Yoast SEO plugin v26.7 - https:\/\/yoast.com\/wordpress\/plugins\/seo\/ -->\n<title>Strand und Pool | Marelago Camping<\/title>\n<meta name=\"description\" content=\"Der Campingplatz Marelago hat direkten Zugang zum Strand, zum Poolbereich, der von einem Solarium mit Liegest\u00fchlen und Sonnenschirmen\" \/>\n<meta name=\"robots\" content=\"index, follow, max-snippet:-1, max-image-preview:large, max-video-preview:-1\" \/>\n<link rel=\"canonical\" href=\"https:\/\/www.marelago.it\/de\/galerie\/strand-und-pool\/\" \/>\n<meta property=\"og:locale\" content=\"de_DE\" \/>\n<meta property=\"og:type\" content=\"article\" \/>\n<meta property=\"og:title\" content=\"Strand und Pool | Marelago Camping\" \/>\n<meta property=\"og:description\" content=\"Der Campingplatz Marelago hat direkten Zugang zum Strand, zum Poolbereich, der von einem Solarium mit Liegest\u00fchlen und Sonnenschirmen\" \/>\n<meta property=\"og:url\" content=\"https:\/\/www.marelago.it\/de\/galerie\/strand-und-pool\/\" \/>\n<meta property=\"og:site_name\" content=\"Marelago Camping\" \/>\n<meta property=\"article:publisher\" content=\"https:\/\/www.facebook.com\/campingmarelago\/\" \/>\n<meta property=\"article:modified_time\" content=\"2023-03-24T15:47:22+00:00\" \/>\n<meta property=\"og:image\" content=\"https:\/\/www.marelago.it\/wp-content\/uploads\/2023\/03\/pool_area_camping_marelago-2.webp\" \/>\n\t<meta property=\"og:image:width\" content=\"1900\" \/>\n\t<meta property=\"og:image:height\" content=\"1280\" \/>\n\t<meta property=\"og:image:type\" content=\"image\/webp\" \/>\n<meta name=\"twitter:card\" content=\"summary_large_image\" \/>\n<meta name=\"twitter:label1\" content=\"Gesch\u00e4tzte Lesezeit\" \/>\n\t<meta name=\"twitter:data1\" content=\"1\u00a0Minute\" \/>\n<script type=\"application\/ld+json\" class=\"yoast-schema-graph\">{\"@context\":\"https:\/\/schema.org\",\"@graph\":[{\"@type\":\"WebPage\",\"@id\":\"https:\/\/www.marelago.it\/de\/galerie\/strand-und-pool\/\",\"url\":\"https:\/\/www.marelago.it\/de\/galerie\/strand-und-pool\/\",\"name\":\"Strand und Pool | Marelago Camping\",\"isPartOf\":{\"@id\":\"https:\/\/www.marelago.it\/de\/#website\"},\"primaryImageOfPage\":{\"@id\":\"https:\/\/www.marelago.it\/de\/galerie\/strand-und-pool\/#primaryimage\"},\"image\":{\"@id\":\"https:\/\/www.marelago.it\/de\/galerie\/strand-und-pool\/#primaryimage\"},\"thumbnailUrl\":\"https:\/\/www.marelago.it\/wp-content\/uploads\/2023\/03\/pool_area_camping_marelago-2.webp\",\"datePublished\":\"2023-02-23T16:08:07+00:00\",\"dateModified\":\"2023-03-24T15:47:22+00:00\",\"description\":\"Der Campingplatz Marelago hat direkten Zugang zum Strand, zum Poolbereich, der von einem Solarium mit Liegest\u00fchlen und Sonnenschirmen\",\"breadcrumb\":{\"@id\":\"https:\/\/www.marelago.it\/de\/galerie\/strand-und-pool\/#breadcrumb\"},\"inLanguage\":\"de\",\"potentialAction\":[{\"@type\":\"ReadAction\",\"target\":[\"https:\/\/www.marelago.it\/de\/galerie\/strand-und-pool\/\"]}]},{\"@type\":\"ImageObject\",\"inLanguage\":\"de\",\"@id\":\"https:\/\/www.marelago.it\/de\/galerie\/strand-und-pool\/#primaryimage\",\"url\":\"https:\/\/www.marelago.it\/wp-content\/uploads\/2023\/03\/pool_area_camping_marelago-2.webp\",\"contentUrl\":\"https:\/\/www.marelago.it\/wp-content\/uploads\/2023\/03\/pool_area_camping_marelago-2.webp\",\"width\":1900,\"height\":1280},{\"@type\":\"BreadcrumbList\",\"@id\":\"https:\/\/www.marelago.it\/de\/galerie\/strand-und-pool\/#breadcrumb\",\"itemListElement\":[{\"@type\":\"ListItem\",\"position\":1,\"name\":\"Home\",\"item\":\"https:\/\/www.marelago.it\/de\/\"},{\"@type\":\"ListItem\",\"position\":2,\"name\":\"Galerie\",\"item\":\"https:\/\/www.marelago.it\/de\/galerie\/\"},{\"@type\":\"ListItem\",\"position\":3,\"name\":\"Strand und Pool\"}]},{\"@type\":\"WebSite\",\"@id\":\"https:\/\/www.marelago.it\/de\/#website\",\"url\":\"https:\/\/www.marelago.it\/de\/\",\"name\":\"Camping Marelago\",\"description\":\"Il vostro Campeggio a Caorle Lido Altanea\",\"publisher\":{\"@id\":\"https:\/\/www.marelago.it\/de\/#organization\"},\"potentialAction\":[{\"@type\":\"SearchAction\",\"target\":{\"@type\":\"EntryPoint\",\"urlTemplate\":\"https:\/\/www.marelago.it\/de\/?s={search_term_string}\"},\"query-input\":{\"@type\":\"PropertyValueSpecification\",\"valueRequired\":true,\"valueName\":\"search_term_string\"}}],\"inLanguage\":\"de\"},{\"@type\":\"Organization\",\"@id\":\"https:\/\/www.marelago.it\/de\/#organization\",\"name\":\"Camping Marelago\",\"url\":\"https:\/\/www.marelago.it\/de\/\",\"logo\":{\"@type\":\"ImageObject\",\"inLanguage\":\"de\",\"@id\":\"https:\/\/www.marelago.it\/de\/#\/schema\/logo\/image\/\",\"url\":\"https:\/\/www.marelago.it\/wp-content\/uploads\/2023\/02\/camping-marelago-caorle-logo.png\",\"contentUrl\":\"https:\/\/www.marelago.it\/wp-content\/uploads\/2023\/02\/camping-marelago-caorle-logo.png\",\"width\":169,\"height\":89,\"caption\":\"Camping Marelago\"},\"image\":{\"@id\":\"https:\/\/www.marelago.it\/de\/#\/schema\/logo\/image\/\"},\"sameAs\":[\"https:\/\/www.facebook.com\/campingmarelago\/\"]}]}<\/script>\n<!-- \/ Yoast SEO plugin. -->","yoast_head_json":{"title":"Strand und Pool | Marelago Camping","description":"Der Campingplatz Marelago hat direkten Zugang zum Strand, zum Poolbereich, der von einem Solarium mit Liegest\u00fchlen und Sonnenschirmen","robots":{"index":"index","follow":"follow","max-snippet":"max-snippet:-1","max-image-preview":"max-image-preview:large","max-video-preview":"max-video-preview:-1"},"canonical":"https:\/\/www.marelago.it\/de\/galerie\/strand-und-pool\/","og_locale":"de_DE","og_type":"article","og_title":"Strand und Pool | Marelago Camping","og_description":"Der Campingplatz Marelago hat direkten Zugang zum Strand, zum Poolbereich, der von einem Solarium mit Liegest\u00fchlen und Sonnenschirmen","og_url":"https:\/\/www.marelago.it\/de\/galerie\/strand-und-pool\/","og_site_name":"Marelago Camping","article_publisher":"https:\/\/www.facebook.com\/campingmarelago\/","article_modified_time":"2023-03-24T15:47:22+00:00","og_image":[{"width":1900,"height":1280,"url":"https:\/\/www.marelago.it\/wp-content\/uploads\/2023\/03\/pool_area_camping_marelago-2.webp","type":"image\/webp"}],"twitter_card":"summary_large_image","twitter_misc":{"Gesch\u00e4tzte Lesezeit":"1\u00a0Minute"},"schema":{"@context":"https:\/\/schema.org","@graph":[{"@type":"WebPage","@id":"https:\/\/www.marelago.it\/de\/galerie\/strand-und-pool\/","url":"https:\/\/www.marelago.it\/de\/galerie\/strand-und-pool\/","name":"Strand und Pool | Marelago Camping","isPartOf":{"@id":"https:\/\/www.marelago.it\/de\/#website"},"primaryImageOfPage":{"@id":"https:\/\/www.marelago.it\/de\/galerie\/strand-und-pool\/#primaryimage"},"image":{"@id":"https:\/\/www.marelago.it\/de\/galerie\/strand-und-pool\/#primaryimage"},"thumbnailUrl":"https:\/\/www.marelago.it\/wp-content\/uploads\/2023\/03\/pool_area_camping_marelago-2.webp","datePublished":"2023-02-23T16:08:07+00:00","dateModified":"2023-03-24T15:47:22+00:00","description":"Der Campingplatz Marelago hat direkten Zugang zum Strand, zum Poolbereich, der von einem Solarium mit Liegest\u00fchlen und Sonnenschirmen","breadcrumb":{"@id":"https:\/\/www.marelago.it\/de\/galerie\/strand-und-pool\/#breadcrumb"},"inLanguage":"de","potentialAction":[{"@type":"ReadAction","target":["https:\/\/www.marelago.it\/de\/galerie\/strand-und-pool\/"]}]},{"@type":"ImageObject","inLanguage":"de","@id":"https:\/\/www.marelago.it\/de\/galerie\/strand-und-pool\/#primaryimage","url":"https:\/\/www.marelago.it\/wp-content\/uploads\/2023\/03\/pool_area_camping_marelago-2.webp","contentUrl":"https:\/\/www.marelago.it\/wp-content\/uploads\/2023\/03\/pool_area_camping_marelago-2.webp","width":1900,"height":1280},{"@type":"BreadcrumbList","@id":"https:\/\/www.marelago.it\/de\/galerie\/strand-und-pool\/#breadcrumb","itemListElement":[{"@type":"ListItem","position":1,"name":"Home","item":"https:\/\/www.marelago.it\/de\/"},{"@type":"ListItem","position":2,"name":"Galerie","item":"https:\/\/www.marelago.it\/de\/galerie\/"},{"@type":"ListItem","position":3,"name":"Strand und Pool"}]},{"@type":"WebSite","@id":"https:\/\/www.marelago.it\/de\/#website","url":"https:\/\/www.marelago.it\/de\/","name":"Camping Marelago","description":"Il vostro Campeggio a Caorle Lido Altanea","publisher":{"@id":"https:\/\/www.marelago.it\/de\/#organization"},"potentialAction":[{"@type":"SearchAction","target":{"@type":"EntryPoint","urlTemplate":"https:\/\/www.marelago.it\/de\/?s={search_term_string}"},"query-input":{"@type":"PropertyValueSpecification","valueRequired":true,"valueName":"search_term_string"}}],"inLanguage":"de"},{"@type":"Organization","@id":"https:\/\/www.marelago.it\/de\/#organization","name":"Camping Marelago","url":"https:\/\/www.marelago.it\/de\/","logo":{"@type":"ImageObject","inLanguage":"de","@id":"https:\/\/www.marelago.it\/de\/#\/schema\/logo\/image\/","url":"https:\/\/www.marelago.it\/wp-content\/uploads\/2023\/02\/camping-marelago-caorle-logo.png","contentUrl":"https:\/\/www.marelago.it\/wp-content\/uploads\/2023\/02\/camping-marelago-caorle-logo.png","width":169,"height":89,"caption":"Camping Marelago"},"image":{"@id":"https:\/\/www.marelago.it\/de\/#\/schema\/logo\/image\/"},"sameAs":["https:\/\/www.facebook.com\/campingmarelago\/"]}]}},"_links":{"self":[{"href":"https:\/\/www.marelago.it\/de\/wp-json\/wp\/v2\/pages\/1324","targetHints":{"allow":["GET"]}}],"collection":[{"href":"https:\/\/www.marelago.it\/de\/wp-json\/wp\/v2\/pages"}],"about":[{"href":"https:\/\/www.marelago.it\/de\/wp-json\/wp\/v2\/types\/page"}],"author":[{"embeddable":true,"href":"https:\/\/www.marelago.it\/de\/wp-json\/wp\/v2\/users\/1"}],"replies":[{"embeddable":true,"href":"https:\/\/www.marelago.it\/de\/wp-json\/wp\/v2\/comments?post=1324"}],"version-history":[{"count":2,"href":"https:\/\/www.marelago.it\/de\/wp-json\/wp\/v2\/pages\/1324\/revisions"}],"predecessor-version":[{"id":1331,"href":"https:\/\/www.marelago.it\/de\/wp-json\/wp\/v2\/pages\/1324\/revisions\/1331"}],"up":[{"embeddable":true,"href":"https:\/\/www.marelago.it\/de\/wp-json\/wp\/v2\/pages\/1149"}],"wp:featuredmedia":[{"embeddable":true,"href":"https:\/\/www.marelago.it\/de\/wp-json\/wp\/v2\/media\/1315"}],"wp:attachment":[{"href":"https:\/\/www.marelago.it\/de\/wp-json\/wp\/v2\/media?parent=1324"}],"curies":[{"name":"wp","href":"https:\/\/api.w.org\/{rel}","templated":true}]}}