{"id":1192,"date":"2023-03-13T17:26:44","date_gmt":"2023-03-13T16:26:44","guid":{"rendered":"https:\/\/www.marelago.it\/galerie\/animazione\/"},"modified":"2023-03-24T13:07:04","modified_gmt":"2023-03-24T12:07:04","slug":"animation","status":"publish","type":"page","link":"https:\/\/www.marelago.it\/de\/galerie\/animation\/","title":{"rendered":"Animation"},"content":{"rendered":"\n<p>Im Marelago ist der Spa\u00df dank des sympathischen Animateurs garantiert, der Kinder und Erwachsene tags\u00fcber mit Aquagym, Spielen und T\u00e4nzen unterh\u00e4lt. Am Abend, nach dem fr\u00f6hlichen Babydance, geht das Vergn\u00fcgen mit den Darbietungen des Animationsteams in der nahe gelegenen Happy Arena weiter.<\/p>\n","protected":false},"excerpt":{"rendered":"<p>Im Marelago ist der Spa\u00df dank des sympathischen Animateurs garantiert, der Kinder und Erwachsene tags\u00fcber mit Aquagym, Spielen und T\u00e4nzen unterh\u00e4lt. Am Abend, nach dem fr\u00f6hlichen Babydance, geht das Vergn\u00fcgen mit den Darbietungen des Animationsteams in der nahe gelegenen Happy Arena weiter.<\/p>\n","protected":false},"author":1,"featured_media":1165,"parent":1149,"menu_order":0,"comment_status":"closed","ping_status":"closed","template":"template-gallery.php","meta":{"_acf_changed":false,"footnotes":""},"class_list":["post-1192","page","type-page","status-publish","has-post-thumbnail","hentry"],"acf":[],"yoast_head":"<!-- This site is optimized with the Yoast SEO plugin v26.7 - https:\/\/yoast.com\/wordpress\/plugins\/seo\/ -->\n<title>Animation | Marelago Camping<\/title>\n<meta name=\"robots\" content=\"index, follow, max-snippet:-1, max-image-preview:large, max-video-preview:-1\" \/>\n<link rel=\"canonical\" href=\"https:\/\/www.marelago.it\/de\/galerie\/animation\/\" \/>\n<meta property=\"og:locale\" content=\"de_DE\" \/>\n<meta property=\"og:type\" content=\"article\" \/>\n<meta property=\"og:title\" content=\"Animation | Marelago Camping\" \/>\n<meta property=\"og:description\" content=\"Im Marelago ist der Spa\u00df dank des sympathischen Animateurs garantiert, der Kinder und Erwachsene tags\u00fcber mit Aquagym, Spielen und T\u00e4nzen unterh\u00e4lt. Am Abend, nach dem fr\u00f6hlichen Babydance, geht das Vergn\u00fcgen mit den Darbietungen des Animationsteams in der nahe gelegenen Happy Arena weiter.\" \/>\n<meta property=\"og:url\" content=\"https:\/\/www.marelago.it\/de\/galerie\/animation\/\" \/>\n<meta property=\"og:site_name\" content=\"Marelago Camping\" \/>\n<meta property=\"article:publisher\" content=\"https:\/\/www.facebook.com\/campingmarelago\/\" \/>\n<meta property=\"article:modified_time\" content=\"2023-03-24T12:07:04+00:00\" \/>\n<meta property=\"og:image\" content=\"https:\/\/www.marelago.it\/wp-content\/uploads\/2023\/03\/animazione_camping_marelago-2.webp\" \/>\n\t<meta property=\"og:image:width\" content=\"1900\" \/>\n\t<meta property=\"og:image:height\" content=\"1280\" \/>\n\t<meta property=\"og:image:type\" content=\"image\/webp\" \/>\n<meta name=\"twitter:card\" content=\"summary_large_image\" \/>\n<meta name=\"twitter:label1\" content=\"Gesch\u00e4tzte Lesezeit\" \/>\n\t<meta name=\"twitter:data1\" content=\"1\u00a0Minute\" \/>\n<script type=\"application\/ld+json\" class=\"yoast-schema-graph\">{\"@context\":\"https:\/\/schema.org\",\"@graph\":[{\"@type\":\"WebPage\",\"@id\":\"https:\/\/www.marelago.it\/de\/galerie\/animation\/\",\"url\":\"https:\/\/www.marelago.it\/de\/galerie\/animation\/\",\"name\":\"Animation | Marelago Camping\",\"isPartOf\":{\"@id\":\"https:\/\/www.marelago.it\/de\/#website\"},\"primaryImageOfPage\":{\"@id\":\"https:\/\/www.marelago.it\/de\/galerie\/animation\/#primaryimage\"},\"image\":{\"@id\":\"https:\/\/www.marelago.it\/de\/galerie\/animation\/#primaryimage\"},\"thumbnailUrl\":\"https:\/\/www.marelago.it\/wp-content\/uploads\/2023\/03\/animazione_camping_marelago-2.webp\",\"datePublished\":\"2023-03-13T16:26:44+00:00\",\"dateModified\":\"2023-03-24T12:07:04+00:00\",\"breadcrumb\":{\"@id\":\"https:\/\/www.marelago.it\/de\/galerie\/animation\/#breadcrumb\"},\"inLanguage\":\"de\",\"potentialAction\":[{\"@type\":\"ReadAction\",\"target\":[\"https:\/\/www.marelago.it\/de\/galerie\/animation\/\"]}]},{\"@type\":\"ImageObject\",\"inLanguage\":\"de\",\"@id\":\"https:\/\/www.marelago.it\/de\/galerie\/animation\/#primaryimage\",\"url\":\"https:\/\/www.marelago.it\/wp-content\/uploads\/2023\/03\/animazione_camping_marelago-2.webp\",\"contentUrl\":\"https:\/\/www.marelago.it\/wp-content\/uploads\/2023\/03\/animazione_camping_marelago-2.webp\",\"width\":1900,\"height\":1280},{\"@type\":\"BreadcrumbList\",\"@id\":\"https:\/\/www.marelago.it\/de\/galerie\/animation\/#breadcrumb\",\"itemListElement\":[{\"@type\":\"ListItem\",\"position\":1,\"name\":\"Home\",\"item\":\"https:\/\/www.marelago.it\/de\/\"},{\"@type\":\"ListItem\",\"position\":2,\"name\":\"Galerie\",\"item\":\"https:\/\/www.marelago.it\/de\/galerie\/\"},{\"@type\":\"ListItem\",\"position\":3,\"name\":\"Animation\"}]},{\"@type\":\"WebSite\",\"@id\":\"https:\/\/www.marelago.it\/de\/#website\",\"url\":\"https:\/\/www.marelago.it\/de\/\",\"name\":\"Camping Marelago\",\"description\":\"Il vostro Campeggio a Caorle Lido Altanea\",\"publisher\":{\"@id\":\"https:\/\/www.marelago.it\/de\/#organization\"},\"potentialAction\":[{\"@type\":\"SearchAction\",\"target\":{\"@type\":\"EntryPoint\",\"urlTemplate\":\"https:\/\/www.marelago.it\/de\/?s={search_term_string}\"},\"query-input\":{\"@type\":\"PropertyValueSpecification\",\"valueRequired\":true,\"valueName\":\"search_term_string\"}}],\"inLanguage\":\"de\"},{\"@type\":\"Organization\",\"@id\":\"https:\/\/www.marelago.it\/de\/#organization\",\"name\":\"Camping Marelago\",\"url\":\"https:\/\/www.marelago.it\/de\/\",\"logo\":{\"@type\":\"ImageObject\",\"inLanguage\":\"de\",\"@id\":\"https:\/\/www.marelago.it\/de\/#\/schema\/logo\/image\/\",\"url\":\"https:\/\/www.marelago.it\/wp-content\/uploads\/2023\/02\/camping-marelago-caorle-logo.png\",\"contentUrl\":\"https:\/\/www.marelago.it\/wp-content\/uploads\/2023\/02\/camping-marelago-caorle-logo.png\",\"width\":169,\"height\":89,\"caption\":\"Camping Marelago\"},\"image\":{\"@id\":\"https:\/\/www.marelago.it\/de\/#\/schema\/logo\/image\/\"},\"sameAs\":[\"https:\/\/www.facebook.com\/campingmarelago\/\"]}]}<\/script>\n<!-- \/ Yoast SEO plugin. -->","yoast_head_json":{"title":"Animation | Marelago Camping","robots":{"index":"index","follow":"follow","max-snippet":"max-snippet:-1","max-image-preview":"max-image-preview:large","max-video-preview":"max-video-preview:-1"},"canonical":"https:\/\/www.marelago.it\/de\/galerie\/animation\/","og_locale":"de_DE","og_type":"article","og_title":"Animation | Marelago Camping","og_description":"Im Marelago ist der Spa\u00df dank des sympathischen Animateurs garantiert, der Kinder und Erwachsene tags\u00fcber mit Aquagym, Spielen und T\u00e4nzen unterh\u00e4lt. Am Abend, nach dem fr\u00f6hlichen Babydance, geht das Vergn\u00fcgen mit den Darbietungen des Animationsteams in der nahe gelegenen Happy Arena weiter.","og_url":"https:\/\/www.marelago.it\/de\/galerie\/animation\/","og_site_name":"Marelago Camping","article_publisher":"https:\/\/www.facebook.com\/campingmarelago\/","article_modified_time":"2023-03-24T12:07:04+00:00","og_image":[{"width":1900,"height":1280,"url":"https:\/\/www.marelago.it\/wp-content\/uploads\/2023\/03\/animazione_camping_marelago-2.webp","type":"image\/webp"}],"twitter_card":"summary_large_image","twitter_misc":{"Gesch\u00e4tzte Lesezeit":"1\u00a0Minute"},"schema":{"@context":"https:\/\/schema.org","@graph":[{"@type":"WebPage","@id":"https:\/\/www.marelago.it\/de\/galerie\/animation\/","url":"https:\/\/www.marelago.it\/de\/galerie\/animation\/","name":"Animation | Marelago Camping","isPartOf":{"@id":"https:\/\/www.marelago.it\/de\/#website"},"primaryImageOfPage":{"@id":"https:\/\/www.marelago.it\/de\/galerie\/animation\/#primaryimage"},"image":{"@id":"https:\/\/www.marelago.it\/de\/galerie\/animation\/#primaryimage"},"thumbnailUrl":"https:\/\/www.marelago.it\/wp-content\/uploads\/2023\/03\/animazione_camping_marelago-2.webp","datePublished":"2023-03-13T16:26:44+00:00","dateModified":"2023-03-24T12:07:04+00:00","breadcrumb":{"@id":"https:\/\/www.marelago.it\/de\/galerie\/animation\/#breadcrumb"},"inLanguage":"de","potentialAction":[{"@type":"ReadAction","target":["https:\/\/www.marelago.it\/de\/galerie\/animation\/"]}]},{"@type":"ImageObject","inLanguage":"de","@id":"https:\/\/www.marelago.it\/de\/galerie\/animation\/#primaryimage","url":"https:\/\/www.marelago.it\/wp-content\/uploads\/2023\/03\/animazione_camping_marelago-2.webp","contentUrl":"https:\/\/www.marelago.it\/wp-content\/uploads\/2023\/03\/animazione_camping_marelago-2.webp","width":1900,"height":1280},{"@type":"BreadcrumbList","@id":"https:\/\/www.marelago.it\/de\/galerie\/animation\/#breadcrumb","itemListElement":[{"@type":"ListItem","position":1,"name":"Home","item":"https:\/\/www.marelago.it\/de\/"},{"@type":"ListItem","position":2,"name":"Galerie","item":"https:\/\/www.marelago.it\/de\/galerie\/"},{"@type":"ListItem","position":3,"name":"Animation"}]},{"@type":"WebSite","@id":"https:\/\/www.marelago.it\/de\/#website","url":"https:\/\/www.marelago.it\/de\/","name":"Camping Marelago","description":"Il vostro Campeggio a Caorle Lido Altanea","publisher":{"@id":"https:\/\/www.marelago.it\/de\/#organization"},"potentialAction":[{"@type":"SearchAction","target":{"@type":"EntryPoint","urlTemplate":"https:\/\/www.marelago.it\/de\/?s={search_term_string}"},"query-input":{"@type":"PropertyValueSpecification","valueRequired":true,"valueName":"search_term_string"}}],"inLanguage":"de"},{"@type":"Organization","@id":"https:\/\/www.marelago.it\/de\/#organization","name":"Camping Marelago","url":"https:\/\/www.marelago.it\/de\/","logo":{"@type":"ImageObject","inLanguage":"de","@id":"https:\/\/www.marelago.it\/de\/#\/schema\/logo\/image\/","url":"https:\/\/www.marelago.it\/wp-content\/uploads\/2023\/02\/camping-marelago-caorle-logo.png","contentUrl":"https:\/\/www.marelago.it\/wp-content\/uploads\/2023\/02\/camping-marelago-caorle-logo.png","width":169,"height":89,"caption":"Camping Marelago"},"image":{"@id":"https:\/\/www.marelago.it\/de\/#\/schema\/logo\/image\/"},"sameAs":["https:\/\/www.facebook.com\/campingmarelago\/"]}]}},"_links":{"self":[{"href":"https:\/\/www.marelago.it\/de\/wp-json\/wp\/v2\/pages\/1192","targetHints":{"allow":["GET"]}}],"collection":[{"href":"https:\/\/www.marelago.it\/de\/wp-json\/wp\/v2\/pages"}],"about":[{"href":"https:\/\/www.marelago.it\/de\/wp-json\/wp\/v2\/types\/page"}],"author":[{"embeddable":true,"href":"https:\/\/www.marelago.it\/de\/wp-json\/wp\/v2\/users\/1"}],"replies":[{"embeddable":true,"href":"https:\/\/www.marelago.it\/de\/wp-json\/wp\/v2\/comments?post=1192"}],"version-history":[{"count":4,"href":"https:\/\/www.marelago.it\/de\/wp-json\/wp\/v2\/pages\/1192\/revisions"}],"predecessor-version":[{"id":1202,"href":"https:\/\/www.marelago.it\/de\/wp-json\/wp\/v2\/pages\/1192\/revisions\/1202"}],"up":[{"embeddable":true,"href":"https:\/\/www.marelago.it\/de\/wp-json\/wp\/v2\/pages\/1149"}],"wp:featuredmedia":[{"embeddable":true,"href":"https:\/\/www.marelago.it\/de\/wp-json\/wp\/v2\/media\/1165"}],"wp:attachment":[{"href":"https:\/\/www.marelago.it\/de\/wp-json\/wp\/v2\/media?parent=1192"}],"curies":[{"name":"wp","href":"https:\/\/api.w.org\/{rel}","templated":true}]}}