{"id":1149,"date":"2023-02-23T17:03:02","date_gmt":"2023-02-23T16:03:02","guid":{"rendered":"https:\/\/www.marelago.it\/gallery\/"},"modified":"2023-03-31T10:20:36","modified_gmt":"2023-03-31T08:20:36","slug":"galerie","status":"publish","type":"page","link":"https:\/\/www.marelago.it\/de\/galerie\/","title":{"rendered":"Galerie"},"content":{"rendered":"\n<p>Das im Gr\u00fcn der Natur eingetauchte und mit direktem Zutritt am Strand versehene Camping Marelago verf\u00fcgt \u00fcber Mobilheime und Stellpl\u00e4tze, die mit allen Serviceleistungen ausgestattet sind, um h\u00f6chsten Komfort zu gew\u00e4hrleisten. Kinder und Erwachsene finden viele Aktivit\u00e4ten, die f\u00fcr ihren Spa\u00df ausgedacht wurden: ein idealer Urlaub f\u00fcr die gesamte Familie!!<\/p>\n","protected":false},"excerpt":{"rendered":"<p>Das im Gr\u00fcn der Natur eingetauchte und mit direktem Zutritt am Strand versehene Camping Marelago verf\u00fcgt \u00fcber Mobilheime und Stellpl\u00e4tze, die mit allen Serviceleistungen ausgestattet sind, um h\u00f6chsten Komfort zu gew\u00e4hrleisten. Kinder und Erwachsene finden viele Aktivit\u00e4ten, die f\u00fcr ihren Spa\u00df ausgedacht wurden: ein idealer Urlaub f\u00fcr die gesamte Familie!!<\/p>\n","protected":false},"author":1,"featured_media":0,"parent":0,"menu_order":121,"comment_status":"closed","ping_status":"closed","template":"template-gallery.php","meta":{"_acf_changed":false,"footnotes":""},"class_list":["post-1149","page","type-page","status-publish","hentry"],"acf":[],"yoast_head":"<!-- This site is optimized with the Yoast SEO plugin v26.7 - https:\/\/yoast.com\/wordpress\/plugins\/seo\/ -->\n<title>Galerie | Marelago Camping<\/title>\n<meta name=\"description\" content=\"Camping Marelago ist von viel Gr\u00fcn umgeben und hat direkten Zugang zum Strand. Das macht es zum idealen Urlaubsziel f\u00fcr die ganze Familie!\" \/>\n<meta name=\"robots\" content=\"index, follow, max-snippet:-1, max-image-preview:large, max-video-preview:-1\" \/>\n<link rel=\"canonical\" href=\"https:\/\/www.marelago.it\/de\/galerie\/\" \/>\n<meta property=\"og:locale\" content=\"de_DE\" \/>\n<meta property=\"og:type\" content=\"article\" \/>\n<meta property=\"og:title\" content=\"Galerie | Marelago Camping\" \/>\n<meta property=\"og:description\" content=\"Camping Marelago ist von viel Gr\u00fcn umgeben und hat direkten Zugang zum Strand. Das macht es zum idealen Urlaubsziel f\u00fcr die ganze Familie!\" \/>\n<meta property=\"og:url\" content=\"https:\/\/www.marelago.it\/de\/galerie\/\" \/>\n<meta property=\"og:site_name\" content=\"Marelago Camping\" \/>\n<meta property=\"article:publisher\" content=\"https:\/\/www.facebook.com\/campingmarelago\/\" \/>\n<meta property=\"article:modified_time\" content=\"2023-03-31T08:20:36+00:00\" \/>\n<meta property=\"og:image\" content=\"https:\/\/www.marelago.it\/wp-content\/uploads\/2023\/02\/camping-marelago-caorle-logo.png\" \/>\n\t<meta property=\"og:image:width\" content=\"169\" \/>\n\t<meta property=\"og:image:height\" content=\"89\" \/>\n\t<meta property=\"og:image:type\" content=\"image\/png\" \/>\n<meta name=\"twitter:card\" content=\"summary_large_image\" \/>\n<meta name=\"twitter:label1\" content=\"Gesch\u00e4tzte Lesezeit\" \/>\n\t<meta name=\"twitter:data1\" content=\"1\u00a0Minute\" \/>\n<script type=\"application\/ld+json\" class=\"yoast-schema-graph\">{\"@context\":\"https:\/\/schema.org\",\"@graph\":[{\"@type\":\"WebPage\",\"@id\":\"https:\/\/www.marelago.it\/de\/galerie\/\",\"url\":\"https:\/\/www.marelago.it\/de\/galerie\/\",\"name\":\"Galerie | Marelago Camping\",\"isPartOf\":{\"@id\":\"https:\/\/www.marelago.it\/de\/#website\"},\"datePublished\":\"2023-02-23T16:03:02+00:00\",\"dateModified\":\"2023-03-31T08:20:36+00:00\",\"description\":\"Camping Marelago ist von viel Gr\u00fcn umgeben und hat direkten Zugang zum Strand. Das macht es zum idealen Urlaubsziel f\u00fcr die ganze Familie!\",\"breadcrumb\":{\"@id\":\"https:\/\/www.marelago.it\/de\/galerie\/#breadcrumb\"},\"inLanguage\":\"de\",\"potentialAction\":[{\"@type\":\"ReadAction\",\"target\":[\"https:\/\/www.marelago.it\/de\/galerie\/\"]}]},{\"@type\":\"BreadcrumbList\",\"@id\":\"https:\/\/www.marelago.it\/de\/galerie\/#breadcrumb\",\"itemListElement\":[{\"@type\":\"ListItem\",\"position\":1,\"name\":\"Home\",\"item\":\"https:\/\/www.marelago.it\/de\/\"},{\"@type\":\"ListItem\",\"position\":2,\"name\":\"Galerie\"}]},{\"@type\":\"WebSite\",\"@id\":\"https:\/\/www.marelago.it\/de\/#website\",\"url\":\"https:\/\/www.marelago.it\/de\/\",\"name\":\"Camping Marelago\",\"description\":\"Il vostro Campeggio a Caorle Lido Altanea\",\"publisher\":{\"@id\":\"https:\/\/www.marelago.it\/de\/#organization\"},\"potentialAction\":[{\"@type\":\"SearchAction\",\"target\":{\"@type\":\"EntryPoint\",\"urlTemplate\":\"https:\/\/www.marelago.it\/de\/?s={search_term_string}\"},\"query-input\":{\"@type\":\"PropertyValueSpecification\",\"valueRequired\":true,\"valueName\":\"search_term_string\"}}],\"inLanguage\":\"de\"},{\"@type\":\"Organization\",\"@id\":\"https:\/\/www.marelago.it\/de\/#organization\",\"name\":\"Camping Marelago\",\"url\":\"https:\/\/www.marelago.it\/de\/\",\"logo\":{\"@type\":\"ImageObject\",\"inLanguage\":\"de\",\"@id\":\"https:\/\/www.marelago.it\/de\/#\/schema\/logo\/image\/\",\"url\":\"https:\/\/www.marelago.it\/wp-content\/uploads\/2023\/02\/camping-marelago-caorle-logo.png\",\"contentUrl\":\"https:\/\/www.marelago.it\/wp-content\/uploads\/2023\/02\/camping-marelago-caorle-logo.png\",\"width\":169,\"height\":89,\"caption\":\"Camping Marelago\"},\"image\":{\"@id\":\"https:\/\/www.marelago.it\/de\/#\/schema\/logo\/image\/\"},\"sameAs\":[\"https:\/\/www.facebook.com\/campingmarelago\/\"]}]}<\/script>\n<!-- \/ Yoast SEO plugin. -->","yoast_head_json":{"title":"Galerie | Marelago Camping","description":"Camping Marelago ist von viel Gr\u00fcn umgeben und hat direkten Zugang zum Strand. Das macht es zum idealen Urlaubsziel f\u00fcr die ganze Familie!","robots":{"index":"index","follow":"follow","max-snippet":"max-snippet:-1","max-image-preview":"max-image-preview:large","max-video-preview":"max-video-preview:-1"},"canonical":"https:\/\/www.marelago.it\/de\/galerie\/","og_locale":"de_DE","og_type":"article","og_title":"Galerie | Marelago Camping","og_description":"Camping Marelago ist von viel Gr\u00fcn umgeben und hat direkten Zugang zum Strand. Das macht es zum idealen Urlaubsziel f\u00fcr die ganze Familie!","og_url":"https:\/\/www.marelago.it\/de\/galerie\/","og_site_name":"Marelago Camping","article_publisher":"https:\/\/www.facebook.com\/campingmarelago\/","article_modified_time":"2023-03-31T08:20:36+00:00","og_image":[{"width":169,"height":89,"url":"https:\/\/www.marelago.it\/wp-content\/uploads\/2023\/02\/camping-marelago-caorle-logo.png","type":"image\/png"}],"twitter_card":"summary_large_image","twitter_misc":{"Gesch\u00e4tzte Lesezeit":"1\u00a0Minute"},"schema":{"@context":"https:\/\/schema.org","@graph":[{"@type":"WebPage","@id":"https:\/\/www.marelago.it\/de\/galerie\/","url":"https:\/\/www.marelago.it\/de\/galerie\/","name":"Galerie | Marelago Camping","isPartOf":{"@id":"https:\/\/www.marelago.it\/de\/#website"},"datePublished":"2023-02-23T16:03:02+00:00","dateModified":"2023-03-31T08:20:36+00:00","description":"Camping Marelago ist von viel Gr\u00fcn umgeben und hat direkten Zugang zum Strand. Das macht es zum idealen Urlaubsziel f\u00fcr die ganze Familie!","breadcrumb":{"@id":"https:\/\/www.marelago.it\/de\/galerie\/#breadcrumb"},"inLanguage":"de","potentialAction":[{"@type":"ReadAction","target":["https:\/\/www.marelago.it\/de\/galerie\/"]}]},{"@type":"BreadcrumbList","@id":"https:\/\/www.marelago.it\/de\/galerie\/#breadcrumb","itemListElement":[{"@type":"ListItem","position":1,"name":"Home","item":"https:\/\/www.marelago.it\/de\/"},{"@type":"ListItem","position":2,"name":"Galerie"}]},{"@type":"WebSite","@id":"https:\/\/www.marelago.it\/de\/#website","url":"https:\/\/www.marelago.it\/de\/","name":"Camping Marelago","description":"Il vostro Campeggio a Caorle Lido Altanea","publisher":{"@id":"https:\/\/www.marelago.it\/de\/#organization"},"potentialAction":[{"@type":"SearchAction","target":{"@type":"EntryPoint","urlTemplate":"https:\/\/www.marelago.it\/de\/?s={search_term_string}"},"query-input":{"@type":"PropertyValueSpecification","valueRequired":true,"valueName":"search_term_string"}}],"inLanguage":"de"},{"@type":"Organization","@id":"https:\/\/www.marelago.it\/de\/#organization","name":"Camping Marelago","url":"https:\/\/www.marelago.it\/de\/","logo":{"@type":"ImageObject","inLanguage":"de","@id":"https:\/\/www.marelago.it\/de\/#\/schema\/logo\/image\/","url":"https:\/\/www.marelago.it\/wp-content\/uploads\/2023\/02\/camping-marelago-caorle-logo.png","contentUrl":"https:\/\/www.marelago.it\/wp-content\/uploads\/2023\/02\/camping-marelago-caorle-logo.png","width":169,"height":89,"caption":"Camping Marelago"},"image":{"@id":"https:\/\/www.marelago.it\/de\/#\/schema\/logo\/image\/"},"sameAs":["https:\/\/www.facebook.com\/campingmarelago\/"]}]}},"_links":{"self":[{"href":"https:\/\/www.marelago.it\/de\/wp-json\/wp\/v2\/pages\/1149","targetHints":{"allow":["GET"]}}],"collection":[{"href":"https:\/\/www.marelago.it\/de\/wp-json\/wp\/v2\/pages"}],"about":[{"href":"https:\/\/www.marelago.it\/de\/wp-json\/wp\/v2\/types\/page"}],"author":[{"embeddable":true,"href":"https:\/\/www.marelago.it\/de\/wp-json\/wp\/v2\/users\/1"}],"replies":[{"embeddable":true,"href":"https:\/\/www.marelago.it\/de\/wp-json\/wp\/v2\/comments?post=1149"}],"version-history":[{"count":2,"href":"https:\/\/www.marelago.it\/de\/wp-json\/wp\/v2\/pages\/1149\/revisions"}],"predecessor-version":[{"id":1155,"href":"https:\/\/www.marelago.it\/de\/wp-json\/wp\/v2\/pages\/1149\/revisions\/1155"}],"wp:attachment":[{"href":"https:\/\/www.marelago.it\/de\/wp-json\/wp\/v2\/media?parent=1149"}],"curies":[{"name":"wp","href":"https:\/\/api.w.org\/{rel}","templated":true}]}}