{"id":1101,"date":"2023-02-23T17:02:48","date_gmt":"2023-02-23T16:02:48","guid":{"rendered":"https:\/\/www.marelago.it\/esperienze-tt\/"},"modified":"2023-04-07T16:04:50","modified_gmt":"2023-04-07T14:04:50","slug":"caorle-ferienaktivitaten","status":"publish","type":"page","link":"https:\/\/www.marelago.it\/de\/caorle-ferienaktivitaten\/","title":{"rendered":"Erlebnisse"},"content":{"rendered":"\n<p>Die besten Aktivit\u00e4ten f\u00fcr einen Urlaub voller neuer Erfahrungen<\/p>\n\n\n\n<p>Ausfl\u00fcge, Touren, Veranstaltungen, Themenparks, Shows, Verkostungen, Museen und vieles mehr, um Ihren Aufenthalt auf Camping Marelago zu bereichern.<\/p>\n\n\n\n<p>Buchen Sie Ihre bevorzugten Aktivit\u00e4ten und kaufen Sie Tickets direkt zu vorteilhaften Preisen!<\/p>\n\n\n<div class=\"holli-container\"><div class=\"card\"><div class=\"card-inner\"><a class=\"card-image\" href=\"https:\/\/tickets-tours.com\/de\/activity\/gardaland-1-day-ticket-special-price-15?partnerId=0b33697d-ab01-487c-b9d9-86e1662251b5\" target=\"_blank\"><img decoding=\"async\" src=\"https:\/\/holliapp-data.s3.eu-central-1.amazonaws.com\/images\/18405\/conversions\/Gardaland-Garda-thumb.jpg\" style=\"height:140px\" alt=\"Gardaland 1 Day Ticket - Special Price\"\/><div class=\"card-price\" style=\"background-color:#f4a442\"><span class=\"discount\">&euro; 59.00<\/span>&euro; 44.00<\/div><\/a><div class=\"card-content\"><div class=\"badge\">Ticket<\/div><p>Gardaland 1 Day Ticket - Special Price<\/p><a href=\"https:\/\/tickets-tours.com\/de\/activity\/gardaland-1-day-ticket-special-price-15?partnerId=0b33697d-ab01-487c-b9d9-86e1662251b5\" class=\"button\" target=\"_blank\" style=\"background-color:#f4a442\">Finde mehr heraus<\/a><\/div><\/div><\/div><div class=\"card\"><div class=\"card-inner\"><a class=\"card-image\" href=\"https:\/\/tickets-tours.com\/de\/activity\/fast-cruise-to-venice-afternoon-islands-tour-2620?partnerId=0b33697d-ab01-487c-b9d9-86e1662251b5\" target=\"_blank\"><img decoding=\"async\" src=\"https:\/\/holliapp-data.s3.eu-central-1.amazonaws.com\/images\/18504\/conversions\/69683976_2371646623106153_9167353349643698176_n-thumb.jpg\" style=\"height:140px\" alt=\"Fast Cruise to Venice + Afternoon Islands Tour\"\/><div class=\"card-price\" style=\"background-color:#f4a442\">&euro; 26.50<\/div><\/a><div class=\"card-content\"><div class=\"badge\">Tour<\/div><p>Fast Cruise to Venice + Afternoon Islands Tour<\/p><a href=\"https:\/\/tickets-tours.com\/de\/activity\/fast-cruise-to-venice-afternoon-islands-tour-2620?partnerId=0b33697d-ab01-487c-b9d9-86e1662251b5\" class=\"button\" target=\"_blank\" style=\"background-color:#f4a442\">Finde mehr heraus<\/a><\/div><\/div><\/div><div class=\"card\"><div class=\"card-inner\"><a class=\"card-image\" href=\"https:\/\/tickets-tours.com\/de\/activity\/kayak-tour-venice-lagoon-falconera-island-2690?partnerId=0b33697d-ab01-487c-b9d9-86e1662251b5\" target=\"_blank\"><img decoding=\"async\" src=\"https:\/\/holliapp-data.s3.eu-central-1.amazonaws.com\/images\/19151\/conversions\/Immagine-WhatsApp-2025-05-16-ore-11.57.45_3d411115-thumb.jpg\" style=\"height:140px\" alt=\"Kayak Tour - Venice Lagoon & Falconera Island\"\/><div class=\"card-price\" style=\"background-color:#f4a442\">&euro; 40.00<\/div><\/a><div class=\"card-content\"><div class=\"badge\">Tour<\/div><p>Kayak Tour - Venice Lagoon & Falconera Island<\/p><a href=\"https:\/\/tickets-tours.com\/de\/activity\/kayak-tour-venice-lagoon-falconera-island-2690?partnerId=0b33697d-ab01-487c-b9d9-86e1662251b5\" class=\"button\" target=\"_blank\" style=\"background-color:#f4a442\">Finde mehr heraus<\/a><\/div><\/div><\/div><div class=\"card\"><div class=\"card-inner\"><a class=\"card-image\" href=\"https:\/\/tickets-tours.com\/de\/activity\/tickets-tours-gift-card-2740?partnerId=0b33697d-ab01-487c-b9d9-86e1662251b5\" target=\"_blank\"><img decoding=\"async\" src=\"https:\/\/holliapp-data.s3.eu-central-1.amazonaws.com\/images\/19613\/conversions\/T%26T-Giftcard-thumb.jpg\" style=\"height:140px\" alt=\"Tickets & Tours Gift Card\"\/><div class=\"card-price\" style=\"background-color:#f4a442\">&euro; 10.00<\/div><\/a><div class=\"card-content\"><div class=\"badge\">Ticket<\/div><p>Tickets & Tours Gift Card<\/p><a href=\"https:\/\/tickets-tours.com\/de\/activity\/tickets-tours-gift-card-2740?partnerId=0b33697d-ab01-487c-b9d9-86e1662251b5\" class=\"button\" target=\"_blank\" style=\"background-color:#f4a442\">Finde mehr heraus<\/a><\/div><\/div><\/div><div class=\"card\"><div class=\"card-inner\"><a class=\"card-image\" href=\"https:\/\/tickets-tours.com\/de\/activity\/wine-tour-at-castello-di-roncade-2235?partnerId=0b33697d-ab01-487c-b9d9-86e1662251b5\" target=\"_blank\"><img decoding=\"async\" src=\"https:\/\/holliapp-data.s3.eu-central-1.amazonaws.com\/images\/20316\/conversions\/Foto-prodotti%2866%29-thumb.jpg\" style=\"height:140px\" alt=\"Wine Tour at Castello di Roncade\"\/><div class=\"card-price\" style=\"background-color:#f4a442\"><span class=\"discount\">&euro; 35.00<\/span>&euro; 34.00<\/div><\/a><div class=\"card-content\"><div class=\"badge\">Tour<\/div><p>Wine Tour at Castello di Roncade<\/p><a href=\"https:\/\/tickets-tours.com\/de\/activity\/wine-tour-at-castello-di-roncade-2235?partnerId=0b33697d-ab01-487c-b9d9-86e1662251b5\" class=\"button\" target=\"_blank\" style=\"background-color:#f4a442\">Finde mehr heraus<\/a><\/div><\/div><\/div><div class=\"card\"><div class=\"card-inner\"><a class=\"card-image\" href=\"https:\/\/tickets-tours.com\/de\/activity\/mcarthurglen-designer-outlet-noventa-di-piave-free-10-discount-card-2248?partnerId=0b33697d-ab01-487c-b9d9-86e1662251b5\" target=\"_blank\"><img decoding=\"async\" src=\"https:\/\/holliapp-data.s3.eu-central-1.amazonaws.com\/images\/20279\/conversions\/LR_ALTRE_LOCATION_004-thumb.jpg\" style=\"height:140px\" alt=\"McArthurGlen Designer Outlet Noventa di Piave - Free 10% Discount Card\"\/><div class=\"card-price\" style=\"background-color:#f4a442\">&euro; 0.00<\/div><\/a><div class=\"card-content\"><div class=\"badge\">Voucher<\/div><p>McArthurGlen Designer Outlet Noventa di Piave - Free 10% Discount Card<\/p><a href=\"https:\/\/tickets-tours.com\/de\/activity\/mcarthurglen-designer-outlet-noventa-di-piave-free-10-discount-card-2248?partnerId=0b33697d-ab01-487c-b9d9-86e1662251b5\" class=\"button\" target=\"_blank\" style=\"background-color:#f4a442\">Finde mehr heraus<\/a><\/div><\/div><\/div><div class=\"card\"><div class=\"card-inner\"><a class=\"card-image\" href=\"https:\/\/tickets-tours.com\/de\/activity\/fast-cruise-to-venice-18?partnerId=0b33697d-ab01-487c-b9d9-86e1662251b5\" target=\"_blank\"><img decoding=\"async\" src=\"https:\/\/holliapp-data.s3.eu-central-1.amazonaws.com\/images\/18444\/conversions\/venice-boat-transfer-from-punta-sabbioni-thumb.jpg\" style=\"height:140px\" alt=\"Fast cruise to Venice\"\/><div class=\"card-price\" style=\"background-color:#f4a442\">&euro; 15.00<\/div><\/a><div class=\"card-content\"><div class=\"badge\">Ticket<\/div><p>Fast cruise to Venice<\/p><a href=\"https:\/\/tickets-tours.com\/de\/activity\/fast-cruise-to-venice-18?partnerId=0b33697d-ab01-487c-b9d9-86e1662251b5\" class=\"button\" target=\"_blank\" style=\"background-color:#f4a442\">Finde mehr heraus<\/a><\/div><\/div><\/div><div class=\"card\"><div class=\"card-inner\"><a class=\"card-image\" href=\"https:\/\/tickets-tours.com\/de\/activity\/3-islands-boat-tour-with-scenic-view-of-venice-from-treporti-2676?partnerId=0b33697d-ab01-487c-b9d9-86e1662251b5\" target=\"_blank\"><img decoding=\"async\" src=\"https:\/\/holliapp-data.s3.eu-central-1.amazonaws.com\/images\/19115\/conversions\/pexels-vladimirsrajber-29487518-thumb.jpg\" style=\"height:140px\" alt=\"3 Islands Boat Tour with Scenic View of Venice from Treporti\"\/><div class=\"card-price\" style=\"background-color:#f4a442\">&euro; 25.00<\/div><\/a><div class=\"card-content\"><div class=\"badge\">Tour<\/div><p>3 Islands Boat Tour with Scenic View of Venice from Treporti<\/p><a href=\"https:\/\/tickets-tours.com\/de\/activity\/3-islands-boat-tour-with-scenic-view-of-venice-from-treporti-2676?partnerId=0b33697d-ab01-487c-b9d9-86e1662251b5\" class=\"button\" target=\"_blank\" style=\"background-color:#f4a442\">Finde mehr heraus<\/a><\/div><\/div><\/div><div class=\"card\"><div class=\"card-inner\"><a class=\"card-image\" href=\"https:\/\/tickets-tours.com\/de\/activity\/caorle-beer-tasting-brewery-guided-visit-2717?partnerId=0b33697d-ab01-487c-b9d9-86e1662251b5\" target=\"_blank\"><img decoding=\"async\" src=\"https:\/\/holliapp-data.s3.eu-central-1.amazonaws.com\/images\/19363\/conversions\/_21A0052-thumb.jpg\" style=\"height:140px\" alt=\"Caorle: Beer Tasting + Brewery Guided Visit\"\/><div class=\"card-price\" style=\"background-color:#f4a442\">&euro; 20.00<\/div><\/a><div class=\"card-content\"><div class=\"badge\">Tour<\/div><p>Caorle: Beer Tasting + Brewery Guided Visit<\/p><a href=\"https:\/\/tickets-tours.com\/de\/activity\/caorle-beer-tasting-brewery-guided-visit-2717?partnerId=0b33697d-ab01-487c-b9d9-86e1662251b5\" class=\"button\" target=\"_blank\" style=\"background-color:#f4a442\">Finde mehr heraus<\/a><\/div><\/div><\/div><div class=\"card\"><div class=\"card-inner\"><a class=\"card-image\" href=\"https:\/\/tickets-tours.com\/de\/activity\/vespa-tour-prosecco-hills-59?partnerId=0b33697d-ab01-487c-b9d9-86e1662251b5\" target=\"_blank\"><img decoding=\"async\" src=\"https:\/\/holliapp-data.s3.eu-central-1.amazonaws.com\/images\/15674\/conversions\/Colesel-1-thumb.jpg\" style=\"height:140px\" alt=\"Vespa Tour - Prosecco Hills\"\/><div class=\"card-price\" style=\"background-color:#f4a442\"><span class=\"discount\">&euro; 69.00<\/span>&euro; 59.00<\/div><\/a><div class=\"card-content\"><div class=\"badge\">Tour<\/div><p>Vespa Tour - Prosecco Hills<\/p><a href=\"https:\/\/tickets-tours.com\/de\/activity\/vespa-tour-prosecco-hills-59?partnerId=0b33697d-ab01-487c-b9d9-86e1662251b5\" class=\"button\" target=\"_blank\" style=\"background-color:#f4a442\">Finde mehr heraus<\/a><\/div><\/div><\/div><div class=\"card\"><div class=\"card-inner\"><a class=\"card-image\" href=\"https:\/\/tickets-tours.com\/de\/activity\/daily-ticket-from-punta-sabbioni-venice-boat-tour-islands-murano-burano-free-parking-2719?partnerId=0b33697d-ab01-487c-b9d9-86e1662251b5\" target=\"_blank\"><img decoding=\"async\" src=\"https:\/\/holliapp-data.s3.eu-central-1.amazonaws.com\/images\/19846\/conversions\/pexels-photograph-12595991-thumb.jpg\" style=\"height:140px\" alt=\"DAILY TICKET FROM PUNTA SABBIONI: VENICE + BOAT TOUR ISLANDS (MURANO - BURANO) + FREE PARKING\"\/><div class=\"card-price\" style=\"background-color:#f4a442\">&euro; 32.00<\/div><\/a><div class=\"card-content\"><div class=\"badge\">Tour<\/div><p>DAILY TICKET FROM PUNTA SABBIONI: VENICE + BOAT TOUR ISLANDS (MURANO - BURANO) + FREE PARKING<\/p><a href=\"https:\/\/tickets-tours.com\/de\/activity\/daily-ticket-from-punta-sabbioni-venice-boat-tour-islands-murano-burano-free-parking-2719?partnerId=0b33697d-ab01-487c-b9d9-86e1662251b5\" class=\"button\" target=\"_blank\" style=\"background-color:#f4a442\">Finde mehr heraus<\/a><\/div><\/div><\/div><div class=\"card\"><div class=\"card-inner\"><a class=\"card-image\" href=\"https:\/\/tickets-tours.com\/de\/activity\/daily-ticket-from-punta-sabbioni-venice-boat-tour-islands-murano-burano-1962?partnerId=0b33697d-ab01-487c-b9d9-86e1662251b5\" target=\"_blank\"><img decoding=\"async\" src=\"https:\/\/holliapp-data.s3.eu-central-1.amazonaws.com\/images\/15284\/conversions\/Foto-combo-isole-thumb.jpg\" style=\"height:140px\" alt=\"DAILY TICKET FROM PUNTA SABBIONI: VENICE + BOAT TOUR ISLANDS (MURANO - BURANO)\"\/><div class=\"card-price\" style=\"background-color:#f4a442\">&euro; 30.00<\/div><\/a><div class=\"card-content\"><div class=\"badge\">Tour<\/div><p>DAILY TICKET FROM PUNTA SABBIONI: VENICE + BOAT TOUR ISLANDS (MURANO - BURANO)<\/p><a href=\"https:\/\/tickets-tours.com\/de\/activity\/daily-ticket-from-punta-sabbioni-venice-boat-tour-islands-murano-burano-1962?partnerId=0b33697d-ab01-487c-b9d9-86e1662251b5\" class=\"button\" target=\"_blank\" style=\"background-color:#f4a442\">Finde mehr heraus<\/a><\/div><\/div><\/div><\/ul>\n","protected":false},"excerpt":{"rendered":"<p>Die besten Aktivit\u00e4ten f\u00fcr einen Urlaub voller neuer Erfahrungen Ausfl\u00fcge, Touren, Veranstaltungen, Themenparks, Shows, Verkostungen, Museen und vieles mehr, um Ihren Aufenthalt auf Camping Marelago zu bereichern. Buchen Sie Ihre bevorzugten Aktivit\u00e4ten und kaufen Sie Tickets direkt zu vorteilhaften Preisen!<\/p>\n","protected":false},"author":1,"featured_media":0,"parent":0,"menu_order":111,"comment_status":"closed","ping_status":"closed","template":"","meta":{"_acf_changed":false,"footnotes":""},"class_list":["post-1101","page","type-page","status-publish","hentry"],"acf":[],"yoast_head":"<!-- This site is optimized with the Yoast SEO plugin v26.7 - https:\/\/yoast.com\/wordpress\/plugins\/seo\/ -->\n<title>Erlebnisse | Marelago Camping<\/title>\n<meta name=\"robots\" content=\"index, follow, max-snippet:-1, max-image-preview:large, max-video-preview:-1\" \/>\n<link rel=\"canonical\" href=\"https:\/\/www.marelago.it\/de\/caorle-ferienaktivitaten\/\" \/>\n<meta property=\"og:locale\" content=\"de_DE\" \/>\n<meta property=\"og:type\" content=\"article\" \/>\n<meta property=\"og:title\" content=\"Erlebnisse | Marelago Camping\" \/>\n<meta property=\"og:description\" content=\"Die besten Aktivit\u00e4ten f\u00fcr einen Urlaub voller neuer Erfahrungen Ausfl\u00fcge, Touren, Veranstaltungen, Themenparks, Shows, Verkostungen, Museen und vieles mehr, um Ihren Aufenthalt auf Camping Marelago zu bereichern. Buchen Sie Ihre bevorzugten Aktivit\u00e4ten und kaufen Sie Tickets direkt zu vorteilhaften Preisen!\" \/>\n<meta property=\"og:url\" content=\"https:\/\/www.marelago.it\/de\/caorle-ferienaktivitaten\/\" \/>\n<meta property=\"og:site_name\" content=\"Marelago Camping\" \/>\n<meta property=\"article:publisher\" content=\"https:\/\/www.facebook.com\/campingmarelago\/\" \/>\n<meta property=\"article:modified_time\" content=\"2023-04-07T14:04:50+00:00\" \/>\n<meta property=\"og:image\" content=\"https:\/\/www.marelago.it\/wp-content\/uploads\/2023\/02\/camping-marelago-caorle-logo.png\" \/>\n\t<meta property=\"og:image:width\" content=\"169\" \/>\n\t<meta property=\"og:image:height\" content=\"89\" \/>\n\t<meta property=\"og:image:type\" content=\"image\/png\" \/>\n<meta name=\"twitter:card\" content=\"summary_large_image\" \/>\n<meta name=\"twitter:label1\" content=\"Gesch\u00e4tzte Lesezeit\" \/>\n\t<meta name=\"twitter:data1\" content=\"1\u00a0Minute\" \/>\n<script type=\"application\/ld+json\" class=\"yoast-schema-graph\">{\"@context\":\"https:\/\/schema.org\",\"@graph\":[{\"@type\":\"WebPage\",\"@id\":\"https:\/\/www.marelago.it\/de\/caorle-ferienaktivitaten\/\",\"url\":\"https:\/\/www.marelago.it\/de\/caorle-ferienaktivitaten\/\",\"name\":\"Erlebnisse | Marelago Camping\",\"isPartOf\":{\"@id\":\"https:\/\/www.marelago.it\/de\/#website\"},\"datePublished\":\"2023-02-23T16:02:48+00:00\",\"dateModified\":\"2023-04-07T14:04:50+00:00\",\"breadcrumb\":{\"@id\":\"https:\/\/www.marelago.it\/de\/caorle-ferienaktivitaten\/#breadcrumb\"},\"inLanguage\":\"de\",\"potentialAction\":[{\"@type\":\"ReadAction\",\"target\":[\"https:\/\/www.marelago.it\/de\/caorle-ferienaktivitaten\/\"]}]},{\"@type\":\"BreadcrumbList\",\"@id\":\"https:\/\/www.marelago.it\/de\/caorle-ferienaktivitaten\/#breadcrumb\",\"itemListElement\":[{\"@type\":\"ListItem\",\"position\":1,\"name\":\"Home\",\"item\":\"https:\/\/www.marelago.it\/de\/\"},{\"@type\":\"ListItem\",\"position\":2,\"name\":\"Erlebnisse\"}]},{\"@type\":\"WebSite\",\"@id\":\"https:\/\/www.marelago.it\/de\/#website\",\"url\":\"https:\/\/www.marelago.it\/de\/\",\"name\":\"Camping Marelago\",\"description\":\"Il vostro Campeggio a Caorle Lido Altanea\",\"publisher\":{\"@id\":\"https:\/\/www.marelago.it\/de\/#organization\"},\"potentialAction\":[{\"@type\":\"SearchAction\",\"target\":{\"@type\":\"EntryPoint\",\"urlTemplate\":\"https:\/\/www.marelago.it\/de\/?s={search_term_string}\"},\"query-input\":{\"@type\":\"PropertyValueSpecification\",\"valueRequired\":true,\"valueName\":\"search_term_string\"}}],\"inLanguage\":\"de\"},{\"@type\":\"Organization\",\"@id\":\"https:\/\/www.marelago.it\/de\/#organization\",\"name\":\"Camping Marelago\",\"url\":\"https:\/\/www.marelago.it\/de\/\",\"logo\":{\"@type\":\"ImageObject\",\"inLanguage\":\"de\",\"@id\":\"https:\/\/www.marelago.it\/de\/#\/schema\/logo\/image\/\",\"url\":\"https:\/\/www.marelago.it\/wp-content\/uploads\/2023\/02\/camping-marelago-caorle-logo.png\",\"contentUrl\":\"https:\/\/www.marelago.it\/wp-content\/uploads\/2023\/02\/camping-marelago-caorle-logo.png\",\"width\":169,\"height\":89,\"caption\":\"Camping Marelago\"},\"image\":{\"@id\":\"https:\/\/www.marelago.it\/de\/#\/schema\/logo\/image\/\"},\"sameAs\":[\"https:\/\/www.facebook.com\/campingmarelago\/\"]}]}<\/script>\n<!-- \/ Yoast SEO plugin. -->","yoast_head_json":{"title":"Erlebnisse | Marelago Camping","robots":{"index":"index","follow":"follow","max-snippet":"max-snippet:-1","max-image-preview":"max-image-preview:large","max-video-preview":"max-video-preview:-1"},"canonical":"https:\/\/www.marelago.it\/de\/caorle-ferienaktivitaten\/","og_locale":"de_DE","og_type":"article","og_title":"Erlebnisse | Marelago Camping","og_description":"Die besten Aktivit\u00e4ten f\u00fcr einen Urlaub voller neuer Erfahrungen Ausfl\u00fcge, Touren, Veranstaltungen, Themenparks, Shows, Verkostungen, Museen und vieles mehr, um Ihren Aufenthalt auf Camping Marelago zu bereichern. Buchen Sie Ihre bevorzugten Aktivit\u00e4ten und kaufen Sie Tickets direkt zu vorteilhaften Preisen!","og_url":"https:\/\/www.marelago.it\/de\/caorle-ferienaktivitaten\/","og_site_name":"Marelago Camping","article_publisher":"https:\/\/www.facebook.com\/campingmarelago\/","article_modified_time":"2023-04-07T14:04:50+00:00","og_image":[{"width":169,"height":89,"url":"https:\/\/www.marelago.it\/wp-content\/uploads\/2023\/02\/camping-marelago-caorle-logo.png","type":"image\/png"}],"twitter_card":"summary_large_image","twitter_misc":{"Gesch\u00e4tzte Lesezeit":"1\u00a0Minute"},"schema":{"@context":"https:\/\/schema.org","@graph":[{"@type":"WebPage","@id":"https:\/\/www.marelago.it\/de\/caorle-ferienaktivitaten\/","url":"https:\/\/www.marelago.it\/de\/caorle-ferienaktivitaten\/","name":"Erlebnisse | Marelago Camping","isPartOf":{"@id":"https:\/\/www.marelago.it\/de\/#website"},"datePublished":"2023-02-23T16:02:48+00:00","dateModified":"2023-04-07T14:04:50+00:00","breadcrumb":{"@id":"https:\/\/www.marelago.it\/de\/caorle-ferienaktivitaten\/#breadcrumb"},"inLanguage":"de","potentialAction":[{"@type":"ReadAction","target":["https:\/\/www.marelago.it\/de\/caorle-ferienaktivitaten\/"]}]},{"@type":"BreadcrumbList","@id":"https:\/\/www.marelago.it\/de\/caorle-ferienaktivitaten\/#breadcrumb","itemListElement":[{"@type":"ListItem","position":1,"name":"Home","item":"https:\/\/www.marelago.it\/de\/"},{"@type":"ListItem","position":2,"name":"Erlebnisse"}]},{"@type":"WebSite","@id":"https:\/\/www.marelago.it\/de\/#website","url":"https:\/\/www.marelago.it\/de\/","name":"Camping Marelago","description":"Il vostro Campeggio a Caorle Lido Altanea","publisher":{"@id":"https:\/\/www.marelago.it\/de\/#organization"},"potentialAction":[{"@type":"SearchAction","target":{"@type":"EntryPoint","urlTemplate":"https:\/\/www.marelago.it\/de\/?s={search_term_string}"},"query-input":{"@type":"PropertyValueSpecification","valueRequired":true,"valueName":"search_term_string"}}],"inLanguage":"de"},{"@type":"Organization","@id":"https:\/\/www.marelago.it\/de\/#organization","name":"Camping Marelago","url":"https:\/\/www.marelago.it\/de\/","logo":{"@type":"ImageObject","inLanguage":"de","@id":"https:\/\/www.marelago.it\/de\/#\/schema\/logo\/image\/","url":"https:\/\/www.marelago.it\/wp-content\/uploads\/2023\/02\/camping-marelago-caorle-logo.png","contentUrl":"https:\/\/www.marelago.it\/wp-content\/uploads\/2023\/02\/camping-marelago-caorle-logo.png","width":169,"height":89,"caption":"Camping Marelago"},"image":{"@id":"https:\/\/www.marelago.it\/de\/#\/schema\/logo\/image\/"},"sameAs":["https:\/\/www.facebook.com\/campingmarelago\/"]}]}},"_links":{"self":[{"href":"https:\/\/www.marelago.it\/de\/wp-json\/wp\/v2\/pages\/1101","targetHints":{"allow":["GET"]}}],"collection":[{"href":"https:\/\/www.marelago.it\/de\/wp-json\/wp\/v2\/pages"}],"about":[{"href":"https:\/\/www.marelago.it\/de\/wp-json\/wp\/v2\/types\/page"}],"author":[{"embeddable":true,"href":"https:\/\/www.marelago.it\/de\/wp-json\/wp\/v2\/users\/1"}],"replies":[{"embeddable":true,"href":"https:\/\/www.marelago.it\/de\/wp-json\/wp\/v2\/comments?post=1101"}],"version-history":[{"count":14,"href":"https:\/\/www.marelago.it\/de\/wp-json\/wp\/v2\/pages\/1101\/revisions"}],"predecessor-version":[{"id":2957,"href":"https:\/\/www.marelago.it\/de\/wp-json\/wp\/v2\/pages\/1101\/revisions\/2957"}],"wp:attachment":[{"href":"https:\/\/www.marelago.it\/de\/wp-json\/wp\/v2\/media?parent=1101"}],"curies":[{"name":"wp","href":"https:\/\/api.w.org\/{rel}","templated":true}]}}